{"id":829,"date":"2025-03-05T09:58:10","date_gmt":"2025-03-05T09:58:10","guid":{"rendered":"https:\/\/edigit-project.eu\/about"},"modified":"2025-04-03T07:58:39","modified_gmt":"2025-04-03T07:58:39","slug":"about","status":"publish","type":"page","link":"https:\/\/edigit-project.eu\/pt-pt\/about","title":{"rendered":"About"},"content":{"rendered":"\t\t<div data-elementor-type=\"wp-page\" data-elementor-id=\"829\" class=\"elementor elementor-829 elementor-155\" data-elementor-post-type=\"page\">\n\t\t\t\t<div data-dce-background-image-url=\"https:\/\/edigit-project.eu\/wp-content\/uploads\/2025\/03\/EDIGIT-about-bg.png\" class=\"elementor-element elementor-element-76ee4ca e-flex e-con-boxed e-con e-child\" data-id=\"76ee4ca\" data-element_type=\"container\" data-e-type=\"container\" data-settings=\"{&quot;background_background&quot;:&quot;classic&quot;}\">\n\t\t\t\t\t<div class=\"e-con-inner\">\n\t\t\t\t<div class=\"elementor-element elementor-element-46baa14 elementor-widget__width-initial elementor-widget elementor-widget-heading\" data-id=\"46baa14\" data-element_type=\"widget\" data-e-type=\"widget\" data-widget_type=\"heading.default\">\n\t\t\t\t<div class=\"elementor-widget-container\">\n\t\t\t\t\t<h1 class=\"elementor-heading-title elementor-size-default\">Educa\u00e7\u00e3o e literacia digital para desenvolver talentos inclusivos<\/h1>\t\t\t\t<\/div>\n\t\t\t\t<\/div>\n\t\t\t\t<div class=\"elementor-element elementor-element-6b2adf6 elementor-widget__width-initial elementor-widget elementor-widget-text-editor\" data-id=\"6b2adf6\" data-element_type=\"widget\" data-e-type=\"widget\" data-widget_type=\"text-editor.default\">\n\t\t\t\t<div class=\"elementor-widget-container\">\n\t\t\t\t\t\t\t\t\t<p>O projeto EDIGIT trabalha com os setores da educa\u00e7\u00e3o, cuidados com pessoas com defici\u00eancia e tecnologia para capacitar educadores STEM com valores inclusivos para um futuro tecnol\u00f3gico acess\u00edvel.<\/p>\t\t\t\t\t\t\t\t<\/div>\n\t\t\t\t<\/div>\n\t\t<div class=\"elementor-element elementor-element-702d142 e-con-full e-flex e-con e-child\" data-id=\"702d142\" data-element_type=\"container\" data-e-type=\"container\">\n\t\t<div class=\"elementor-element elementor-element-025f3ba e-con-full e-flex e-con e-child\" data-id=\"025f3ba\" data-element_type=\"container\" data-e-type=\"container\">\n\t\t\t\t<div class=\"elementor-element elementor-element-88186d2 elementor-widget__width-initial elementor-widget elementor-widget-heading\" data-id=\"88186d2\" data-element_type=\"widget\" data-e-type=\"widget\" data-widget_type=\"heading.default\">\n\t\t\t\t<div class=\"elementor-widget-container\">\n\t\t\t\t\t<h5 class=\"elementor-heading-title elementor-size-default\"><span id=\"m-counter\">36<\/span><\/h5>\t\t\t\t<\/div>\n\t\t\t\t<\/div>\n\t\t\t\t<div class=\"elementor-element elementor-element-0ea0ec8 elementor-widget__width-initial elementor-widget elementor-widget-heading\" data-id=\"0ea0ec8\" data-element_type=\"widget\" data-e-type=\"widget\" data-widget_type=\"heading.default\">\n\t\t\t\t<div class=\"elementor-widget-container\">\n\t\t\t\t\t<div class=\"elementor-heading-title elementor-size-default\">meses<\/div>\t\t\t\t<\/div>\n\t\t\t\t<\/div>\n\t\t\t\t<\/div>\n\t\t<div class=\"elementor-element elementor-element-ebe2546 e-con-full e-flex e-con e-child\" data-id=\"ebe2546\" data-element_type=\"container\" data-e-type=\"container\">\n\t\t\t\t<div class=\"elementor-element elementor-element-170896d elementor-widget__width-initial elementor-widget elementor-widget-heading\" data-id=\"170896d\" data-element_type=\"widget\" data-e-type=\"widget\" data-widget_type=\"heading.default\">\n\t\t\t\t<div class=\"elementor-widget-container\">\n\t\t\t\t\t<h5 class=\"elementor-heading-title elementor-size-default\"><span id=\"p-counter\">7<\/span><\/h5>\t\t\t\t<\/div>\n\t\t\t\t<\/div>\n\t\t\t\t<div class=\"elementor-element elementor-element-cb58fe6 elementor-widget__width-initial elementor-widget elementor-widget-heading\" data-id=\"cb58fe6\" data-element_type=\"widget\" data-e-type=\"widget\" data-widget_type=\"heading.default\">\n\t\t\t\t<div class=\"elementor-widget-container\">\n\t\t\t\t\t<div class=\"elementor-heading-title elementor-size-default\">parceiros<\/div>\t\t\t\t<\/div>\n\t\t\t\t<\/div>\n\t\t\t\t<\/div>\n\t\t<div class=\"elementor-element elementor-element-d670bcc e-con-full e-flex e-con e-child\" data-id=\"d670bcc\" data-element_type=\"container\" data-e-type=\"container\">\n\t\t\t\t<div class=\"elementor-element elementor-element-616c4f9 elementor-widget__width-initial elementor-widget elementor-widget-heading\" data-id=\"616c4f9\" data-element_type=\"widget\" data-e-type=\"widget\" data-widget_type=\"heading.default\">\n\t\t\t\t<div class=\"elementor-widget-container\">\n\t\t\t\t\t<h5 class=\"elementor-heading-title elementor-size-default\"><span id=\"c-counter\">5<\/span><\/h5>\t\t\t\t<\/div>\n\t\t\t\t<\/div>\n\t\t\t\t<div class=\"elementor-element elementor-element-c229eee elementor-widget__width-initial elementor-widget elementor-widget-heading\" data-id=\"c229eee\" data-element_type=\"widget\" data-e-type=\"widget\" data-widget_type=\"heading.default\">\n\t\t\t\t<div class=\"elementor-widget-container\">\n\t\t\t\t\t<div class=\"elementor-heading-title elementor-size-default\">pa\u00edses<\/div>\t\t\t\t<\/div>\n\t\t\t\t<\/div>\n\t\t\t\t<\/div>\n\t\t\t\t<\/div>\n\t\t\t\t\t<\/div>\n\t\t\t\t<\/div>\n\t\t<div data-dce-background-image-url=\"https:\/\/edigit-project.eu\/wp-content\/uploads\/2025\/03\/EDIGIT-Logo-bg.svg\" class=\"elementor-element elementor-element-598c0a6 e-flex e-con-boxed e-con e-child\" data-id=\"598c0a6\" data-element_type=\"container\" data-e-type=\"container\" data-settings=\"{&quot;background_background&quot;:&quot;classic&quot;}\">\n\t\t\t\t\t<div class=\"e-con-inner\">\n\t\t\t\t<div class=\"elementor-element elementor-element-e8d1572 elementor-widget__width-initial elementor-widget elementor-widget-text-editor\" data-id=\"e8d1572\" data-element_type=\"widget\" data-e-type=\"widget\" data-widget_type=\"text-editor.default\">\n\t\t\t\t<div class=\"elementor-widget-container\">\n\t\t\t\t\t\t\t\t\t<p>A tecnologia est\u00e1 avan\u00e7ando a um ritmo sem precedentes, remodelando a maneira como vivemos, trabalhamos e nos envolvemos com a sociedade. No entanto, nem todos beneficiam igualmente da transi\u00e7\u00e3o digital. <\/p>\t\t\t\t\t\t\t\t<\/div>\n\t\t\t\t<\/div>\n\t\t\t\t<div class=\"elementor-element elementor-element-5096c4a elementor-widget__width-initial elementor-widget elementor-widget-text-editor\" data-id=\"5096c4a\" data-element_type=\"widget\" data-e-type=\"widget\" data-widget_type=\"text-editor.default\">\n\t\t\t\t<div class=\"elementor-widget-container\">\n\t\t\t\t\t\t\t\t\t<p>As pessoas com defici\u00eancia enfrentam barreiras significativas para aceder e utilizar a tecnologia devido \u00e0 falta de conce\u00e7\u00e3o inclusiva e de sensibiliza\u00e7\u00e3o entre os criadores de tecnologia. Esta clivagem digital n\u00e3o \u00e9 apenas um desafio, \u00e9 um apelo \u00e0 a\u00e7\u00e3o. <\/p><p>A EDIGIT responde a esta necessidade abordando a raiz do problema: a falta de uma perspetiva inclusiva para as pessoas com defici\u00eancia na educa\u00e7\u00e3o STEM. Se os futuros inovadores e programadores n\u00e3o forem expostos aos princ\u00edpios de acessibilidade numa fase precoce, a tecnologia continuar\u00e1 a ser concebida sem ter em conta as diversas necessidades de todos os utilizadores. Para colmatar esta lacuna, a EDIGIT dota os professores de ferramentas para integrar valores inclusivos na educa\u00e7\u00e3o STEM, garantindo que os alunos crescem e se tornam profissionais que compreendem a import\u00e2ncia da acessibilidade no desenvolvimento tecnol\u00f3gico.  <\/p>\t\t\t\t\t\t\t\t<\/div>\n\t\t\t\t<\/div>\n\t\t\t\t<div class=\"elementor-element elementor-element-6e5990e elementor-widget elementor-widget-text-editor\" data-id=\"6e5990e\" data-element_type=\"widget\" data-e-type=\"widget\" data-widget_type=\"text-editor.default\">\n\t\t\t\t<div class=\"elementor-widget-container\">\n\t\t\t\t\t\t\t\t\t<p>Esta iniciativa internacional baseia-se no sucesso do <a href=\"https:\/\/talentosinclusivos.citic.udc.es\/\" target=\"_blank\" rel=\"noopener\">Talentos Inclusivos<\/a>, um projeto desenvolvido pelo <a href=\"https:\/\/citic.udc.es\/\" target=\"_blank\" rel=\"noopener\">CITIC <\/a>(<a href=\"https:\/\/www.udc.es\/\" target=\"_blank\" rel=\"noopener\">Universidade da Corunha<\/a>) e <a href=\"https:\/\/aspacecoruna.org\/\" target=\"_blank\" rel=\"noopener\">ASPACE Coru\u00f1a<\/a>, apoiado pela <a href=\"https:\/\/www.fecyt.es\/\" target=\"_blank\" rel=\"noopener\">FECYT<\/a>. Ao longo de cinco edi\u00e7\u00f5es, o Talentos Inclusivos envolveu mais de 400 participantes \u2013 entre pessoas com paralisia cerebral, alunos e professores \u2013 em 22 escolas da Galiza, trabalhando em conjunto para desenvolver solu\u00e7\u00f5es tecnol\u00f3gicas do mundo real.<\/p>\t\t\t\t\t\t\t\t<\/div>\n\t\t\t\t<\/div>\n\t\t\t\t\t<\/div>\n\t\t\t\t<\/div>\n\t\t<div class=\"elementor-element elementor-element-af876ec e-flex e-con-boxed e-con e-child\" data-id=\"af876ec\" data-element_type=\"container\" data-e-type=\"container\" data-settings=\"{&quot;background_background&quot;:&quot;classic&quot;}\">\n\t\t\t\t\t<div class=\"e-con-inner\">\n\t\t\t\t<div class=\"elementor-element elementor-element-373171f elementor-absolute elementor-view-default elementor-widget elementor-widget-icon\" data-id=\"373171f\" data-element_type=\"widget\" data-e-type=\"widget\" data-settings=\"{&quot;_position&quot;:&quot;absolute&quot;}\" data-widget_type=\"icon.default\">\n\t\t\t\t<div class=\"elementor-widget-container\">\n\t\t\t\t\t\t\t<div class=\"elementor-icon-wrapper\">\n\t\t\t<div class=\"elementor-icon\">\n\t\t\t<svg xmlns=\"http:\/\/www.w3.org\/2000\/svg\" width=\"268\" height=\"313\" viewBox=\"0 0 268 313\" fill=\"none\"><path d=\"M35 277.804C38.5234 196.018 105 12.6622 244.364 38.466C383.727 64.2697 364.062 192.004 317 241.678C291.33 268.773 239 289.016 209 254C195.226 237.923 197.674 211.263 197.632 195.662\" stroke=\"#D9E021\" stroke-width=\"70\" stroke-linecap=\"round\"><\/path><\/svg>\t\t\t<\/div>\n\t\t<\/div>\n\t\t\t\t\t\t<\/div>\n\t\t\t\t<\/div>\n\t\t\t\t<div class=\"elementor-element elementor-element-89e93d4 elementor-widget elementor-widget-heading\" data-id=\"89e93d4\" data-element_type=\"widget\" data-e-type=\"widget\" data-widget_type=\"heading.default\">\n\t\t\t\t<div class=\"elementor-widget-container\">\n\t\t\t\t\t<h2 class=\"elementor-heading-title elementor-size-default\">Objectivos-chave<\/h2>\t\t\t\t<\/div>\n\t\t\t\t<\/div>\n\t\t<div class=\"elementor-element elementor-element-da3b837 e-con-full e-flex e-con e-child\" data-id=\"da3b837\" data-element_type=\"container\" data-e-type=\"container\">\n\t\t<div class=\"elementor-element elementor-element-eb79815 e-con-full e-flex e-con e-child\" data-id=\"eb79815\" data-element_type=\"container\" data-e-type=\"container\">\n\t\t\t\t<div class=\"elementor-element elementor-element-c2bb346 dce_masking-none elementor-widget elementor-widget-image\" data-id=\"c2bb346\" data-element_type=\"widget\" data-e-type=\"widget\" data-widget_type=\"image.default\">\n\t\t\t\t<div class=\"elementor-widget-container\">\n\t\t\t\t\t\t\t\t\t\t\t\t\t\t\t<img fetchpriority=\"high\" decoding=\"async\" width=\"768\" height=\"512\" src=\"https:\/\/edigit-project.eu\/wp-content\/uploads\/2025\/03\/EDIGIT-Key-objectives-1-768x512.jpg\" class=\"attachment-medium_large size-medium_large wp-image-672\" alt=\"\" srcset=\"https:\/\/edigit-project.eu\/wp-content\/uploads\/2025\/03\/EDIGIT-Key-objectives-1-768x512.jpg 768w, https:\/\/edigit-project.eu\/wp-content\/uploads\/2025\/03\/EDIGIT-Key-objectives-1-300x200.jpg 300w, https:\/\/edigit-project.eu\/wp-content\/uploads\/2025\/03\/EDIGIT-Key-objectives-1.jpg 843w\" sizes=\"(max-width: 768px) 100vw, 768px\" \/>\t\t\t\t\t\t\t\t\t\t\t\t\t\t\t<\/div>\n\t\t\t\t<\/div>\n\t\t\t\t<div class=\"elementor-element elementor-element-f35f2d7 elementor-widget elementor-widget-text-editor\" data-id=\"f35f2d7\" data-element_type=\"widget\" data-e-type=\"widget\" data-widget_type=\"text-editor.default\">\n\t\t\t\t<div class=\"elementor-widget-container\">\n\t\t\t\t\t\t\t\t\t<p>Desenvolver materiais de forma\u00e7\u00e3o para dotar professores e educadores das compet\u00eancias necess\u00e1rias para promover carreiras STEM respons\u00e1veis e introduzir pr\u00e1ticas inclusivas nessa educa\u00e7\u00e3o, incluindo workshops interativos com estudantes e pessoas com defici\u00eancia.<\/p>\t\t\t\t\t\t\t\t<\/div>\n\t\t\t\t<\/div>\n\t\t\t\t<\/div>\n\t\t<div class=\"elementor-element elementor-element-d31dcee e-con-full e-flex e-con e-child\" data-id=\"d31dcee\" data-element_type=\"container\" data-e-type=\"container\">\n\t\t\t\t<div class=\"elementor-element elementor-element-4be15df dce_masking-none elementor-widget elementor-widget-image\" data-id=\"4be15df\" data-element_type=\"widget\" data-e-type=\"widget\" data-widget_type=\"image.default\">\n\t\t\t\t<div class=\"elementor-widget-container\">\n\t\t\t\t\t\t\t\t\t\t\t\t\t\t\t<img decoding=\"async\" width=\"565\" height=\"847\" src=\"https:\/\/edigit-project.eu\/wp-content\/uploads\/2025\/03\/EDIGIT-Key-objectives-2.jpg\" class=\"attachment-medium_large size-medium_large wp-image-677\" alt=\"\" srcset=\"https:\/\/edigit-project.eu\/wp-content\/uploads\/2025\/03\/EDIGIT-Key-objectives-2.jpg 565w, https:\/\/edigit-project.eu\/wp-content\/uploads\/2025\/03\/EDIGIT-Key-objectives-2-200x300.jpg 200w\" sizes=\"(max-width: 565px) 100vw, 565px\" \/>\t\t\t\t\t\t\t\t\t\t\t\t\t\t\t<\/div>\n\t\t\t\t<\/div>\n\t\t\t\t<div class=\"elementor-element elementor-element-4c30d3a elementor-widget elementor-widget-text-editor\" data-id=\"4c30d3a\" data-element_type=\"widget\" data-e-type=\"widget\" data-widget_type=\"text-editor.default\">\n\t\t\t\t<div class=\"elementor-widget-container\">\n\t\t\t\t\t\t\t\t\t<p>Incentivar valores inclusivos nos alunos, implementando iniciativas pr\u00e1ticas focadas na inclus\u00e3o e sensibilizando para a vida quotidiana das pessoas com paralisia cerebral e outras defici\u00eancias.<\/p>\t\t\t\t\t\t\t\t<\/div>\n\t\t\t\t<\/div>\n\t\t\t\t<\/div>\n\t\t<div class=\"elementor-element elementor-element-3134d43 e-con-full e-flex e-con e-child\" data-id=\"3134d43\" data-element_type=\"container\" data-e-type=\"container\">\n\t\t\t\t<div class=\"elementor-element elementor-element-352b1d7 dce_masking-none elementor-widget elementor-widget-image\" data-id=\"352b1d7\" data-element_type=\"widget\" data-e-type=\"widget\" data-widget_type=\"image.default\">\n\t\t\t\t<div class=\"elementor-widget-container\">\n\t\t\t\t\t\t\t\t\t\t\t\t\t\t\t<img decoding=\"async\" width=\"768\" height=\"512\" src=\"https:\/\/edigit-project.eu\/wp-content\/uploads\/2025\/03\/EDIGIT-Key-objectives-3-768x512.jpg\" class=\"attachment-medium_large size-medium_large wp-image-682\" alt=\"\" srcset=\"https:\/\/edigit-project.eu\/wp-content\/uploads\/2025\/03\/EDIGIT-Key-objectives-3-768x512.jpg 768w, https:\/\/edigit-project.eu\/wp-content\/uploads\/2025\/03\/EDIGIT-Key-objectives-3-300x200.jpg 300w, https:\/\/edigit-project.eu\/wp-content\/uploads\/2025\/03\/EDIGIT-Key-objectives-3.jpg 847w\" sizes=\"(max-width: 768px) 100vw, 768px\" \/>\t\t\t\t\t\t\t\t\t\t\t\t\t\t\t<\/div>\n\t\t\t\t<\/div>\n\t\t\t\t<div class=\"elementor-element elementor-element-1383942 elementor-widget elementor-widget-text-editor\" data-id=\"1383942\" data-element_type=\"widget\" data-e-type=\"widget\" data-widget_type=\"text-editor.default\">\n\t\t\t\t<div class=\"elementor-widget-container\">\n\t\t\t\t\t\t\t\t\t<p>Promover carreiras STEM nas escolas atrav\u00e9s de abordagens criativas e colaborativas, garantindo a inclus\u00e3o e abordando ativamente as disparidades de g\u00e9nero na ci\u00eancia.<\/p>\t\t\t\t\t\t\t\t<\/div>\n\t\t\t\t<\/div>\n\t\t\t\t<\/div>\n\t\t<div class=\"elementor-element elementor-element-791e8ef e-con-full e-flex e-con e-child\" data-id=\"791e8ef\" data-element_type=\"container\" data-e-type=\"container\">\n\t\t\t\t<div class=\"elementor-element elementor-element-0f29f65 dce_masking-none elementor-widget elementor-widget-image\" data-id=\"0f29f65\" data-element_type=\"widget\" data-e-type=\"widget\" data-widget_type=\"image.default\">\n\t\t\t\t<div class=\"elementor-widget-container\">\n\t\t\t\t\t\t\t\t\t\t\t\t\t\t\t<img loading=\"lazy\" decoding=\"async\" width=\"768\" height=\"512\" src=\"https:\/\/edigit-project.eu\/wp-content\/uploads\/2025\/03\/EDIGIT-Key-objectives-4-768x512.jpg\" class=\"attachment-medium_large size-medium_large wp-image-687\" alt=\"\" srcset=\"https:\/\/edigit-project.eu\/wp-content\/uploads\/2025\/03\/EDIGIT-Key-objectives-4-768x512.jpg 768w, https:\/\/edigit-project.eu\/wp-content\/uploads\/2025\/03\/EDIGIT-Key-objectives-4-300x200.jpg 300w, https:\/\/edigit-project.eu\/wp-content\/uploads\/2025\/03\/EDIGIT-Key-objectives-4.jpg 847w\" sizes=\"(max-width: 768px) 100vw, 768px\" \/>\t\t\t\t\t\t\t\t\t\t\t\t\t\t\t<\/div>\n\t\t\t\t<\/div>\n\t\t\t\t<div class=\"elementor-element elementor-element-ee44a93 elementor-widget elementor-widget-text-editor\" data-id=\"ee44a93\" data-element_type=\"widget\" data-e-type=\"widget\" data-widget_type=\"text-editor.default\">\n\t\t\t\t<div class=\"elementor-widget-container\">\n\t\t\t\t\t\t\t\t\t<p>Aumentar o conhecimento e as compet\u00eancias CTEM entre os estudantes n\u00e3o universit\u00e1rios, promovendo simultaneamente a sensibiliza\u00e7\u00e3o para o valor societal da ci\u00eancia, bem como para os princ\u00edpios da Investiga\u00e7\u00e3o e Inova\u00e7\u00e3o Respons\u00e1veis, do Design Universal e da acessibilidade digital.<\/p>\t\t\t\t\t\t\t\t<\/div>\n\t\t\t\t<\/div>\n\t\t\t\t<\/div>\n\t\t<div class=\"elementor-element elementor-element-88b2ba0 e-con-full e-flex e-con e-child\" data-id=\"88b2ba0\" data-element_type=\"container\" data-e-type=\"container\">\n\t\t\t\t<div class=\"elementor-element elementor-element-05de11d dce_masking-none elementor-widget elementor-widget-image\" data-id=\"05de11d\" data-element_type=\"widget\" data-e-type=\"widget\" data-widget_type=\"image.default\">\n\t\t\t\t<div class=\"elementor-widget-container\">\n\t\t\t\t\t\t\t\t\t\t\t\t\t\t\t<img loading=\"lazy\" decoding=\"async\" width=\"678\" height=\"848\" src=\"https:\/\/edigit-project.eu\/wp-content\/uploads\/2025\/03\/EDIGIT-Key-objectives-5.jpg\" class=\"attachment-medium_large size-medium_large wp-image-692\" alt=\"\" srcset=\"https:\/\/edigit-project.eu\/wp-content\/uploads\/2025\/03\/EDIGIT-Key-objectives-5.jpg 678w, https:\/\/edigit-project.eu\/wp-content\/uploads\/2025\/03\/EDIGIT-Key-objectives-5-240x300.jpg 240w\" sizes=\"(max-width: 678px) 100vw, 678px\" \/>\t\t\t\t\t\t\t\t\t\t\t\t\t\t\t<\/div>\n\t\t\t\t<\/div>\n\t\t\t\t<div class=\"elementor-element elementor-element-f7a6bcf elementor-widget elementor-widget-text-editor\" data-id=\"f7a6bcf\" data-element_type=\"widget\" data-e-type=\"widget\" data-widget_type=\"text-editor.default\">\n\t\t\t\t<div class=\"elementor-widget-container\">\n\t\t\t\t\t\t\t\t\t<p>Fortalecer a colabora\u00e7\u00e3o entre os setores de cuidados com defici\u00eancia, educa\u00e7\u00e3o e tecnologia para impulsionar uma transforma\u00e7\u00e3o digital que seja acess\u00edvel, socialmente respons\u00e1vel e inclusivo para todos.<\/p>\t\t\t\t\t\t\t\t<\/div>\n\t\t\t\t<\/div>\n\t\t\t\t<\/div>\n\t\t\t\t<\/div>\n\t\t\t\t\t<\/div>\n\t\t\t\t<\/div>\n\t\t<div class=\"elementor-element elementor-element-8171dd4 e-flex e-con-boxed e-con e-child\" data-id=\"8171dd4\" data-element_type=\"container\" data-e-type=\"container\">\n\t\t\t\t\t<div class=\"e-con-inner\">\n\t\t\t\t<div class=\"elementor-element elementor-element-28cf0c0 elementor-absolute elementor-view-default elementor-widget elementor-widget-icon\" data-id=\"28cf0c0\" data-element_type=\"widget\" data-e-type=\"widget\" data-settings=\"{&quot;_position&quot;:&quot;absolute&quot;}\" data-widget_type=\"icon.default\">\n\t\t\t\t<div class=\"elementor-widget-container\">\n\t\t\t\t\t\t\t<div class=\"elementor-icon-wrapper\">\n\t\t\t<div class=\"elementor-icon\">\n\t\t\t<svg xmlns=\"http:\/\/www.w3.org\/2000\/svg\" width=\"200\" height=\"278\" viewBox=\"0 0 200 278\" fill=\"none\"><path d=\"M-7.59766 45.1917L127.597 232.809\" stroke=\"#22B573\" stroke-width=\"50\" stroke-linecap=\"round\"><\/path><path d=\"M153.82 71.4036L-33.7972 206.599\" stroke=\"#22B573\" stroke-width=\"50\" stroke-linecap=\"round\"><\/path><path d=\"M41.1532 252.08L78.8465 25.9201\" stroke=\"#22B573\" stroke-width=\"50\" stroke-linecap=\"round\"><\/path><path d=\"M-55.0001 119.833L175 158.167\" stroke=\"#22B573\" stroke-width=\"50\" stroke-linecap=\"round\"><\/path><\/svg>\t\t\t<\/div>\n\t\t<\/div>\n\t\t\t\t\t\t<\/div>\n\t\t\t\t<\/div>\n\t\t\t\t<div class=\"elementor-element elementor-element-af47fa1 elementor-widget elementor-widget-heading\" data-id=\"af47fa1\" data-element_type=\"widget\" data-e-type=\"widget\" data-widget_type=\"heading.default\">\n\t\t\t\t<div class=\"elementor-widget-container\">\n\t\t\t\t\t<h2 class=\"elementor-heading-title elementor-size-default\">O que \u00e9 o Erasmus+?<\/h2>\t\t\t\t<\/div>\n\t\t\t\t<\/div>\n\t\t\t\t<div class=\"elementor-element elementor-element-bd03b92 elementor-widget__width-initial elementor-widget elementor-widget-text-editor\" data-id=\"bd03b92\" data-element_type=\"widget\" data-e-type=\"widget\" data-widget_type=\"text-editor.default\">\n\t\t\t\t<div class=\"elementor-widget-container\">\n\t\t\t\t\t\t\t\t\t<p>O Erasmus+ \u00e9 o programa da Uni\u00e3o Europeia concebido para apoiar a educa\u00e7\u00e3o, a forma\u00e7\u00e3o, a juventude e o desporto em toda a Europa.<\/p>\t\t\t\t\t\t\t\t<\/div>\n\t\t\t\t<\/div>\n\t\t\t\t<div class=\"elementor-element elementor-element-aded977 elementor-widget__width-initial elementor-widget elementor-widget-text-editor\" data-id=\"aded977\" data-element_type=\"widget\" data-e-type=\"widget\" data-widget_type=\"text-editor.default\">\n\t\t\t\t<div class=\"elementor-widget-container\">\n\t\t\t\t\t\t\t\t\t<p>Visite o site oficial para saber mais.O programa 2021-2027 d\u00e1 prioridade \u00e0 inclus\u00e3o social, \u00e0 sustentabilidade, \u00e0 transforma\u00e7\u00e3o digital e \u00e0 promo\u00e7\u00e3o do envolvimento dos jovens na vida democr\u00e1tica.<br>Est\u00e1 alinhada com as principais iniciativas da UE, incluindo o Espa\u00e7o Europeu da Educa\u00e7\u00e3o, o Plano de A\u00e7\u00e3o para a Educa\u00e7\u00e3o Digital e a Agenda Europeia de Compet\u00eancias.<br>Visite o <a href=\"https:\/\/erasmus-plus.ec.europa.eu\/\" target=\"_blank\" rel=\"noopener\">site oficial<\/a> para saber mais.<\/p>\t\t\t\t\t\t\t\t<\/div>\n\t\t\t\t<\/div>\n\t\t\t\t<div class=\"elementor-element elementor-element-cbabc1b elementor-widget__width-initial dce_masking-none elementor-widget elementor-widget-image\" data-id=\"cbabc1b\" data-element_type=\"widget\" data-e-type=\"widget\" data-widget_type=\"image.default\">\n\t\t\t\t<div class=\"elementor-widget-container\">\n\t\t\t\t\t\t\t\t\t\t\t\t\t\t\t<img loading=\"lazy\" decoding=\"async\" width=\"800\" height=\"168\" src=\"https:\/\/edigit-project.eu\/wp-content\/uploads\/2025\/03\/EN-Co-Funded-by-the-EU_POS-1024x215.png\" class=\"attachment-large size-large wp-image-662\" alt=\"\" srcset=\"https:\/\/edigit-project.eu\/wp-content\/uploads\/2025\/03\/EN-Co-Funded-by-the-EU_POS-1024x215.png 1024w, https:\/\/edigit-project.eu\/wp-content\/uploads\/2025\/03\/EN-Co-Funded-by-the-EU_POS-300x63.png 300w, https:\/\/edigit-project.eu\/wp-content\/uploads\/2025\/03\/EN-Co-Funded-by-the-EU_POS-768x161.png 768w, https:\/\/edigit-project.eu\/wp-content\/uploads\/2025\/03\/EN-Co-Funded-by-the-EU_POS-1536x322.png 1536w, https:\/\/edigit-project.eu\/wp-content\/uploads\/2025\/03\/EN-Co-Funded-by-the-EU_POS-2048x430.png 2048w\" sizes=\"(max-width: 800px) 100vw, 800px\" \/>\t\t\t\t\t\t\t\t\t\t\t\t\t\t\t<\/div>\n\t\t\t\t<\/div>\n\t\t\t\t\t<\/div>\n\t\t\t\t<\/div>\n\t\t\t\t<\/div>\n\t\t","protected":false},"excerpt":{"rendered":"<p>Educa\u00e7\u00e3o e literacia digital para desenvolver talentos inclusivos O projeto EDIGIT trabalha com os setores da educa\u00e7\u00e3o, cuidados com pessoas com defici\u00eancia e tecnologia para capacitar educadores STEM com valores inclusivos para um futuro tecnol\u00f3gico acess\u00edvel. 36 meses 7 parceiros 5 pa\u00edses A tecnologia est\u00e1 avan\u00e7ando a um ritmo sem precedentes, remodelando a maneira como [&hellip;]<\/p>\n","protected":false},"author":1,"featured_media":0,"parent":0,"menu_order":0,"comment_status":"closed","ping_status":"closed","template":"elementor_header_footer","meta":{"_acf_changed":false,"footnotes":""},"class_list":["post-829","page","type-page","status-publish","hentry"],"acf":[],"_links":{"self":[{"href":"https:\/\/edigit-project.eu\/pt-pt\/wp-json\/wp\/v2\/pages\/829","targetHints":{"allow":["GET"]}}],"collection":[{"href":"https:\/\/edigit-project.eu\/pt-pt\/wp-json\/wp\/v2\/pages"}],"about":[{"href":"https:\/\/edigit-project.eu\/pt-pt\/wp-json\/wp\/v2\/types\/page"}],"author":[{"embeddable":true,"href":"https:\/\/edigit-project.eu\/pt-pt\/wp-json\/wp\/v2\/users\/1"}],"replies":[{"embeddable":true,"href":"https:\/\/edigit-project.eu\/pt-pt\/wp-json\/wp\/v2\/comments?post=829"}],"version-history":[{"count":3,"href":"https:\/\/edigit-project.eu\/pt-pt\/wp-json\/wp\/v2\/pages\/829\/revisions"}],"predecessor-version":[{"id":852,"href":"https:\/\/edigit-project.eu\/pt-pt\/wp-json\/wp\/v2\/pages\/829\/revisions\/852"}],"wp:attachment":[{"href":"https:\/\/edigit-project.eu\/pt-pt\/wp-json\/wp\/v2\/media?parent=829"}],"curies":[{"name":"wp","href":"https:\/\/api.w.org\/{rel}","templated":true}]}}