{"id":1192,"date":"2025-03-05T11:19:39","date_gmt":"2025-03-05T11:19:39","guid":{"rendered":"https:\/\/edigit-project.eu\/politica-de-privacidade"},"modified":"2025-08-14T07:42:44","modified_gmt":"2025-08-14T07:42:44","slug":"politica-de-privacidade","status":"publish","type":"page","link":"https:\/\/edigit-project.eu\/pt-pt\/politica-de-privacidade","title":{"rendered":"Pol\u00edtica de Privacidade"},"content":{"rendered":"\t\t<div data-elementor-type=\"wp-page\" data-elementor-id=\"1192\" class=\"elementor elementor-1192 elementor-212\" data-elementor-post-type=\"page\">\n\t\t\t\t<div data-dce-background-image-url=\"https:\/\/edigit-project.eu\/wp-content\/uploads\/2025\/03\/EDIGIT-about-bg.png\" class=\"elementor-element elementor-element-a5a8a6e e-flex e-con-boxed e-con e-child\" data-id=\"a5a8a6e\" data-element_type=\"container\" data-e-type=\"container\" data-settings=\"{&quot;background_background&quot;:&quot;classic&quot;}\">\n\t\t\t\t\t<div class=\"e-con-inner\">\n\t\t\t\t\t<\/div>\n\t\t\t\t<\/div>\n\t\t<div class=\"elementor-element elementor-element-e55e798 e-flex e-con-boxed e-con e-child\" data-id=\"e55e798\" data-element_type=\"container\" data-e-type=\"container\" data-settings=\"{&quot;background_background&quot;:&quot;classic&quot;}\">\n\t\t\t\t\t<div class=\"e-con-inner\">\n\t\t\t\t<div class=\"elementor-element elementor-element-a00cb30 elementor-widget elementor-widget-text-editor\" data-id=\"a00cb30\" data-element_type=\"widget\" data-e-type=\"widget\" data-widget_type=\"text-editor.default\">\n\t\t\t\t<div class=\"elementor-widget-container\">\n\t\t\t\t\t\t\t\t\t<p>No EDIGIT levamos muito a s\u00e9rio a prote\u00e7\u00e3o de seus dados pessoais. O nosso objetivo \u00e9 proteger a privacidade dos dados que nos fornece e cumprir com as normas vigentes sobre prote\u00e7\u00e3o de dados pessoais. <\/p><p>Em cumprimento \u00e0 Lei 3\/2018 de 5 de dezembro, de Prote\u00e7\u00e3o de Dados Pessoais e Garantia de Direitos Digitais que transp\u00f5e o Regulamento (UE) 2016\/679, informamos sobre a nossa pol\u00edtica de privacidade e prote\u00e7\u00e3o de dados:<\/p>\t\t\t\t\t\t\t\t<\/div>\n\t\t\t\t<\/div>\n\t\t\t\t<div class=\"elementor-element elementor-element-48f2668 elementor-widget elementor-widget-heading\" data-id=\"48f2668\" data-element_type=\"widget\" data-e-type=\"widget\" data-widget_type=\"heading.default\">\n\t\t\t\t<div class=\"elementor-widget-container\">\n\t\t\t\t\t<h3 class=\"elementor-heading-title elementor-size-default\">Quem \u00e9 respons\u00e1vel pelo tratamento dos seus dados?<\/h3>\t\t\t\t<\/div>\n\t\t\t\t<\/div>\n\t\t\t\t<div class=\"elementor-element elementor-element-b4b62b2 elementor-widget elementor-widget-text-editor\" data-id=\"b4b62b2\" data-element_type=\"widget\" data-e-type=\"widget\" data-widget_type=\"text-editor.default\">\n\t\t\t\t<div class=\"elementor-widget-container\">\n\t\t\t\t\t\t\t\t\t<p>A entidade respons\u00e1vel pelos seus dados \u00e9 <strong>Universidade Da Coru\u00f1a<\/strong>. Esta \u00e9 uma <strong>higher education institution<\/strong> localizada em <strong>A Coru\u00f1a, Spain<\/strong>. <\/p>\t\t\t\t\t\t\t\t<\/div>\n\t\t\t\t<\/div>\n\t\t\t\t\t<\/div>\n\t\t\t\t<\/div>\n\t\t<div class=\"elementor-element elementor-element-83a935b e-flex e-con-boxed e-con e-child\" data-id=\"83a935b\" data-element_type=\"container\" data-e-type=\"container\" data-settings=\"{&quot;background_background&quot;:&quot;classic&quot;}\">\n\t\t\t\t\t<div class=\"e-con-inner\">\n\t\t<div class=\"elementor-element elementor-element-ad779b8 e-con-full e-flex e-con e-child\" data-id=\"ad779b8\" data-element_type=\"container\" data-e-type=\"container\">\n\t\t<div class=\"elementor-element elementor-element-6ad88f7 e-con-full e-flex e-con e-child\" data-id=\"6ad88f7\" data-element_type=\"container\" data-e-type=\"container\" data-settings=\"{&quot;background_background&quot;:&quot;classic&quot;}\">\n\t\t\t\t<div data-dce-title-color=\"#2B2B49\" class=\"elementor-element elementor-element-977366a elementor-widget__width-initial elementor-widget elementor-widget-heading\" data-id=\"977366a\" data-element_type=\"widget\" data-e-type=\"widget\" data-widget_type=\"heading.default\">\n\t\t\t\t<div class=\"elementor-widget-container\">\n\t\t\t\t\t<div class=\"elementor-heading-title elementor-size-default\">Endere\u00e7o<\/div>\t\t\t\t<\/div>\n\t\t\t\t<\/div>\n\t\t\t\t<div class=\"elementor-element elementor-element-bd4f588 elementor-widget__width-initial elementor-widget elementor-widget-heading\" data-id=\"bd4f588\" data-element_type=\"widget\" data-e-type=\"widget\" data-widget_type=\"heading.default\">\n\t\t\t\t<div class=\"elementor-widget-container\">\n\t\t\t\t\t<div class=\"elementor-heading-title elementor-size-default\">R\u00faa da Maestranza 9, 15001 A Coru\u00f1a<\/div>\t\t\t\t<\/div>\n\t\t\t\t<\/div>\n\t\t\t\t<\/div>\n\t\t<div class=\"elementor-element elementor-element-16125a7 e-flex e-con-boxed e-con e-child\" data-id=\"16125a7\" data-element_type=\"container\" data-e-type=\"container\">\n\t\t\t\t\t<div class=\"e-con-inner\">\n\t\t\t\t<div data-dce-title-color=\"#2B2B49\" class=\"elementor-element elementor-element-83e71cc elementor-widget__width-initial elementor-widget elementor-widget-heading\" data-id=\"83e71cc\" data-element_type=\"widget\" data-e-type=\"widget\" data-widget_type=\"heading.default\">\n\t\t\t\t<div class=\"elementor-widget-container\">\n\t\t\t\t\t<div class=\"elementor-heading-title elementor-size-default\">Email de contato<\/div>\t\t\t\t<\/div>\n\t\t\t\t<\/div>\n\t\t\t\t<div class=\"elementor-element elementor-element-b34e016 elementor-widget__width-initial elementor-widget elementor-widget-heading\" data-id=\"b34e016\" data-element_type=\"widget\" data-e-type=\"widget\" data-widget_type=\"heading.default\">\n\t\t\t\t<div class=\"elementor-widget-container\">\n\t\t\t\t\t<div class=\"elementor-heading-title elementor-size-default\"><a href=\"mailto:secretaria.xeral@udc.gal\">secretaria.xeral@udc.gal<\/a><\/div>\t\t\t\t<\/div>\n\t\t\t\t<\/div>\n\t\t\t\t\t<\/div>\n\t\t\t\t<\/div>\n\t\t<div class=\"elementor-element elementor-element-a937773 e-flex e-con-boxed e-con e-child\" data-id=\"a937773\" data-element_type=\"container\" data-e-type=\"container\" data-settings=\"{&quot;background_background&quot;:&quot;classic&quot;}\">\n\t\t\t\t\t<div class=\"e-con-inner\">\n\t\t\t\t<div data-dce-title-color=\"#2B2B49\" class=\"elementor-element elementor-element-17c25c1 elementor-widget__width-initial elementor-widget elementor-widget-heading\" data-id=\"17c25c1\" data-element_type=\"widget\" data-e-type=\"widget\" data-widget_type=\"heading.default\">\n\t\t\t\t<div class=\"elementor-widget-container\">\n\t\t\t\t\t<div class=\"elementor-heading-title elementor-size-default\">Telefone<\/div>\t\t\t\t<\/div>\n\t\t\t\t<\/div>\n\t\t\t\t<div class=\"elementor-element elementor-element-6f343fa elementor-widget__width-initial elementor-widget elementor-widget-heading\" data-id=\"6f343fa\" data-element_type=\"widget\" data-e-type=\"widget\" data-widget_type=\"heading.default\">\n\t\t\t\t<div class=\"elementor-widget-container\">\n\t\t\t\t\t<div class=\"elementor-heading-title elementor-size-default\">+34 981 16 70 00<\/div>\t\t\t\t<\/div>\n\t\t\t\t<\/div>\n\t\t\t\t\t<\/div>\n\t\t\t\t<\/div>\n\t\t\t\t<\/div>\n\t\t\t\t<div class=\"elementor-element elementor-element-7536efb elementor-widget elementor-widget-heading\" data-id=\"7536efb\" data-element_type=\"widget\" data-e-type=\"widget\" data-widget_type=\"heading.default\">\n\t\t\t\t<div class=\"elementor-widget-container\">\n\t\t\t\t\t<h2 class=\"elementor-heading-title elementor-size-default\">Qual a finalidade do tratamento?<\/h2>\t\t\t\t<\/div>\n\t\t\t\t<\/div>\n\t\t\t\t<div class=\"elementor-element elementor-element-5d18eb8 elementor-widget elementor-widget-text-editor\" data-id=\"5d18eb8\" data-element_type=\"widget\" data-e-type=\"widget\" data-widget_type=\"text-editor.default\">\n\t\t\t\t<div class=\"elementor-widget-container\">\n\t\t\t\t\t\t\t\t\t<ul><li><span data-sheets-root=\"1\">Atender \u00e0s solicita\u00e7\u00f5es, reclama\u00e7\u00f5es e incidentes encaminhados por meio de nossos canais de contato incorporados ao site.<\/span><\/li><li><span data-sheets-root=\"1\">Compreender o comportamento do navegador na web para detetar poss\u00edveis ataques inform\u00e1ticos \u00e0 nossa web.<\/span><\/li><li><span data-sheets-root=\"1\">Cumprir as obriga\u00e7\u00f5es legais que nos s\u00e3o diretamente aplic\u00e1veis e regular a nossa atividade.<\/span><\/li><li><span data-sheets-root=\"1\">Para proteger e exercer nossos direitos ou para responder a reclama\u00e7\u00f5es de qualquer tipo.<\/span><\/li><li><span data-sheets-root=\"1\">Envio de newsletters relativas aos bens ou servi\u00e7os que integram a atividade do respons\u00e1vel ou not\u00edcias relacionadas com a sua atividade.<\/span><\/li><\/ul>\t\t\t\t\t\t\t\t<\/div>\n\t\t\t\t<\/div>\n\t\t\t\t\t<\/div>\n\t\t\t\t<\/div>\n\t\t<div class=\"elementor-element elementor-element-f17e5d4 e-flex e-con-boxed e-con e-child\" data-id=\"f17e5d4\" data-element_type=\"container\" data-e-type=\"container\" data-settings=\"{&quot;background_background&quot;:&quot;classic&quot;}\">\n\t\t\t\t\t<div class=\"e-con-inner\">\n\t\t\t\t<div class=\"elementor-element elementor-element-152e3d0 elementor-widget elementor-widget-heading\" data-id=\"152e3d0\" data-element_type=\"widget\" data-e-type=\"widget\" data-widget_type=\"heading.default\">\n\t\t\t\t<div class=\"elementor-widget-container\">\n\t\t\t\t\t<h2 class=\"elementor-heading-title elementor-size-default\">Qual a base legal do tratamento?<\/h2>\t\t\t\t<\/div>\n\t\t\t\t<\/div>\n\t\t\t\t<div class=\"elementor-element elementor-element-8b824ed elementor-widget elementor-widget-text-editor\" data-id=\"8b824ed\" data-element_type=\"widget\" data-e-type=\"widget\" data-widget_type=\"text-editor.default\">\n\t\t\t\t<div class=\"elementor-widget-container\">\n\t\t\t\t\t\t\t\t\t<p>A base legal para o tratamento dos seus dados \u00e9 o consentimento do titular dos dados nos termos do artigo 6.1 a) do Regulamento, bem como o interesse leg\u00edtimo do respons\u00e1vel pelo tratamento nos termos do artigo 6.1 f) do Regulamento.<\/p><p>Os dados que lhe solicitamos s\u00e3o adequados, pertinentes e estritamente necess\u00e1rios e em nenhum caso voc\u00ea \u00e9 obrigado a fornec\u00ea-los, mas a sua n\u00e3o comunica\u00e7\u00e3o pode afetar a finalidade do servi\u00e7o ou a impossibilidade de fornec\u00ea-lo.<\/p>\t\t\t\t\t\t\t\t<\/div>\n\t\t\t\t<\/div>\n\t\t\t\t<div class=\"elementor-element elementor-element-f9883c1 elementor-widget elementor-widget-heading\" data-id=\"f9883c1\" data-element_type=\"widget\" data-e-type=\"widget\" data-widget_type=\"heading.default\">\n\t\t\t\t<div class=\"elementor-widget-container\">\n\t\t\t\t\t<h2 class=\"elementor-heading-title elementor-size-default\">Por quanto tempo mantemos os seus dados?<\/h2>\t\t\t\t<\/div>\n\t\t\t\t<\/div>\n\t\t\t\t<div class=\"elementor-element elementor-element-99ecc5f elementor-widget elementor-widget-text-editor\" data-id=\"99ecc5f\" data-element_type=\"widget\" data-e-type=\"widget\" data-widget_type=\"text-editor.default\">\n\t\t\t\t<div class=\"elementor-widget-container\">\n\t\t\t\t\t\t\t\t\t<p>Os seus dados ser\u00e3o conservados durante o tempo necess\u00e1rio \u00e0 correta presta\u00e7\u00e3o do servi\u00e7o oferecido, bem como para o cumprimento das responsabilidades que da\u00ed possam decorrer e de qualquer outro requisito legal.<\/p>\t\t\t\t\t\t\t\t<\/div>\n\t\t\t\t<\/div>\n\t\t\t\t\t<\/div>\n\t\t\t\t<\/div>\n\t\t<div class=\"elementor-element elementor-element-2ba4c3d e-flex e-con-boxed e-con e-child\" data-id=\"2ba4c3d\" data-element_type=\"container\" data-e-type=\"container\" data-settings=\"{&quot;background_background&quot;:&quot;classic&quot;}\">\n\t\t\t\t\t<div class=\"e-con-inner\">\n\t\t\t\t<div class=\"elementor-element elementor-element-4d527bc elementor-widget elementor-widget-heading\" data-id=\"4d527bc\" data-element_type=\"widget\" data-e-type=\"widget\" data-widget_type=\"heading.default\">\n\t\t\t\t<div class=\"elementor-widget-container\">\n\t\t\t\t\t<h2 class=\"elementor-heading-title elementor-size-default\">Quais ser\u00e3o os destinat\u00e1rios dos seus dados?<\/h2>\t\t\t\t<\/div>\n\t\t\t\t<\/div>\n\t\t\t\t<div class=\"elementor-element elementor-element-02e1472 elementor-widget elementor-widget-text-editor\" data-id=\"02e1472\" data-element_type=\"widget\" data-e-type=\"widget\" data-widget_type=\"text-editor.default\">\n\t\t\t\t<div class=\"elementor-widget-container\">\n\t\t\t\t\t\t\t\t\t<p>Ao processar seus dados, a <strong>Universidade Da Coru\u00f1a<\/strong> pode compartilhar seus dados com:<\/p><p>On Projects Advising SL, como prestadores de servi\u00e7os de gest\u00e3o e manuten\u00e7\u00e3o web.<\/p>\t\t\t\t\t\t\t\t<\/div>\n\t\t\t\t<\/div>\n\t\t\t\t<div class=\"elementor-element elementor-element-60a4d13 elementor-widget elementor-widget-heading\" data-id=\"60a4d13\" data-element_type=\"widget\" data-e-type=\"widget\" data-widget_type=\"heading.default\">\n\t\t\t\t<div class=\"elementor-widget-container\">\n\t\t\t\t\t<h2 class=\"elementor-heading-title elementor-size-default\">Quais s\u00e3o os meus direitos?<\/h2>\t\t\t\t<\/div>\n\t\t\t\t<\/div>\n\t\t\t\t<div class=\"elementor-element elementor-element-c950578 elementor-widget elementor-widget-text-editor\" data-id=\"c950578\" data-element_type=\"widget\" data-e-type=\"widget\" data-widget_type=\"text-editor.default\">\n\t\t\t\t<div class=\"elementor-widget-container\">\n\t\t\t\t\t\t\t\t\t<ul><li><span data-sheets-root=\"1\">Direito de acesso: o direito de obter a confirma\u00e7\u00e3o de que dados pessoais est\u00e3o sendo processados, bem como o direito de acesso a esses dados.<\/span><\/li><li><span data-sheets-root=\"1\">Direito \u00e0 retifica\u00e7\u00e3o dos dados pessoais.<\/span><\/li><li><span data-sheets-root=\"1\">Direito ao apagamento.<\/span><\/li><li><span data-sheets-root=\"1\">Direito \u00e0 limita\u00e7\u00e3o ao tratamento.<\/span><\/li><li><span data-sheets-root=\"1\">Direito \u00e0 portabilidade de dados.<\/span><\/li><li><span data-sheets-root=\"1\">Direito de oposi\u00e7\u00e3o: o direito de oposi\u00e7\u00e3o ao processamento de dados.<\/span><\/li><\/ul>\t\t\t\t\t\t\t\t<\/div>\n\t\t\t\t<\/div>\n\t\t\t\t<div class=\"elementor-element elementor-element-00e2e63 elementor-widget elementor-widget-text-editor\" data-id=\"00e2e63\" data-element_type=\"widget\" data-e-type=\"widget\" data-widget_type=\"text-editor.default\">\n\t\t\t\t<div class=\"elementor-widget-container\">\n\t\t\t\t\t\t\t\t\t<p>O controlador mant\u00e9m o direito de restringir os direitos estabelecidos no Artigo 23 do Regulamento da UE, se tal restri\u00e7\u00e3o for prevista para salvaguardar, em particular, os direitos e liberdades fundamentais e for uma medida necess\u00e1ria e proporcional.<\/p>\t\t\t\t\t\t\t\t<\/div>\n\t\t\t\t<\/div>\n\t\t\t\t\t<\/div>\n\t\t\t\t<\/div>\n\t\t<div class=\"elementor-element elementor-element-9faa17a e-flex e-con-boxed e-con e-child\" data-id=\"9faa17a\" data-element_type=\"container\" data-e-type=\"container\" data-settings=\"{&quot;background_background&quot;:&quot;classic&quot;}\">\n\t\t\t\t\t<div class=\"e-con-inner\">\n\t\t\t\t<div class=\"elementor-element elementor-element-4988b5a elementor-widget elementor-widget-heading\" data-id=\"4988b5a\" data-element_type=\"widget\" data-e-type=\"widget\" data-widget_type=\"heading.default\">\n\t\t\t\t<div class=\"elementor-widget-container\">\n\t\t\t\t\t<h2 class=\"elementor-heading-title elementor-size-default\">Onde posso reclamar?<\/h2>\t\t\t\t<\/div>\n\t\t\t\t<\/div>\n\t\t\t\t<div class=\"elementor-element elementor-element-1001ff8 elementor-widget elementor-widget-text-editor\" data-id=\"1001ff8\" data-element_type=\"widget\" data-e-type=\"widget\" data-widget_type=\"text-editor.default\">\n\t\t\t\t<div class=\"elementor-widget-container\">\n\t\t\t\t\t\t\t\t\t<p>Caso algum interessado considere que os seus dados n\u00e3o est\u00e3o a ser devidamente tratados, poder\u00e1 enviar as suas reclama\u00e7\u00f5es para o seguinte endere\u00e7o de e-mail; <a href=\"mailto:secretaria.xeral@udc.gal\">secretaria.xeral@udc.gal<\/a><\/p><p>O titular dos dados declara ter adquirido toda esta informa\u00e7\u00e3o.<\/p>\t\t\t\t\t\t\t\t<\/div>\n\t\t\t\t<\/div>\n\t\t\t\t\t<\/div>\n\t\t\t\t<\/div>\n\t\t\t\t<\/div>\n\t\t","protected":false},"excerpt":{"rendered":"<p>No EDIGIT levamos muito a s\u00e9rio a prote\u00e7\u00e3o de seus dados pessoais. O nosso objetivo \u00e9 proteger a privacidade dos dados que nos fornece e cumprir com as normas vigentes sobre prote\u00e7\u00e3o de dados pessoais. Em cumprimento \u00e0 Lei 3\/2018 de 5 de dezembro, de Prote\u00e7\u00e3o de Dados Pessoais e Garantia de Direitos Digitais que [&hellip;]<\/p>\n","protected":false},"author":1,"featured_media":0,"parent":0,"menu_order":0,"comment_status":"closed","ping_status":"closed","template":"elementor_header_footer","meta":{"_acf_changed":false,"footnotes":""},"class_list":["post-1192","page","type-page","status-publish","hentry"],"acf":[],"_links":{"self":[{"href":"https:\/\/edigit-project.eu\/pt-pt\/wp-json\/wp\/v2\/pages\/1192","targetHints":{"allow":["GET"]}}],"collection":[{"href":"https:\/\/edigit-project.eu\/pt-pt\/wp-json\/wp\/v2\/pages"}],"about":[{"href":"https:\/\/edigit-project.eu\/pt-pt\/wp-json\/wp\/v2\/types\/page"}],"author":[{"embeddable":true,"href":"https:\/\/edigit-project.eu\/pt-pt\/wp-json\/wp\/v2\/users\/1"}],"replies":[{"embeddable":true,"href":"https:\/\/edigit-project.eu\/pt-pt\/wp-json\/wp\/v2\/comments?post=1192"}],"version-history":[{"count":1,"href":"https:\/\/edigit-project.eu\/pt-pt\/wp-json\/wp\/v2\/pages\/1192\/revisions"}],"predecessor-version":[{"id":1193,"href":"https:\/\/edigit-project.eu\/pt-pt\/wp-json\/wp\/v2\/pages\/1192\/revisions\/1193"}],"wp:attachment":[{"href":"https:\/\/edigit-project.eu\/pt-pt\/wp-json\/wp\/v2\/media?parent=1192"}],"curies":[{"name":"wp","href":"https:\/\/api.w.org\/{rel}","templated":true}]}}