{"id":831,"date":"2025-03-05T09:58:10","date_gmt":"2025-03-05T09:58:10","guid":{"rendered":"https:\/\/edigit-project.eu\/about"},"modified":"2025-04-03T07:59:25","modified_gmt":"2025-04-03T07:59:25","slug":"about","status":"publish","type":"page","link":"https:\/\/edigit-project.eu\/it\/about","title":{"rendered":"About"},"content":{"rendered":"\t\t<div data-elementor-type=\"wp-page\" data-elementor-id=\"831\" class=\"elementor elementor-831 elementor-155\" data-elementor-post-type=\"page\">\n\t\t\t\t<div data-dce-background-image-url=\"https:\/\/edigit-project.eu\/wp-content\/uploads\/2025\/03\/EDIGIT-about-bg.png\" class=\"elementor-element elementor-element-76ee4ca e-flex e-con-boxed e-con e-child\" data-id=\"76ee4ca\" data-element_type=\"container\" data-e-type=\"container\" data-settings=\"{&quot;background_background&quot;:&quot;classic&quot;}\">\n\t\t\t\t\t<div class=\"e-con-inner\">\n\t\t\t\t<div class=\"elementor-element elementor-element-46baa14 elementor-widget__width-initial elementor-widget elementor-widget-heading\" data-id=\"46baa14\" data-element_type=\"widget\" data-e-type=\"widget\" data-widget_type=\"heading.default\">\n\t\t\t\t<div class=\"elementor-widget-container\">\n\t\t\t\t\t<h1 class=\"elementor-heading-title elementor-size-default\">Istruzione e alfabetizzazione digitale per far crescere talenti inclusivi<\/h1>\t\t\t\t<\/div>\n\t\t\t\t<\/div>\n\t\t\t\t<div class=\"elementor-element elementor-element-6b2adf6 elementor-widget__width-initial elementor-widget elementor-widget-text-editor\" data-id=\"6b2adf6\" data-element_type=\"widget\" data-e-type=\"widget\" data-widget_type=\"text-editor.default\">\n\t\t\t\t<div class=\"elementor-widget-container\">\n\t\t\t\t\t\t\t\t\t<p>Il progetto EDIGIT collabora con i settori dell&#8217;istruzione, dell&#8217;assistenza ai disabili e della tecnologia per dotare gli educatori STEM di valori inclusivi per un futuro tecnologico accessibile.<\/p>\t\t\t\t\t\t\t\t<\/div>\n\t\t\t\t<\/div>\n\t\t<div class=\"elementor-element elementor-element-702d142 e-con-full e-flex e-con e-child\" data-id=\"702d142\" data-element_type=\"container\" data-e-type=\"container\">\n\t\t<div class=\"elementor-element elementor-element-025f3ba e-con-full e-flex e-con e-child\" data-id=\"025f3ba\" data-element_type=\"container\" data-e-type=\"container\">\n\t\t\t\t<div class=\"elementor-element elementor-element-88186d2 elementor-widget__width-initial elementor-widget elementor-widget-heading\" data-id=\"88186d2\" data-element_type=\"widget\" data-e-type=\"widget\" data-widget_type=\"heading.default\">\n\t\t\t\t<div class=\"elementor-widget-container\">\n\t\t\t\t\t<h5 class=\"elementor-heading-title elementor-size-default\"><span id=\"m-counter\">36<\/span><\/h5>\t\t\t\t<\/div>\n\t\t\t\t<\/div>\n\t\t\t\t<div class=\"elementor-element elementor-element-0ea0ec8 elementor-widget__width-initial elementor-widget elementor-widget-heading\" data-id=\"0ea0ec8\" data-element_type=\"widget\" data-e-type=\"widget\" data-widget_type=\"heading.default\">\n\t\t\t\t<div class=\"elementor-widget-container\">\n\t\t\t\t\t<div class=\"elementor-heading-title elementor-size-default\">mesi<\/div>\t\t\t\t<\/div>\n\t\t\t\t<\/div>\n\t\t\t\t<\/div>\n\t\t<div class=\"elementor-element elementor-element-ebe2546 e-con-full e-flex e-con e-child\" data-id=\"ebe2546\" data-element_type=\"container\" data-e-type=\"container\">\n\t\t\t\t<div class=\"elementor-element elementor-element-170896d elementor-widget__width-initial elementor-widget elementor-widget-heading\" data-id=\"170896d\" data-element_type=\"widget\" data-e-type=\"widget\" data-widget_type=\"heading.default\">\n\t\t\t\t<div class=\"elementor-widget-container\">\n\t\t\t\t\t<h5 class=\"elementor-heading-title elementor-size-default\"><span id=\"p-counter\">7<\/span><\/h5>\t\t\t\t<\/div>\n\t\t\t\t<\/div>\n\t\t\t\t<div class=\"elementor-element elementor-element-cb58fe6 elementor-widget__width-initial elementor-widget elementor-widget-heading\" data-id=\"cb58fe6\" data-element_type=\"widget\" data-e-type=\"widget\" data-widget_type=\"heading.default\">\n\t\t\t\t<div class=\"elementor-widget-container\">\n\t\t\t\t\t<div class=\"elementor-heading-title elementor-size-default\">partner<\/div>\t\t\t\t<\/div>\n\t\t\t\t<\/div>\n\t\t\t\t<\/div>\n\t\t<div class=\"elementor-element elementor-element-d670bcc e-con-full e-flex e-con e-child\" data-id=\"d670bcc\" data-element_type=\"container\" data-e-type=\"container\">\n\t\t\t\t<div class=\"elementor-element elementor-element-616c4f9 elementor-widget__width-initial elementor-widget elementor-widget-heading\" data-id=\"616c4f9\" data-element_type=\"widget\" data-e-type=\"widget\" data-widget_type=\"heading.default\">\n\t\t\t\t<div class=\"elementor-widget-container\">\n\t\t\t\t\t<h5 class=\"elementor-heading-title elementor-size-default\"><span id=\"c-counter\">5<\/span><\/h5>\t\t\t\t<\/div>\n\t\t\t\t<\/div>\n\t\t\t\t<div class=\"elementor-element elementor-element-c229eee elementor-widget__width-initial elementor-widget elementor-widget-heading\" data-id=\"c229eee\" data-element_type=\"widget\" data-e-type=\"widget\" data-widget_type=\"heading.default\">\n\t\t\t\t<div class=\"elementor-widget-container\">\n\t\t\t\t\t<div class=\"elementor-heading-title elementor-size-default\">paesi<\/div>\t\t\t\t<\/div>\n\t\t\t\t<\/div>\n\t\t\t\t<\/div>\n\t\t\t\t<\/div>\n\t\t\t\t\t<\/div>\n\t\t\t\t<\/div>\n\t\t<div data-dce-background-image-url=\"https:\/\/edigit-project.eu\/wp-content\/uploads\/2025\/03\/EDIGIT-Logo-bg.svg\" class=\"elementor-element elementor-element-598c0a6 e-flex e-con-boxed e-con e-child\" data-id=\"598c0a6\" data-element_type=\"container\" data-e-type=\"container\" data-settings=\"{&quot;background_background&quot;:&quot;classic&quot;}\">\n\t\t\t\t\t<div class=\"e-con-inner\">\n\t\t\t\t<div class=\"elementor-element elementor-element-e8d1572 elementor-widget__width-initial elementor-widget elementor-widget-text-editor\" data-id=\"e8d1572\" data-element_type=\"widget\" data-e-type=\"widget\" data-widget_type=\"text-editor.default\">\n\t\t\t\t<div class=\"elementor-widget-container\">\n\t\t\t\t\t\t\t\t\t<p>La tecnologia sta avanzando a un ritmo senza precedenti, rimodellando il nostro modo di vivere, lavorare e interagire con la societ\u00e0. Tuttavia, non tutti traggono lo stesso beneficio dalla transizione digitale. <\/p>\t\t\t\t\t\t\t\t<\/div>\n\t\t\t\t<\/div>\n\t\t\t\t<div class=\"elementor-element elementor-element-5096c4a elementor-widget__width-initial elementor-widget elementor-widget-text-editor\" data-id=\"5096c4a\" data-element_type=\"widget\" data-e-type=\"widget\" data-widget_type=\"text-editor.default\">\n\t\t\t\t<div class=\"elementor-widget-container\">\n\t\t\t\t\t\t\t\t\t<p>Le persone con disabilit\u00e0 incontrano notevoli barriere nell&#8217;accesso e nell&#8217;utilizzo della tecnologia a causa della mancanza di progettazione inclusiva e consapevolezza tra gli sviluppatori di tecnologia. Questo divario digitale non \u00e8 solo una sfida, \u00e8 un invito all&#8217;azione. <\/p><p>EDIGIT risponde a questa esigenza affrontando la radice del problema: la mancanza di una prospettiva inclusiva della disabilit\u00e0 nell&#8217;istruzione STEM. Se i futuri innovatori e sviluppatori non saranno esposti ai principi di accessibilit\u00e0 in una fase iniziale, la tecnologia continuer\u00e0 a essere progettata senza considerare le diverse esigenze di tutti gli utenti. Per colmare questa lacuna, EDIGIT fornisce agli insegnanti gli strumenti per integrare valori inclusivi nell&#8217;istruzione STEM, assicurando che gli studenti crescano fino a diventare professionisti che comprendono l&#8217;importanza dell&#8217;accessibilit\u00e0 nello sviluppo della tecnologia.  <\/p>\t\t\t\t\t\t\t\t<\/div>\n\t\t\t\t<\/div>\n\t\t\t\t<div class=\"elementor-element elementor-element-6e5990e elementor-widget elementor-widget-text-editor\" data-id=\"6e5990e\" data-element_type=\"widget\" data-e-type=\"widget\" data-widget_type=\"text-editor.default\">\n\t\t\t\t<div class=\"elementor-widget-container\">\n\t\t\t\t\t\t\t\t\t<p>Questa iniziativa internazionale si basa sul successo di <a href=\"https:\/\/talentosinclusivos.citic.udc.es\/\" target=\"_blank\" rel=\"noopener\">Talentos Inclusivos<\/a>, un progetto sviluppato da <a href=\"https:\/\/citic.udc.es\/\" target=\"_blank\" rel=\"noopener\">CITIC <\/a>(<a href=\"https:\/\/www.udc.es\/\" target=\"_blank\" rel=\"noopener\">Universit\u00e0 di A Coru\u00f1a<\/a>) e <a href=\"https:\/\/aspacecoruna.org\/\" target=\"_blank\" rel=\"noopener\">ASPACE Coru\u00f1a<\/a>, supportato da <a href=\"https:\/\/www.fecyt.es\/\" target=\"_blank\" rel=\"noopener\">FECYT<\/a>. In cinque edizioni, Talentos Inclusivos ha coinvolto pi\u00f9 di 400 partecipanti, tra cui persone con paralisi cerebrale, studenti e insegnanti, in 22 scuole in Galizia, che hanno lavorato insieme per sviluppare soluzioni tecnologiche concrete. <\/p>\t\t\t\t\t\t\t\t<\/div>\n\t\t\t\t<\/div>\n\t\t\t\t\t<\/div>\n\t\t\t\t<\/div>\n\t\t<div class=\"elementor-element elementor-element-af876ec e-flex e-con-boxed e-con e-child\" data-id=\"af876ec\" data-element_type=\"container\" data-e-type=\"container\" data-settings=\"{&quot;background_background&quot;:&quot;classic&quot;}\">\n\t\t\t\t\t<div class=\"e-con-inner\">\n\t\t\t\t<div class=\"elementor-element elementor-element-373171f elementor-absolute elementor-view-default elementor-widget elementor-widget-icon\" data-id=\"373171f\" data-element_type=\"widget\" data-e-type=\"widget\" data-settings=\"{&quot;_position&quot;:&quot;absolute&quot;}\" data-widget_type=\"icon.default\">\n\t\t\t\t<div class=\"elementor-widget-container\">\n\t\t\t\t\t\t\t<div class=\"elementor-icon-wrapper\">\n\t\t\t<div class=\"elementor-icon\">\n\t\t\t<svg xmlns=\"http:\/\/www.w3.org\/2000\/svg\" width=\"268\" height=\"313\" viewBox=\"0 0 268 313\" fill=\"none\"><path d=\"M35 277.804C38.5234 196.018 105 12.6622 244.364 38.466C383.727 64.2697 364.062 192.004 317 241.678C291.33 268.773 239 289.016 209 254C195.226 237.923 197.674 211.263 197.632 195.662\" stroke=\"#D9E021\" stroke-width=\"70\" stroke-linecap=\"round\"><\/path><\/svg>\t\t\t<\/div>\n\t\t<\/div>\n\t\t\t\t\t\t<\/div>\n\t\t\t\t<\/div>\n\t\t\t\t<div class=\"elementor-element elementor-element-89e93d4 elementor-widget elementor-widget-heading\" data-id=\"89e93d4\" data-element_type=\"widget\" data-e-type=\"widget\" data-widget_type=\"heading.default\">\n\t\t\t\t<div class=\"elementor-widget-container\">\n\t\t\t\t\t<h2 class=\"elementor-heading-title elementor-size-default\">Obiettivi principali<\/h2>\t\t\t\t<\/div>\n\t\t\t\t<\/div>\n\t\t<div class=\"elementor-element elementor-element-da3b837 e-con-full e-flex e-con e-child\" data-id=\"da3b837\" data-element_type=\"container\" data-e-type=\"container\">\n\t\t<div class=\"elementor-element elementor-element-eb79815 e-con-full e-flex e-con e-child\" data-id=\"eb79815\" data-element_type=\"container\" data-e-type=\"container\">\n\t\t\t\t<div class=\"elementor-element elementor-element-c2bb346 dce_masking-none elementor-widget elementor-widget-image\" data-id=\"c2bb346\" data-element_type=\"widget\" data-e-type=\"widget\" data-widget_type=\"image.default\">\n\t\t\t\t<div class=\"elementor-widget-container\">\n\t\t\t\t\t\t\t\t\t\t\t\t\t\t\t<img fetchpriority=\"high\" decoding=\"async\" width=\"768\" height=\"512\" src=\"https:\/\/edigit-project.eu\/wp-content\/uploads\/2025\/03\/EDIGIT-Key-objectives-1-768x512.jpg\" class=\"attachment-medium_large size-medium_large wp-image-671\" alt=\"\" srcset=\"https:\/\/edigit-project.eu\/wp-content\/uploads\/2025\/03\/EDIGIT-Key-objectives-1-768x512.jpg 768w, https:\/\/edigit-project.eu\/wp-content\/uploads\/2025\/03\/EDIGIT-Key-objectives-1-300x200.jpg 300w, https:\/\/edigit-project.eu\/wp-content\/uploads\/2025\/03\/EDIGIT-Key-objectives-1.jpg 843w\" sizes=\"(max-width: 768px) 100vw, 768px\" \/>\t\t\t\t\t\t\t\t\t\t\t\t\t\t\t<\/div>\n\t\t\t\t<\/div>\n\t\t\t\t<div class=\"elementor-element elementor-element-f35f2d7 elementor-widget elementor-widget-text-editor\" data-id=\"f35f2d7\" data-element_type=\"widget\" data-e-type=\"widget\" data-widget_type=\"text-editor.default\">\n\t\t\t\t<div class=\"elementor-widget-container\">\n\t\t\t\t\t\t\t\t\t<p>Sviluppare materiali di formazione per dotare insegnanti ed educatori delle competenze necessarie per promuovere carriere STEM responsabili e introdurre pratiche inclusive in tale istruzione, inclusi workshop interattivi con studenti e persone con disabilit\u00e0.<\/p>\t\t\t\t\t\t\t\t<\/div>\n\t\t\t\t<\/div>\n\t\t\t\t<\/div>\n\t\t<div class=\"elementor-element elementor-element-d31dcee e-con-full e-flex e-con e-child\" data-id=\"d31dcee\" data-element_type=\"container\" data-e-type=\"container\">\n\t\t\t\t<div class=\"elementor-element elementor-element-4be15df dce_masking-none elementor-widget elementor-widget-image\" data-id=\"4be15df\" data-element_type=\"widget\" data-e-type=\"widget\" data-widget_type=\"image.default\">\n\t\t\t\t<div class=\"elementor-widget-container\">\n\t\t\t\t\t\t\t\t\t\t\t\t\t\t\t<img decoding=\"async\" width=\"565\" height=\"847\" src=\"https:\/\/edigit-project.eu\/wp-content\/uploads\/2025\/03\/EDIGIT-Key-objectives-2.jpg\" class=\"attachment-medium_large size-medium_large wp-image-676\" alt=\"\" srcset=\"https:\/\/edigit-project.eu\/wp-content\/uploads\/2025\/03\/EDIGIT-Key-objectives-2.jpg 565w, https:\/\/edigit-project.eu\/wp-content\/uploads\/2025\/03\/EDIGIT-Key-objectives-2-200x300.jpg 200w\" sizes=\"(max-width: 565px) 100vw, 565px\" \/>\t\t\t\t\t\t\t\t\t\t\t\t\t\t\t<\/div>\n\t\t\t\t<\/div>\n\t\t\t\t<div class=\"elementor-element elementor-element-4c30d3a elementor-widget elementor-widget-text-editor\" data-id=\"4c30d3a\" data-element_type=\"widget\" data-e-type=\"widget\" data-widget_type=\"text-editor.default\">\n\t\t\t\t<div class=\"elementor-widget-container\">\n\t\t\t\t\t\t\t\t\t<p>Incoraggiare valori inclusivi negli studenti implementando iniziative pratiche incentrate sull&#8217;inclusione e sensibilizzando sulla vita quotidiana delle persone con paralisi cerebrale e altre disabilit\u00e0.<\/p>\t\t\t\t\t\t\t\t<\/div>\n\t\t\t\t<\/div>\n\t\t\t\t<\/div>\n\t\t<div class=\"elementor-element elementor-element-3134d43 e-con-full e-flex e-con e-child\" data-id=\"3134d43\" data-element_type=\"container\" data-e-type=\"container\">\n\t\t\t\t<div class=\"elementor-element elementor-element-352b1d7 dce_masking-none elementor-widget elementor-widget-image\" data-id=\"352b1d7\" data-element_type=\"widget\" data-e-type=\"widget\" data-widget_type=\"image.default\">\n\t\t\t\t<div class=\"elementor-widget-container\">\n\t\t\t\t\t\t\t\t\t\t\t\t\t\t\t<img decoding=\"async\" width=\"768\" height=\"512\" src=\"https:\/\/edigit-project.eu\/wp-content\/uploads\/2025\/03\/EDIGIT-Key-objectives-3-768x512.jpg\" class=\"attachment-medium_large size-medium_large wp-image-681\" alt=\"\" srcset=\"https:\/\/edigit-project.eu\/wp-content\/uploads\/2025\/03\/EDIGIT-Key-objectives-3-768x512.jpg 768w, https:\/\/edigit-project.eu\/wp-content\/uploads\/2025\/03\/EDIGIT-Key-objectives-3-300x200.jpg 300w, https:\/\/edigit-project.eu\/wp-content\/uploads\/2025\/03\/EDIGIT-Key-objectives-3.jpg 847w\" sizes=\"(max-width: 768px) 100vw, 768px\" \/>\t\t\t\t\t\t\t\t\t\t\t\t\t\t\t<\/div>\n\t\t\t\t<\/div>\n\t\t\t\t<div class=\"elementor-element elementor-element-1383942 elementor-widget elementor-widget-text-editor\" data-id=\"1383942\" data-element_type=\"widget\" data-e-type=\"widget\" data-widget_type=\"text-editor.default\">\n\t\t\t\t<div class=\"elementor-widget-container\">\n\t\t\t\t\t\t\t\t\t<p>Promuovere carriere STEM nelle scuole attraverso approcci creativi e collaborativi, garantendo l&#8217;inclusione e affrontando attivamente il divario di genere nella scienza.<\/p>\t\t\t\t\t\t\t\t<\/div>\n\t\t\t\t<\/div>\n\t\t\t\t<\/div>\n\t\t<div class=\"elementor-element elementor-element-791e8ef e-con-full e-flex e-con e-child\" data-id=\"791e8ef\" data-element_type=\"container\" data-e-type=\"container\">\n\t\t\t\t<div class=\"elementor-element elementor-element-0f29f65 dce_masking-none elementor-widget elementor-widget-image\" data-id=\"0f29f65\" data-element_type=\"widget\" data-e-type=\"widget\" data-widget_type=\"image.default\">\n\t\t\t\t<div class=\"elementor-widget-container\">\n\t\t\t\t\t\t\t\t\t\t\t\t\t\t\t<img loading=\"lazy\" decoding=\"async\" width=\"768\" height=\"512\" src=\"https:\/\/edigit-project.eu\/wp-content\/uploads\/2025\/03\/EDIGIT-Key-objectives-4-768x512.jpg\" class=\"attachment-medium_large size-medium_large wp-image-686\" alt=\"\" srcset=\"https:\/\/edigit-project.eu\/wp-content\/uploads\/2025\/03\/EDIGIT-Key-objectives-4-768x512.jpg 768w, https:\/\/edigit-project.eu\/wp-content\/uploads\/2025\/03\/EDIGIT-Key-objectives-4-300x200.jpg 300w, https:\/\/edigit-project.eu\/wp-content\/uploads\/2025\/03\/EDIGIT-Key-objectives-4.jpg 847w\" sizes=\"(max-width: 768px) 100vw, 768px\" \/>\t\t\t\t\t\t\t\t\t\t\t\t\t\t\t<\/div>\n\t\t\t\t<\/div>\n\t\t\t\t<div class=\"elementor-element elementor-element-ee44a93 elementor-widget elementor-widget-text-editor\" data-id=\"ee44a93\" data-element_type=\"widget\" data-e-type=\"widget\" data-widget_type=\"text-editor.default\">\n\t\t\t\t<div class=\"elementor-widget-container\">\n\t\t\t\t\t\t\t\t\t<p>Aumentare la conoscenza e le competenze STEM tra gli studenti non universitari, promuovendo al contempo la consapevolezza del valore sociale della scienza, nonch\u00e9 i principi di ricerca e innovazione responsabili, progettazione universale e accessibilit\u00e0 digitale.<\/p>\t\t\t\t\t\t\t\t<\/div>\n\t\t\t\t<\/div>\n\t\t\t\t<\/div>\n\t\t<div class=\"elementor-element elementor-element-88b2ba0 e-con-full e-flex e-con e-child\" data-id=\"88b2ba0\" data-element_type=\"container\" data-e-type=\"container\">\n\t\t\t\t<div class=\"elementor-element elementor-element-05de11d dce_masking-none elementor-widget elementor-widget-image\" data-id=\"05de11d\" data-element_type=\"widget\" data-e-type=\"widget\" data-widget_type=\"image.default\">\n\t\t\t\t<div class=\"elementor-widget-container\">\n\t\t\t\t\t\t\t\t\t\t\t\t\t\t\t<img loading=\"lazy\" decoding=\"async\" width=\"678\" height=\"848\" src=\"https:\/\/edigit-project.eu\/wp-content\/uploads\/2025\/03\/EDIGIT-Key-objectives-5.jpg\" class=\"attachment-medium_large size-medium_large wp-image-691\" alt=\"\" srcset=\"https:\/\/edigit-project.eu\/wp-content\/uploads\/2025\/03\/EDIGIT-Key-objectives-5.jpg 678w, https:\/\/edigit-project.eu\/wp-content\/uploads\/2025\/03\/EDIGIT-Key-objectives-5-240x300.jpg 240w\" sizes=\"(max-width: 678px) 100vw, 678px\" \/>\t\t\t\t\t\t\t\t\t\t\t\t\t\t\t<\/div>\n\t\t\t\t<\/div>\n\t\t\t\t<div class=\"elementor-element elementor-element-f7a6bcf elementor-widget elementor-widget-text-editor\" data-id=\"f7a6bcf\" data-element_type=\"widget\" data-e-type=\"widget\" data-widget_type=\"text-editor.default\">\n\t\t\t\t<div class=\"elementor-widget-container\">\n\t\t\t\t\t\t\t\t\t<p>Rafforzare la collaborazione tra i settori dell&#8217;assistenza alle persone con disabilit\u00e0, istruzione e tecnologia per guidare una trasformazione digitale accessibile, socialmente responsabile e inclusiva per tutti.<\/p>\t\t\t\t\t\t\t\t<\/div>\n\t\t\t\t<\/div>\n\t\t\t\t<\/div>\n\t\t\t\t<\/div>\n\t\t\t\t\t<\/div>\n\t\t\t\t<\/div>\n\t\t<div class=\"elementor-element elementor-element-8171dd4 e-flex e-con-boxed e-con e-child\" data-id=\"8171dd4\" data-element_type=\"container\" data-e-type=\"container\">\n\t\t\t\t\t<div class=\"e-con-inner\">\n\t\t\t\t<div class=\"elementor-element elementor-element-28cf0c0 elementor-absolute elementor-view-default elementor-widget elementor-widget-icon\" data-id=\"28cf0c0\" data-element_type=\"widget\" data-e-type=\"widget\" data-settings=\"{&quot;_position&quot;:&quot;absolute&quot;}\" data-widget_type=\"icon.default\">\n\t\t\t\t<div class=\"elementor-widget-container\">\n\t\t\t\t\t\t\t<div class=\"elementor-icon-wrapper\">\n\t\t\t<div class=\"elementor-icon\">\n\t\t\t<svg xmlns=\"http:\/\/www.w3.org\/2000\/svg\" width=\"200\" height=\"278\" viewBox=\"0 0 200 278\" fill=\"none\"><path d=\"M-7.59766 45.1917L127.597 232.809\" stroke=\"#22B573\" stroke-width=\"50\" stroke-linecap=\"round\"><\/path><path d=\"M153.82 71.4036L-33.7972 206.599\" stroke=\"#22B573\" stroke-width=\"50\" stroke-linecap=\"round\"><\/path><path d=\"M41.1532 252.08L78.8465 25.9201\" stroke=\"#22B573\" stroke-width=\"50\" stroke-linecap=\"round\"><\/path><path d=\"M-55.0001 119.833L175 158.167\" stroke=\"#22B573\" stroke-width=\"50\" stroke-linecap=\"round\"><\/path><\/svg>\t\t\t<\/div>\n\t\t<\/div>\n\t\t\t\t\t\t<\/div>\n\t\t\t\t<\/div>\n\t\t\t\t<div class=\"elementor-element elementor-element-af47fa1 elementor-widget elementor-widget-heading\" data-id=\"af47fa1\" data-element_type=\"widget\" data-e-type=\"widget\" data-widget_type=\"heading.default\">\n\t\t\t\t<div class=\"elementor-widget-container\">\n\t\t\t\t\t<h2 class=\"elementor-heading-title elementor-size-default\">Cos'\u00e8 Erasmus+?<\/h2>\t\t\t\t<\/div>\n\t\t\t\t<\/div>\n\t\t\t\t<div class=\"elementor-element elementor-element-bd03b92 elementor-widget__width-initial elementor-widget elementor-widget-text-editor\" data-id=\"bd03b92\" data-element_type=\"widget\" data-e-type=\"widget\" data-widget_type=\"text-editor.default\">\n\t\t\t\t<div class=\"elementor-widget-container\">\n\t\t\t\t\t\t\t\t\t<p>Erasmus+ \u00e8 il programma dell&#8217;Unione Europea progettato per supportare istruzione, formazione, giovent\u00f9 e sport in tutta Europa.<\/p>\t\t\t\t\t\t\t\t<\/div>\n\t\t\t\t<\/div>\n\t\t\t\t<div class=\"elementor-element elementor-element-aded977 elementor-widget__width-initial elementor-widget elementor-widget-text-editor\" data-id=\"aded977\" data-element_type=\"widget\" data-e-type=\"widget\" data-widget_type=\"text-editor.default\">\n\t\t\t\t<div class=\"elementor-widget-container\">\n\t\t\t\t\t\t\t\t\t<p>Il programma 2021-2027 d\u00e0 priorit\u00e0 all&#8217;inclusione sociale, alla sostenibilit\u00e0, alla trasformazione digitale e alla promozione dell&#8217;impegno dei giovani nella vita democratica.<br>\u00c8 allineato con le principali iniziative dell&#8217;UE, tra cui lo Spazio europeo dell&#8217;istruzione, il Piano d&#8217;azione per l&#8217;istruzione digitale e l&#8217;Agenda europea per le competenze.<br>Visita il <a href=\"https:\/\/erasmus-plus.ec.europa.eu\/\" target=\"_blank\" rel=\"noopener\">sito Web<\/a> ufficiale per saperne di pi\u00f9.<\/p>\t\t\t\t\t\t\t\t<\/div>\n\t\t\t\t<\/div>\n\t\t\t\t<div class=\"elementor-element elementor-element-cbabc1b elementor-widget__width-initial dce_masking-none elementor-widget elementor-widget-image\" data-id=\"cbabc1b\" data-element_type=\"widget\" data-e-type=\"widget\" data-widget_type=\"image.default\">\n\t\t\t\t<div class=\"elementor-widget-container\">\n\t\t\t\t\t\t\t\t\t\t\t\t\t\t\t<img loading=\"lazy\" decoding=\"async\" width=\"800\" height=\"168\" src=\"https:\/\/edigit-project.eu\/wp-content\/uploads\/2025\/03\/EN-Co-Funded-by-the-EU_POS-1024x215.png\" class=\"attachment-large size-large wp-image-661\" alt=\"\" srcset=\"https:\/\/edigit-project.eu\/wp-content\/uploads\/2025\/03\/EN-Co-Funded-by-the-EU_POS-1024x215.png 1024w, https:\/\/edigit-project.eu\/wp-content\/uploads\/2025\/03\/EN-Co-Funded-by-the-EU_POS-300x63.png 300w, https:\/\/edigit-project.eu\/wp-content\/uploads\/2025\/03\/EN-Co-Funded-by-the-EU_POS-768x161.png 768w, https:\/\/edigit-project.eu\/wp-content\/uploads\/2025\/03\/EN-Co-Funded-by-the-EU_POS-1536x322.png 1536w, https:\/\/edigit-project.eu\/wp-content\/uploads\/2025\/03\/EN-Co-Funded-by-the-EU_POS-2048x430.png 2048w\" sizes=\"(max-width: 800px) 100vw, 800px\" \/>\t\t\t\t\t\t\t\t\t\t\t\t\t\t\t<\/div>\n\t\t\t\t<\/div>\n\t\t\t\t\t<\/div>\n\t\t\t\t<\/div>\n\t\t\t\t<\/div>\n\t\t","protected":false},"excerpt":{"rendered":"<p>Istruzione e alfabetizzazione digitale per far crescere talenti inclusivi Il progetto EDIGIT collabora con i settori dell&#8217;istruzione, dell&#8217;assistenza ai disabili e della tecnologia per dotare gli educatori STEM di valori inclusivi per un futuro tecnologico accessibile. 36 mesi 7 partner 5 paesi La tecnologia sta avanzando a un ritmo senza precedenti, rimodellando il nostro modo [&hellip;]<\/p>\n","protected":false},"author":1,"featured_media":0,"parent":0,"menu_order":0,"comment_status":"closed","ping_status":"closed","template":"elementor_header_footer","meta":{"_acf_changed":false,"footnotes":""},"class_list":["post-831","page","type-page","status-publish","hentry"],"acf":[],"_links":{"self":[{"href":"https:\/\/edigit-project.eu\/it\/wp-json\/wp\/v2\/pages\/831","targetHints":{"allow":["GET"]}}],"collection":[{"href":"https:\/\/edigit-project.eu\/it\/wp-json\/wp\/v2\/pages"}],"about":[{"href":"https:\/\/edigit-project.eu\/it\/wp-json\/wp\/v2\/types\/page"}],"author":[{"embeddable":true,"href":"https:\/\/edigit-project.eu\/it\/wp-json\/wp\/v2\/users\/1"}],"replies":[{"embeddable":true,"href":"https:\/\/edigit-project.eu\/it\/wp-json\/wp\/v2\/comments?post=831"}],"version-history":[{"count":3,"href":"https:\/\/edigit-project.eu\/it\/wp-json\/wp\/v2\/pages\/831\/revisions"}],"predecessor-version":[{"id":860,"href":"https:\/\/edigit-project.eu\/it\/wp-json\/wp\/v2\/pages\/831\/revisions\/860"}],"wp:attachment":[{"href":"https:\/\/edigit-project.eu\/it\/wp-json\/wp\/v2\/media?parent=831"}],"curies":[{"name":"wp","href":"https:\/\/api.w.org\/{rel}","templated":true}]}}