{"id":833,"date":"2025-03-05T09:58:10","date_gmt":"2025-03-05T09:58:10","guid":{"rendered":"https:\/\/edigit-project.eu\/about"},"modified":"2025-04-03T07:59:24","modified_gmt":"2025-04-03T07:59:24","slug":"about","status":"publish","type":"page","link":"https:\/\/edigit-project.eu\/hu\/about","title":{"rendered":"About"},"content":{"rendered":"\t\t<div data-elementor-type=\"wp-page\" data-elementor-id=\"833\" class=\"elementor elementor-833 elementor-155\" data-elementor-post-type=\"page\">\n\t\t\t\t<div data-dce-background-image-url=\"https:\/\/edigit-project.eu\/wp-content\/uploads\/2025\/03\/EDIGIT-about-bg.png\" class=\"elementor-element elementor-element-76ee4ca e-flex e-con-boxed e-con e-child\" data-id=\"76ee4ca\" data-element_type=\"container\" data-e-type=\"container\" data-settings=\"{&quot;background_background&quot;:&quot;classic&quot;}\">\n\t\t\t\t\t<div class=\"e-con-inner\">\n\t\t\t\t<div class=\"elementor-element elementor-element-46baa14 elementor-widget__width-initial elementor-widget elementor-widget-heading\" data-id=\"46baa14\" data-element_type=\"widget\" data-e-type=\"widget\" data-widget_type=\"heading.default\">\n\t\t\t\t<div class=\"elementor-widget-container\">\n\t\t\t\t\t<h1 class=\"elementor-heading-title elementor-size-default\">Oktat\u00e1s \u00e9s digit\u00e1lis k\u00e9szs\u00e9gek a befogad\u00f3 tehets\u00e9gek fejleszt\u00e9s\u00e9\u00e9rt<\/h1>\t\t\t\t<\/div>\n\t\t\t\t<\/div>\n\t\t\t\t<div class=\"elementor-element elementor-element-6b2adf6 elementor-widget__width-initial elementor-widget elementor-widget-text-editor\" data-id=\"6b2adf6\" data-element_type=\"widget\" data-e-type=\"widget\" data-widget_type=\"text-editor.default\">\n\t\t\t\t<div class=\"elementor-widget-container\">\n\t\t\t\t\t\t\t\t\t<p>Az EDIGIT projekt az oktat\u00e1s, fogyat\u00e9koss\u00e1g\u00fcgy \u00e9s a technol\u00f3giai szektorok egy\u00fcttm\u0171k\u00f6d\u00e9s\u00e9vel dolgozik azon, hogy a STEM pedag\u00f3gusok inkluz\u00edv \u00e9rt\u00e9kekkel rendelkezzenek, \u00e9s \u00edgy hozz\u00e1j\u00e1ruljanak egy hozz\u00e1f\u00e9rhet\u0151 \u00e9s akad\u00e1lymentes technol\u00f3giai j\u00f6v\u0151 kialak\u00edt\u00e1s\u00e1hoz.<\/p>\t\t\t\t\t\t\t\t<\/div>\n\t\t\t\t<\/div>\n\t\t<div class=\"elementor-element elementor-element-702d142 e-con-full e-flex e-con e-child\" data-id=\"702d142\" data-element_type=\"container\" data-e-type=\"container\">\n\t\t<div class=\"elementor-element elementor-element-025f3ba e-con-full e-flex e-con e-child\" data-id=\"025f3ba\" data-element_type=\"container\" data-e-type=\"container\">\n\t\t\t\t<div class=\"elementor-element elementor-element-88186d2 elementor-widget__width-initial elementor-widget elementor-widget-heading\" data-id=\"88186d2\" data-element_type=\"widget\" data-e-type=\"widget\" data-widget_type=\"heading.default\">\n\t\t\t\t<div class=\"elementor-widget-container\">\n\t\t\t\t\t<h5 class=\"elementor-heading-title elementor-size-default\"><span id=\"m-counter\">36<\/span><\/h5>\t\t\t\t<\/div>\n\t\t\t\t<\/div>\n\t\t\t\t<div class=\"elementor-element elementor-element-0ea0ec8 elementor-widget__width-initial elementor-widget elementor-widget-heading\" data-id=\"0ea0ec8\" data-element_type=\"widget\" data-e-type=\"widget\" data-widget_type=\"heading.default\">\n\t\t\t\t<div class=\"elementor-widget-container\">\n\t\t\t\t\t<div class=\"elementor-heading-title elementor-size-default\">h\u00f3nap<\/div>\t\t\t\t<\/div>\n\t\t\t\t<\/div>\n\t\t\t\t<\/div>\n\t\t<div class=\"elementor-element elementor-element-ebe2546 e-con-full e-flex e-con e-child\" data-id=\"ebe2546\" data-element_type=\"container\" data-e-type=\"container\">\n\t\t\t\t<div class=\"elementor-element elementor-element-170896d elementor-widget__width-initial elementor-widget elementor-widget-heading\" data-id=\"170896d\" data-element_type=\"widget\" data-e-type=\"widget\" data-widget_type=\"heading.default\">\n\t\t\t\t<div class=\"elementor-widget-container\">\n\t\t\t\t\t<h5 class=\"elementor-heading-title elementor-size-default\"><span id=\"p-counter\">7<\/span><\/h5>\t\t\t\t<\/div>\n\t\t\t\t<\/div>\n\t\t\t\t<div class=\"elementor-element elementor-element-cb58fe6 elementor-widget__width-initial elementor-widget elementor-widget-heading\" data-id=\"cb58fe6\" data-element_type=\"widget\" data-e-type=\"widget\" data-widget_type=\"heading.default\">\n\t\t\t\t<div class=\"elementor-widget-container\">\n\t\t\t\t\t<div class=\"elementor-heading-title elementor-size-default\">partner<\/div>\t\t\t\t<\/div>\n\t\t\t\t<\/div>\n\t\t\t\t<\/div>\n\t\t<div class=\"elementor-element elementor-element-d670bcc e-con-full e-flex e-con e-child\" data-id=\"d670bcc\" data-element_type=\"container\" data-e-type=\"container\">\n\t\t\t\t<div class=\"elementor-element elementor-element-616c4f9 elementor-widget__width-initial elementor-widget elementor-widget-heading\" data-id=\"616c4f9\" data-element_type=\"widget\" data-e-type=\"widget\" data-widget_type=\"heading.default\">\n\t\t\t\t<div class=\"elementor-widget-container\">\n\t\t\t\t\t<h5 class=\"elementor-heading-title elementor-size-default\"><span id=\"c-counter\">5<\/span><\/h5>\t\t\t\t<\/div>\n\t\t\t\t<\/div>\n\t\t\t\t<div class=\"elementor-element elementor-element-c229eee elementor-widget__width-initial elementor-widget elementor-widget-heading\" data-id=\"c229eee\" data-element_type=\"widget\" data-e-type=\"widget\" data-widget_type=\"heading.default\">\n\t\t\t\t<div class=\"elementor-widget-container\">\n\t\t\t\t\t<div class=\"elementor-heading-title elementor-size-default\">orsz\u00e1g<\/div>\t\t\t\t<\/div>\n\t\t\t\t<\/div>\n\t\t\t\t<\/div>\n\t\t\t\t<\/div>\n\t\t\t\t\t<\/div>\n\t\t\t\t<\/div>\n\t\t<div data-dce-background-image-url=\"https:\/\/edigit-project.eu\/wp-content\/uploads\/2025\/03\/EDIGIT-Logo-bg.svg\" class=\"elementor-element elementor-element-598c0a6 e-flex e-con-boxed e-con e-child\" data-id=\"598c0a6\" data-element_type=\"container\" data-e-type=\"container\" data-settings=\"{&quot;background_background&quot;:&quot;classic&quot;}\">\n\t\t\t\t\t<div class=\"e-con-inner\">\n\t\t\t\t<div class=\"elementor-element elementor-element-e8d1572 elementor-widget__width-initial elementor-widget elementor-widget-text-editor\" data-id=\"e8d1572\" data-element_type=\"widget\" data-e-type=\"widget\" data-widget_type=\"text-editor.default\">\n\t\t\t\t<div class=\"elementor-widget-container\">\n\t\t\t\t\t\t\t\t\t<p>A technol\u00f3gia soha nem l\u00e1tott \u00fctemben fejl\u0151dik, \u00e9s \u00e1talak\u00edtja azt, ahogyan \u00e9l\u00fcnk, dolgozunk \u00e9s kapcsolatba l\u00e9p\u00fcnk a t\u00e1rsadalommal. Azonban nem mindenki r\u00e9szes\u00fcl egyform\u00e1n a digit\u00e1lis \u00e1tmenet el\u0151nyeib\u0151l.<\/p>\t\t\t\t\t\t\t\t<\/div>\n\t\t\t\t<\/div>\n\t\t\t\t<div class=\"elementor-element elementor-element-5096c4a elementor-widget__width-initial elementor-widget elementor-widget-text-editor\" data-id=\"5096c4a\" data-element_type=\"widget\" data-e-type=\"widget\" data-widget_type=\"text-editor.default\">\n\t\t\t\t<div class=\"elementor-widget-container\">\n\t\t\t\t\t\t\t\t\t<p>A fogyat\u00e9koss\u00e1ggal \u00e9l\u0151 emberek jelent\u0151s akad\u00e1lyokkal szembes\u00fclnek a technol\u00f3gi\u00e1hoz val\u00f3 hozz\u00e1f\u00e9r\u00e9sben \u00e9s haszn\u00e1lat\u00e1ban a tudatosan inkluz\u00edv tervez\u00e9s hi\u00e1nya miatt. Ez a digit\u00e1lis szakad\u00e9k nem csak egy kih\u00edv\u00e1s, hanem cselekv\u00e9sre is \u00f6szt\u00f6n\u00f6z.<\/p><p>Az EDIGIT erre a sz\u00fcks\u00e9gletre v\u00e1laszol azzal, hogy a probl\u00e9ma gy\u00f6ker\u00e9t c\u00e9lozza: a fogyat\u00e9koss\u00e1ggal kapcsolatos inkluz\u00edv szeml\u00e9let hi\u00e1ny\u00e1t a STEM oktat\u00e1sban. Ha a j\u00f6v\u0151beli innov\u00e1torok \u00e9s fejleszt\u0151k nem tal\u00e1lkoznak kor\u00e1n az akad\u00e1lymentess\u00e9g elveivel, a technol\u00f3gi\u00e1kat tov\u00e1bbra is \u00fagy fogj\u00e1k kialak\u00edtani, hogy nem veszik figyelembe a felhaszn\u00e1l\u00f3k sokf\u00e9le ig\u00e9ny\u00e9t. Az EDIGIT a szakad\u00e9k cs\u00f6kkent\u00e9s\u00e9re eszk\u00f6z\u00f6ket biztos\u00edt a tan\u00e1rok sz\u00e1m\u00e1ra, hogy az inkluz\u00edv \u00e9rt\u00e9keket be\u00e9p\u00edthess\u00e9k a STEM oktat\u00e1s\u00e1ba, biztos\u00edtva, hogy a di\u00e1kok olyan szakemberekk\u00e9 v\u00e1ljanak, akik \u00e9rtik az akad\u00e1lymentess\u00e9g fontoss\u00e1g\u00e1t a technol\u00f3gia fejleszt\u00e9s\u00e9ben.<\/p>\t\t\t\t\t\t\t\t<\/div>\n\t\t\t\t<\/div>\n\t\t\t\t<div class=\"elementor-element elementor-element-6e5990e elementor-widget elementor-widget-text-editor\" data-id=\"6e5990e\" data-element_type=\"widget\" data-e-type=\"widget\" data-widget_type=\"text-editor.default\">\n\t\t\t\t<div class=\"elementor-widget-container\">\n\t\t\t\t\t\t\t\t\t<p>Ez a nemzetk\u00f6zi kezdem\u00e9nyez\u00e9s a &#8222;<a href=\"https:\/\/talentosinclusivos.citic.udc.es\/\" target=\"_blank\" rel=\"noopener\">Talentos Inclusivos<\/a>&#8221; projekt siker\u00e9re \u00e9p\u00edt, amelyet a <a href=\"https:\/\/citic.udc.es\/\" target=\"_blank\" rel=\"noopener\">CITIC <\/a>(<a href=\"https:\/\/www.udc.es\/\" target=\"_blank\" rel=\"noopener\">University of A Coru\u00f1a<\/a>) \u00e9s az <a href=\"https:\/\/aspacecoruna.org\/\" target=\"_blank\" rel=\"noopener\">ASPACE Coru\u00f1a<\/a> fejlesztett ki, a <a href=\"https:\/\/www.fecyt.es\/\" target=\"_blank\" rel=\"noopener\">FECYT <\/a>t\u00e1mogat\u00e1s\u00e1val. Az \u00f6t sz\u00e9ri\u00e1n kereszt\u00fcl a Talentos Inclusivos t\u00f6bb mint 400 r\u00e9sztvev\u0151t \u00e9rt el \u2013 k\u00f6zt\u00fck cerebr\u00e1lis par\u00e9zissel \u00e9l\u0151 embereket, di\u00e1kokat \u00e9s tan\u00e1rokat \u2013 22 gal\u00edciai iskola r\u00e9szv\u00e9tel\u00e9vel, k\u00f6z\u00f6sen dolgozva val\u00f3di technol\u00f3giai megold\u00e1sok kifejleszt\u00e9s\u00e9n.<\/p>\t\t\t\t\t\t\t\t<\/div>\n\t\t\t\t<\/div>\n\t\t\t\t\t<\/div>\n\t\t\t\t<\/div>\n\t\t<div class=\"elementor-element elementor-element-af876ec e-flex e-con-boxed e-con e-child\" data-id=\"af876ec\" data-element_type=\"container\" data-e-type=\"container\" data-settings=\"{&quot;background_background&quot;:&quot;classic&quot;}\">\n\t\t\t\t\t<div class=\"e-con-inner\">\n\t\t\t\t<div class=\"elementor-element elementor-element-373171f elementor-absolute elementor-view-default elementor-widget elementor-widget-icon\" data-id=\"373171f\" data-element_type=\"widget\" data-e-type=\"widget\" data-settings=\"{&quot;_position&quot;:&quot;absolute&quot;}\" data-widget_type=\"icon.default\">\n\t\t\t\t<div class=\"elementor-widget-container\">\n\t\t\t\t\t\t\t<div class=\"elementor-icon-wrapper\">\n\t\t\t<div class=\"elementor-icon\">\n\t\t\t<svg xmlns=\"http:\/\/www.w3.org\/2000\/svg\" width=\"268\" height=\"313\" viewBox=\"0 0 268 313\" fill=\"none\"><path d=\"M35 277.804C38.5234 196.018 105 12.6622 244.364 38.466C383.727 64.2697 364.062 192.004 317 241.678C291.33 268.773 239 289.016 209 254C195.226 237.923 197.674 211.263 197.632 195.662\" stroke=\"#D9E021\" stroke-width=\"70\" stroke-linecap=\"round\"><\/path><\/svg>\t\t\t<\/div>\n\t\t<\/div>\n\t\t\t\t\t\t<\/div>\n\t\t\t\t<\/div>\n\t\t\t\t<div class=\"elementor-element elementor-element-89e93d4 elementor-widget elementor-widget-heading\" data-id=\"89e93d4\" data-element_type=\"widget\" data-e-type=\"widget\" data-widget_type=\"heading.default\">\n\t\t\t\t<div class=\"elementor-widget-container\">\n\t\t\t\t\t<h2 class=\"elementor-heading-title elementor-size-default\">C\u00e9lkit\u0171z\u00e9sek<\/h2>\t\t\t\t<\/div>\n\t\t\t\t<\/div>\n\t\t<div class=\"elementor-element elementor-element-da3b837 e-con-full e-flex e-con e-child\" data-id=\"da3b837\" data-element_type=\"container\" data-e-type=\"container\">\n\t\t<div class=\"elementor-element elementor-element-eb79815 e-con-full e-flex e-con e-child\" data-id=\"eb79815\" data-element_type=\"container\" data-e-type=\"container\">\n\t\t\t\t<div class=\"elementor-element elementor-element-c2bb346 dce_masking-none elementor-widget elementor-widget-image\" data-id=\"c2bb346\" data-element_type=\"widget\" data-e-type=\"widget\" data-widget_type=\"image.default\">\n\t\t\t\t<div class=\"elementor-widget-container\">\n\t\t\t\t\t\t\t\t\t\t\t\t\t\t\t<img fetchpriority=\"high\" decoding=\"async\" width=\"768\" height=\"512\" src=\"https:\/\/edigit-project.eu\/wp-content\/uploads\/2025\/03\/EDIGIT-Key-objectives-1-768x512.jpg\" class=\"attachment-medium_large size-medium_large wp-image-670\" alt=\"\" srcset=\"https:\/\/edigit-project.eu\/wp-content\/uploads\/2025\/03\/EDIGIT-Key-objectives-1-768x512.jpg 768w, https:\/\/edigit-project.eu\/wp-content\/uploads\/2025\/03\/EDIGIT-Key-objectives-1-300x200.jpg 300w, https:\/\/edigit-project.eu\/wp-content\/uploads\/2025\/03\/EDIGIT-Key-objectives-1.jpg 843w\" sizes=\"(max-width: 768px) 100vw, 768px\" \/>\t\t\t\t\t\t\t\t\t\t\t\t\t\t\t<\/div>\n\t\t\t\t<\/div>\n\t\t\t\t<div class=\"elementor-element elementor-element-f35f2d7 elementor-widget elementor-widget-text-editor\" data-id=\"f35f2d7\" data-element_type=\"widget\" data-e-type=\"widget\" data-widget_type=\"text-editor.default\">\n\t\t\t\t<div class=\"elementor-widget-container\">\n\t\t\t\t\t\t\t\t\t<p>K\u00e9pz\u00e9si anyagok fejleszt\u00e9se, amelyek seg\u00edtik a tan\u00e1rokat \u00e9s pedag\u00f3gusokat elsaj\u00e1t\u00edtani a sz\u00fcks\u00e9ges k\u00e9szs\u00e9geket a felel\u0151s STEM karrierek n\u00e9pszer\u0171s\u00edt\u00e9s\u00e9hez \u00e9s az inkluz\u00edv gyakorlatok bevezet\u00e9s\u00e9hez az oktat\u00e1sban, bele\u00e9rtve az interakt\u00edv workshopokat di\u00e1kok \u00e9s fogyat\u00e9koss\u00e1ggal \u00e9l\u0151 emberek r\u00e9sz\u00e9re k\u00f6z\u00f6sen.<\/p>\t\t\t\t\t\t\t\t<\/div>\n\t\t\t\t<\/div>\n\t\t\t\t<\/div>\n\t\t<div class=\"elementor-element elementor-element-d31dcee e-con-full e-flex e-con e-child\" data-id=\"d31dcee\" data-element_type=\"container\" data-e-type=\"container\">\n\t\t\t\t<div class=\"elementor-element elementor-element-4be15df dce_masking-none elementor-widget elementor-widget-image\" data-id=\"4be15df\" data-element_type=\"widget\" data-e-type=\"widget\" data-widget_type=\"image.default\">\n\t\t\t\t<div class=\"elementor-widget-container\">\n\t\t\t\t\t\t\t\t\t\t\t\t\t\t\t<img decoding=\"async\" width=\"565\" height=\"847\" src=\"https:\/\/edigit-project.eu\/wp-content\/uploads\/2025\/03\/EDIGIT-Key-objectives-2.jpg\" class=\"attachment-medium_large size-medium_large wp-image-675\" alt=\"\" srcset=\"https:\/\/edigit-project.eu\/wp-content\/uploads\/2025\/03\/EDIGIT-Key-objectives-2.jpg 565w, https:\/\/edigit-project.eu\/wp-content\/uploads\/2025\/03\/EDIGIT-Key-objectives-2-200x300.jpg 200w\" sizes=\"(max-width: 565px) 100vw, 565px\" \/>\t\t\t\t\t\t\t\t\t\t\t\t\t\t\t<\/div>\n\t\t\t\t<\/div>\n\t\t\t\t<div class=\"elementor-element elementor-element-4c30d3a elementor-widget elementor-widget-text-editor\" data-id=\"4c30d3a\" data-element_type=\"widget\" data-e-type=\"widget\" data-widget_type=\"text-editor.default\">\n\t\t\t\t<div class=\"elementor-widget-container\">\n\t\t\t\t\t\t\t\t\t<p>Befogad\u00f3 \u00e9rt\u00e9kek el\u0151mozd\u00edt\u00e1sa a di\u00e1kok k\u00f6r\u00e9ben inkl\u00fazi\u00f3ra \u00f6sszpontos\u00edt\u00f3 gyakorlati kezdem\u00e9nyez\u00e9sekkel, valamint a cerebr\u00e1lis par\u00e9zissel \u00e9s m\u00e1s fogyat\u00e9koss\u00e1gokkal \u00e9l\u0151 emberek mindennapi \u00e9let\u00e9nek megismertet\u00e9s\u00e9vel.<\/p>\t\t\t\t\t\t\t\t<\/div>\n\t\t\t\t<\/div>\n\t\t\t\t<\/div>\n\t\t<div class=\"elementor-element elementor-element-3134d43 e-con-full e-flex e-con e-child\" data-id=\"3134d43\" data-element_type=\"container\" data-e-type=\"container\">\n\t\t\t\t<div class=\"elementor-element elementor-element-352b1d7 dce_masking-none elementor-widget elementor-widget-image\" data-id=\"352b1d7\" data-element_type=\"widget\" data-e-type=\"widget\" data-widget_type=\"image.default\">\n\t\t\t\t<div class=\"elementor-widget-container\">\n\t\t\t\t\t\t\t\t\t\t\t\t\t\t\t<img decoding=\"async\" width=\"768\" height=\"512\" src=\"https:\/\/edigit-project.eu\/wp-content\/uploads\/2025\/03\/EDIGIT-Key-objectives-3-768x512.jpg\" class=\"attachment-medium_large size-medium_large wp-image-680\" alt=\"\" srcset=\"https:\/\/edigit-project.eu\/wp-content\/uploads\/2025\/03\/EDIGIT-Key-objectives-3-768x512.jpg 768w, https:\/\/edigit-project.eu\/wp-content\/uploads\/2025\/03\/EDIGIT-Key-objectives-3-300x200.jpg 300w, https:\/\/edigit-project.eu\/wp-content\/uploads\/2025\/03\/EDIGIT-Key-objectives-3.jpg 847w\" sizes=\"(max-width: 768px) 100vw, 768px\" \/>\t\t\t\t\t\t\t\t\t\t\t\t\t\t\t<\/div>\n\t\t\t\t<\/div>\n\t\t\t\t<div class=\"elementor-element elementor-element-1383942 elementor-widget elementor-widget-text-editor\" data-id=\"1383942\" data-element_type=\"widget\" data-e-type=\"widget\" data-widget_type=\"text-editor.default\">\n\t\t\t\t<div class=\"elementor-widget-container\">\n\t\t\t\t\t\t\t\t\t<p>A STEM karrierek n\u00e9pszer\u0171s\u00edt\u00e9se az iskol\u00e1kban kreat\u00edv \u00e9s egy\u00fcttm\u0171k\u00f6d\u0151 megk\u00f6zel\u00edt\u00e9seken kereszt\u00fcl, biztos\u00edtva az inkl\u00fazi\u00f3t, \u00e9s r\u00e1ir\u00e1ny\u00edtani a figyelmet a tudom\u00e1nyos ter\u00fcleteket tapasztalhat\u00f3 nemek k\u00f6z\u00f6tti szakad\u00e9kra.<\/p>\t\t\t\t\t\t\t\t<\/div>\n\t\t\t\t<\/div>\n\t\t\t\t<\/div>\n\t\t<div class=\"elementor-element elementor-element-791e8ef e-con-full e-flex e-con e-child\" data-id=\"791e8ef\" data-element_type=\"container\" data-e-type=\"container\">\n\t\t\t\t<div class=\"elementor-element elementor-element-0f29f65 dce_masking-none elementor-widget elementor-widget-image\" data-id=\"0f29f65\" data-element_type=\"widget\" data-e-type=\"widget\" data-widget_type=\"image.default\">\n\t\t\t\t<div class=\"elementor-widget-container\">\n\t\t\t\t\t\t\t\t\t\t\t\t\t\t\t<img loading=\"lazy\" decoding=\"async\" width=\"768\" height=\"512\" src=\"https:\/\/edigit-project.eu\/wp-content\/uploads\/2025\/03\/EDIGIT-Key-objectives-4-768x512.jpg\" class=\"attachment-medium_large size-medium_large wp-image-685\" alt=\"\" srcset=\"https:\/\/edigit-project.eu\/wp-content\/uploads\/2025\/03\/EDIGIT-Key-objectives-4-768x512.jpg 768w, https:\/\/edigit-project.eu\/wp-content\/uploads\/2025\/03\/EDIGIT-Key-objectives-4-300x200.jpg 300w, https:\/\/edigit-project.eu\/wp-content\/uploads\/2025\/03\/EDIGIT-Key-objectives-4.jpg 847w\" sizes=\"(max-width: 768px) 100vw, 768px\" \/>\t\t\t\t\t\t\t\t\t\t\t\t\t\t\t<\/div>\n\t\t\t\t<\/div>\n\t\t\t\t<div class=\"elementor-element elementor-element-ee44a93 elementor-widget elementor-widget-text-editor\" data-id=\"ee44a93\" data-element_type=\"widget\" data-e-type=\"widget\" data-widget_type=\"text-editor.default\">\n\t\t\t\t<div class=\"elementor-widget-container\">\n\t\t\t\t\t\t\t\t\t<p>A STEM ismeretek \u00e9s k\u00e9szs\u00e9gek fejleszt\u00e9se nem egyetemi hallgat\u00f3k k\u00f6r\u00e9ben, el\u0151seg\u00edtve a tudom\u00e1ny t\u00e1rsadalmi \u00e9rt\u00e9k\u00e9nek felismer\u00e9s\u00e9t, valamint n\u00e9pszer\u0171s\u00edteni a felel\u0151s kutat\u00e1s \u00e9s innov\u00e1ci\u00f3, az egyetemes tervez\u00e9s \u00e9s a digit\u00e1lis akad\u00e1lymentess\u00e9g elveit.<\/p>\t\t\t\t\t\t\t\t<\/div>\n\t\t\t\t<\/div>\n\t\t\t\t<\/div>\n\t\t<div class=\"elementor-element elementor-element-88b2ba0 e-con-full e-flex e-con e-child\" data-id=\"88b2ba0\" data-element_type=\"container\" data-e-type=\"container\">\n\t\t\t\t<div class=\"elementor-element elementor-element-05de11d dce_masking-none elementor-widget elementor-widget-image\" data-id=\"05de11d\" data-element_type=\"widget\" data-e-type=\"widget\" data-widget_type=\"image.default\">\n\t\t\t\t<div class=\"elementor-widget-container\">\n\t\t\t\t\t\t\t\t\t\t\t\t\t\t\t<img loading=\"lazy\" decoding=\"async\" width=\"678\" height=\"848\" src=\"https:\/\/edigit-project.eu\/wp-content\/uploads\/2025\/03\/EDIGIT-Key-objectives-5.jpg\" class=\"attachment-medium_large size-medium_large wp-image-690\" alt=\"\" srcset=\"https:\/\/edigit-project.eu\/wp-content\/uploads\/2025\/03\/EDIGIT-Key-objectives-5.jpg 678w, https:\/\/edigit-project.eu\/wp-content\/uploads\/2025\/03\/EDIGIT-Key-objectives-5-240x300.jpg 240w\" sizes=\"(max-width: 678px) 100vw, 678px\" \/>\t\t\t\t\t\t\t\t\t\t\t\t\t\t\t<\/div>\n\t\t\t\t<\/div>\n\t\t\t\t<div class=\"elementor-element elementor-element-f7a6bcf elementor-widget elementor-widget-text-editor\" data-id=\"f7a6bcf\" data-element_type=\"widget\" data-e-type=\"widget\" data-widget_type=\"text-editor.default\">\n\t\t\t\t<div class=\"elementor-widget-container\">\n\t\t\t\t\t\t\t\t\t<p>Az oktat\u00e1s, a fogyat\u00e9koss\u00e1g\u00fcgy \u00e9s technol\u00f3giai szektorok k\u00f6z\u00f6tti egy\u00fcttm\u0171k\u00f6d\u00e9s er\u0151s\u00edt\u00e9se annak \u00e9rdek\u00e9ben, hogy egy akad\u00e1lymentes, t\u00e1rsadalmi felel\u0151ss\u00e9gv\u00e1llal\u00e1ssal b\u00edr\u00f3 \u00e9s mindenki sz\u00e1m\u00e1ra inkluz\u00edv digit\u00e1lis \u00e1talakul\u00e1st \u00e9rj\u00fcnk el.<\/p>\t\t\t\t\t\t\t\t<\/div>\n\t\t\t\t<\/div>\n\t\t\t\t<\/div>\n\t\t\t\t<\/div>\n\t\t\t\t\t<\/div>\n\t\t\t\t<\/div>\n\t\t<div class=\"elementor-element elementor-element-8171dd4 e-flex e-con-boxed e-con e-child\" data-id=\"8171dd4\" data-element_type=\"container\" data-e-type=\"container\">\n\t\t\t\t\t<div class=\"e-con-inner\">\n\t\t\t\t<div class=\"elementor-element elementor-element-28cf0c0 elementor-absolute elementor-view-default elementor-widget elementor-widget-icon\" data-id=\"28cf0c0\" data-element_type=\"widget\" data-e-type=\"widget\" data-settings=\"{&quot;_position&quot;:&quot;absolute&quot;}\" data-widget_type=\"icon.default\">\n\t\t\t\t<div class=\"elementor-widget-container\">\n\t\t\t\t\t\t\t<div class=\"elementor-icon-wrapper\">\n\t\t\t<div class=\"elementor-icon\">\n\t\t\t<svg xmlns=\"http:\/\/www.w3.org\/2000\/svg\" width=\"200\" height=\"278\" viewBox=\"0 0 200 278\" fill=\"none\"><path d=\"M-7.59766 45.1917L127.597 232.809\" stroke=\"#22B573\" stroke-width=\"50\" stroke-linecap=\"round\"><\/path><path d=\"M153.82 71.4036L-33.7972 206.599\" stroke=\"#22B573\" stroke-width=\"50\" stroke-linecap=\"round\"><\/path><path d=\"M41.1532 252.08L78.8465 25.9201\" stroke=\"#22B573\" stroke-width=\"50\" stroke-linecap=\"round\"><\/path><path d=\"M-55.0001 119.833L175 158.167\" stroke=\"#22B573\" stroke-width=\"50\" stroke-linecap=\"round\"><\/path><\/svg>\t\t\t<\/div>\n\t\t<\/div>\n\t\t\t\t\t\t<\/div>\n\t\t\t\t<\/div>\n\t\t\t\t<div class=\"elementor-element elementor-element-af47fa1 elementor-widget elementor-widget-heading\" data-id=\"af47fa1\" data-element_type=\"widget\" data-e-type=\"widget\" data-widget_type=\"heading.default\">\n\t\t\t\t<div class=\"elementor-widget-container\">\n\t\t\t\t\t<h2 class=\"elementor-heading-title elementor-size-default\">Mi az Erasmus+?<\/h2>\t\t\t\t<\/div>\n\t\t\t\t<\/div>\n\t\t\t\t<div class=\"elementor-element elementor-element-bd03b92 elementor-widget__width-initial elementor-widget elementor-widget-text-editor\" data-id=\"bd03b92\" data-element_type=\"widget\" data-e-type=\"widget\" data-widget_type=\"text-editor.default\">\n\t\t\t\t<div class=\"elementor-widget-container\">\n\t\t\t\t\t\t\t\t\t<p>Az Erasmus+ az Eur\u00f3pai Uni\u00f3 programja, amely az oktat\u00e1s, k\u00e9pz\u00e9s, ifj\u00fas\u00e1g \u00e9s sport t\u00e1mogat\u00e1s\u00e1ra ir\u00e1nyul Eur\u00f3pa-szerte.<\/p>\t\t\t\t\t\t\t\t<\/div>\n\t\t\t\t<\/div>\n\t\t\t\t<div class=\"elementor-element elementor-element-aded977 elementor-widget__width-initial elementor-widget elementor-widget-text-editor\" data-id=\"aded977\" data-element_type=\"widget\" data-e-type=\"widget\" data-widget_type=\"text-editor.default\">\n\t\t\t\t<div class=\"elementor-widget-container\">\n\t\t\t\t\t\t\t\t\t<p>A 2021-2027-es program kiemelt priorit\u00e1sai k\u00f6z\u00f6tt szerepel a t\u00e1rsadalmi befogad\u00e1s, fenntarthat\u00f3s\u00e1g, digit\u00e1lis \u00e1talakul\u00e1s, valamint a fiatalok demokratikus \u00e9letben val\u00f3 r\u00e9szv\u00e9tel\u00e9nek el\u0151seg\u00edt\u00e9se.<br>A program \u00f6sszhangban \u00e1ll az EU kulcsfontoss\u00e1g\u00fa kezdem\u00e9nyez\u00e9seivel, bele\u00e9rtve az Eur\u00f3pai oktat\u00e1si t\u00e9rs\u00e9get, a Digit\u00e1lis oktat\u00e1si cselekv\u00e9si tervet \u00e9s az Eur\u00f3pai k\u00e9szs\u00e9gfejleszt\u00e9si programot.<br>Tov\u00e1bbi inform\u00e1ci\u00f3\u00e9rt l\u00e1togasson el a hivatalos <a href=\"https:\/\/erasmus-plus.ec.europa.eu\/\" target=\"_blank\" rel=\"noopener\">weboldalra<\/a>.<\/p>\t\t\t\t\t\t\t\t<\/div>\n\t\t\t\t<\/div>\n\t\t\t\t<div class=\"elementor-element elementor-element-cbabc1b elementor-widget__width-initial dce_masking-none elementor-widget elementor-widget-image\" data-id=\"cbabc1b\" data-element_type=\"widget\" data-e-type=\"widget\" data-widget_type=\"image.default\">\n\t\t\t\t<div class=\"elementor-widget-container\">\n\t\t\t\t\t\t\t\t\t\t\t\t\t\t\t<img loading=\"lazy\" decoding=\"async\" width=\"800\" height=\"168\" src=\"https:\/\/edigit-project.eu\/wp-content\/uploads\/2025\/03\/EN-Co-Funded-by-the-EU_POS-1024x215.png\" class=\"attachment-large size-large wp-image-660\" alt=\"\" srcset=\"https:\/\/edigit-project.eu\/wp-content\/uploads\/2025\/03\/EN-Co-Funded-by-the-EU_POS-1024x215.png 1024w, https:\/\/edigit-project.eu\/wp-content\/uploads\/2025\/03\/EN-Co-Funded-by-the-EU_POS-300x63.png 300w, https:\/\/edigit-project.eu\/wp-content\/uploads\/2025\/03\/EN-Co-Funded-by-the-EU_POS-768x161.png 768w, https:\/\/edigit-project.eu\/wp-content\/uploads\/2025\/03\/EN-Co-Funded-by-the-EU_POS-1536x322.png 1536w, https:\/\/edigit-project.eu\/wp-content\/uploads\/2025\/03\/EN-Co-Funded-by-the-EU_POS-2048x430.png 2048w\" sizes=\"(max-width: 800px) 100vw, 800px\" \/>\t\t\t\t\t\t\t\t\t\t\t\t\t\t\t<\/div>\n\t\t\t\t<\/div>\n\t\t\t\t\t<\/div>\n\t\t\t\t<\/div>\n\t\t\t\t<\/div>\n\t\t","protected":false},"excerpt":{"rendered":"<p>Oktat\u00e1s \u00e9s digit\u00e1lis k\u00e9szs\u00e9gek a befogad\u00f3 tehets\u00e9gek fejleszt\u00e9s\u00e9\u00e9rt Az EDIGIT projekt az oktat\u00e1s, fogyat\u00e9koss\u00e1g\u00fcgy \u00e9s a technol\u00f3giai szektorok egy\u00fcttm\u0171k\u00f6d\u00e9s\u00e9vel dolgozik azon, hogy a STEM pedag\u00f3gusok inkluz\u00edv \u00e9rt\u00e9kekkel rendelkezzenek, \u00e9s \u00edgy hozz\u00e1j\u00e1ruljanak egy hozz\u00e1f\u00e9rhet\u0151 \u00e9s akad\u00e1lymentes technol\u00f3giai j\u00f6v\u0151 kialak\u00edt\u00e1s\u00e1hoz. 36 h\u00f3nap 7 partner 5 orsz\u00e1g A technol\u00f3gia soha nem l\u00e1tott \u00fctemben fejl\u0151dik, \u00e9s \u00e1talak\u00edtja azt, ahogyan [&hellip;]<\/p>\n","protected":false},"author":1,"featured_media":0,"parent":0,"menu_order":0,"comment_status":"closed","ping_status":"closed","template":"elementor_header_footer","meta":{"_acf_changed":false,"footnotes":""},"class_list":["post-833","page","type-page","status-publish","hentry"],"acf":[],"_links":{"self":[{"href":"https:\/\/edigit-project.eu\/hu\/wp-json\/wp\/v2\/pages\/833","targetHints":{"allow":["GET"]}}],"collection":[{"href":"https:\/\/edigit-project.eu\/hu\/wp-json\/wp\/v2\/pages"}],"about":[{"href":"https:\/\/edigit-project.eu\/hu\/wp-json\/wp\/v2\/types\/page"}],"author":[{"embeddable":true,"href":"https:\/\/edigit-project.eu\/hu\/wp-json\/wp\/v2\/users\/1"}],"replies":[{"embeddable":true,"href":"https:\/\/edigit-project.eu\/hu\/wp-json\/wp\/v2\/comments?post=833"}],"version-history":[{"count":3,"href":"https:\/\/edigit-project.eu\/hu\/wp-json\/wp\/v2\/pages\/833\/revisions"}],"predecessor-version":[{"id":858,"href":"https:\/\/edigit-project.eu\/hu\/wp-json\/wp\/v2\/pages\/833\/revisions\/858"}],"wp:attachment":[{"href":"https:\/\/edigit-project.eu\/hu\/wp-json\/wp\/v2\/media?parent=833"}],"curies":[{"name":"wp","href":"https:\/\/api.w.org\/{rel}","templated":true}]}}