{"id":1196,"date":"2025-03-05T11:19:39","date_gmt":"2025-03-05T11:19:39","guid":{"rendered":"https:\/\/edigit-project.eu\/adatvedelmi-iranyelvek"},"modified":"2025-08-14T07:56:42","modified_gmt":"2025-08-14T07:56:42","slug":"adatvedelmi-iranyelvek","status":"publish","type":"page","link":"https:\/\/edigit-project.eu\/hu\/adatvedelmi-iranyelvek","title":{"rendered":"Adatv\u00e9delmi ir\u00e1nyelvek"},"content":{"rendered":"\t\t<div data-elementor-type=\"wp-page\" data-elementor-id=\"1196\" class=\"elementor elementor-1196 elementor-212\" data-elementor-post-type=\"page\">\n\t\t\t\t<div data-dce-background-image-url=\"https:\/\/edigit-project.eu\/wp-content\/uploads\/2025\/03\/EDIGIT-about-bg.png\" class=\"elementor-element elementor-element-a5a8a6e e-flex e-con-boxed e-con e-child\" data-id=\"a5a8a6e\" data-element_type=\"container\" data-e-type=\"container\" data-settings=\"{&quot;background_background&quot;:&quot;classic&quot;}\">\n\t\t\t\t\t<div class=\"e-con-inner\">\n\t\t\t\t\t<\/div>\n\t\t\t\t<\/div>\n\t\t<div class=\"elementor-element elementor-element-e55e798 e-flex e-con-boxed e-con e-child\" data-id=\"e55e798\" data-element_type=\"container\" data-e-type=\"container\" data-settings=\"{&quot;background_background&quot;:&quot;classic&quot;}\">\n\t\t\t\t\t<div class=\"e-con-inner\">\n\t\t\t\t<div class=\"elementor-element elementor-element-a00cb30 elementor-widget elementor-widget-text-editor\" data-id=\"a00cb30\" data-element_type=\"widget\" data-e-type=\"widget\" data-widget_type=\"text-editor.default\">\n\t\t\t\t<div class=\"elementor-widget-container\">\n\t\t\t\t\t\t\t\t\t<p>A EDIGIT -n\u00e1l nagyon komolyan vessz\u00fck szem\u00e9lyes adatainak v\u00e9delm\u00e9t. C\u00e9lunk az \u00d6n \u00e1ltal megadott adatok mag\u00e1n\u00e9let\u00e9nek v\u00e9delme, valamint a szem\u00e9lyes adatok v\u00e9delm\u00e9re vonatkoz\u00f3 hat\u00e1lyos szab\u00e1lyoz\u00e1s betart\u00e1sa. <\/p><p>Az (EU) 2016\/679 rendeletet \u00e1t\u00fcltet\u0151, a szem\u00e9lyes adatok v\u00e9delm\u00e9r\u0151l \u00e9s a digit\u00e1lis jogok garanci\u00e1j\u00e1r\u00f3l sz\u00f3l\u00f3, december 5-i 3\/2018. t\u00f6rv\u00e9nynek megfelel\u0151en adatv\u00e9delmi \u00e9s adatv\u00e9delmi szab\u00e1lyzatunkr\u00f3l az al\u00e1bbi t\u00e1j\u00e9koztat\u00e1st adjuk:<\/p>\t\t\t\t\t\t\t\t<\/div>\n\t\t\t\t<\/div>\n\t\t\t\t<div class=\"elementor-element elementor-element-48f2668 elementor-widget elementor-widget-heading\" data-id=\"48f2668\" data-element_type=\"widget\" data-e-type=\"widget\" data-widget_type=\"heading.default\">\n\t\t\t\t<div class=\"elementor-widget-container\">\n\t\t\t\t\t<h3 class=\"elementor-heading-title elementor-size-default\">Ki az adatkezel\u0151 az \u00d6n adatainak feldolgoz\u00e1s\u00e1ban?<\/h3>\t\t\t\t<\/div>\n\t\t\t\t<\/div>\n\t\t\t\t<div class=\"elementor-element elementor-element-b4b62b2 elementor-widget elementor-widget-text-editor\" data-id=\"b4b62b2\" data-element_type=\"widget\" data-e-type=\"widget\" data-widget_type=\"text-editor.default\">\n\t\t\t\t<div class=\"elementor-widget-container\">\n\t\t\t\t\t\t\t\t\t<p>Az \u00d6n adatai\u00e9rt felel\u0151s szervezet a <strong>Universidade Da Coru\u00f1a<\/strong>. Ez egy <strong>higher education institution<\/strong> a <strong>A Coru\u00f1a, Spain<\/strong>tal\u00e1lhat\u00f3. <\/p>\t\t\t\t\t\t\t\t<\/div>\n\t\t\t\t<\/div>\n\t\t\t\t\t<\/div>\n\t\t\t\t<\/div>\n\t\t<div class=\"elementor-element elementor-element-83a935b e-flex e-con-boxed e-con e-child\" data-id=\"83a935b\" data-element_type=\"container\" data-e-type=\"container\" data-settings=\"{&quot;background_background&quot;:&quot;classic&quot;}\">\n\t\t\t\t\t<div class=\"e-con-inner\">\n\t\t<div class=\"elementor-element elementor-element-ad779b8 e-con-full e-flex e-con e-child\" data-id=\"ad779b8\" data-element_type=\"container\" data-e-type=\"container\">\n\t\t<div class=\"elementor-element elementor-element-6ad88f7 e-con-full e-flex e-con e-child\" data-id=\"6ad88f7\" data-element_type=\"container\" data-e-type=\"container\" data-settings=\"{&quot;background_background&quot;:&quot;classic&quot;}\">\n\t\t\t\t<div data-dce-title-color=\"#2B2B49\" class=\"elementor-element elementor-element-977366a elementor-widget__width-initial elementor-widget elementor-widget-heading\" data-id=\"977366a\" data-element_type=\"widget\" data-e-type=\"widget\" data-widget_type=\"heading.default\">\n\t\t\t\t<div class=\"elementor-widget-container\">\n\t\t\t\t\t<div class=\"elementor-heading-title elementor-size-default\">C\u00edm<\/div>\t\t\t\t<\/div>\n\t\t\t\t<\/div>\n\t\t\t\t<div class=\"elementor-element elementor-element-bd4f588 elementor-widget__width-initial elementor-widget elementor-widget-heading\" data-id=\"bd4f588\" data-element_type=\"widget\" data-e-type=\"widget\" data-widget_type=\"heading.default\">\n\t\t\t\t<div class=\"elementor-widget-container\">\n\t\t\t\t\t<div class=\"elementor-heading-title elementor-size-default\">R\u00faa da Maestranza 9, 15001 A Coru\u00f1a<\/div>\t\t\t\t<\/div>\n\t\t\t\t<\/div>\n\t\t\t\t<\/div>\n\t\t<div class=\"elementor-element elementor-element-16125a7 e-flex e-con-boxed e-con e-child\" data-id=\"16125a7\" data-element_type=\"container\" data-e-type=\"container\">\n\t\t\t\t\t<div class=\"e-con-inner\">\n\t\t\t\t<div data-dce-title-color=\"#2B2B49\" class=\"elementor-element elementor-element-83e71cc elementor-widget__width-initial elementor-widget elementor-widget-heading\" data-id=\"83e71cc\" data-element_type=\"widget\" data-e-type=\"widget\" data-widget_type=\"heading.default\">\n\t\t\t\t<div class=\"elementor-widget-container\">\n\t\t\t\t\t<div class=\"elementor-heading-title elementor-size-default\">Email kapcsolat<\/div>\t\t\t\t<\/div>\n\t\t\t\t<\/div>\n\t\t\t\t<div class=\"elementor-element elementor-element-b34e016 elementor-widget__width-initial elementor-widget elementor-widget-heading\" data-id=\"b34e016\" data-element_type=\"widget\" data-e-type=\"widget\" data-widget_type=\"heading.default\">\n\t\t\t\t<div class=\"elementor-widget-container\">\n\t\t\t\t\t<div class=\"elementor-heading-title elementor-size-default\"><a href=\"mailto:secretaria.xeral@udc.gal\">secretaria.xeral@udc.gal<\/a><\/div>\t\t\t\t<\/div>\n\t\t\t\t<\/div>\n\t\t\t\t\t<\/div>\n\t\t\t\t<\/div>\n\t\t<div class=\"elementor-element elementor-element-a937773 e-flex e-con-boxed e-con e-child\" data-id=\"a937773\" data-element_type=\"container\" data-e-type=\"container\" data-settings=\"{&quot;background_background&quot;:&quot;classic&quot;}\">\n\t\t\t\t\t<div class=\"e-con-inner\">\n\t\t\t\t<div data-dce-title-color=\"#2B2B49\" class=\"elementor-element elementor-element-17c25c1 elementor-widget__width-initial elementor-widget elementor-widget-heading\" data-id=\"17c25c1\" data-element_type=\"widget\" data-e-type=\"widget\" data-widget_type=\"heading.default\">\n\t\t\t\t<div class=\"elementor-widget-container\">\n\t\t\t\t\t<div class=\"elementor-heading-title elementor-size-default\">Telefon<\/div>\t\t\t\t<\/div>\n\t\t\t\t<\/div>\n\t\t\t\t<div class=\"elementor-element elementor-element-6f343fa elementor-widget__width-initial elementor-widget elementor-widget-heading\" data-id=\"6f343fa\" data-element_type=\"widget\" data-e-type=\"widget\" data-widget_type=\"heading.default\">\n\t\t\t\t<div class=\"elementor-widget-container\">\n\t\t\t\t\t<div class=\"elementor-heading-title elementor-size-default\">+34 981 16 70 00<\/div>\t\t\t\t<\/div>\n\t\t\t\t<\/div>\n\t\t\t\t\t<\/div>\n\t\t\t\t<\/div>\n\t\t\t\t<\/div>\n\t\t\t\t<div class=\"elementor-element elementor-element-7536efb elementor-widget elementor-widget-heading\" data-id=\"7536efb\" data-element_type=\"widget\" data-e-type=\"widget\" data-widget_type=\"heading.default\">\n\t\t\t\t<div class=\"elementor-widget-container\">\n\t\t\t\t\t<h2 class=\"elementor-heading-title elementor-size-default\">Mi a kezel\u00e9s c\u00e9lja?<\/h2>\t\t\t\t<\/div>\n\t\t\t\t<\/div>\n\t\t\t\t<div class=\"elementor-element elementor-element-5d18eb8 elementor-widget elementor-widget-text-editor\" data-id=\"5d18eb8\" data-element_type=\"widget\" data-e-type=\"widget\" data-widget_type=\"text-editor.default\">\n\t\t\t\t<div class=\"elementor-widget-container\">\n\t\t\t\t\t\t\t\t\t<ul><li><span data-sheets-root=\"1\">A weboldalon tal\u00e1lhat\u00f3 kapcsolatfelv\u00e9teli csatorn\u00e1inkon kereszt\u00fcl tov\u00e1bb\u00edtott k\u00e9r\u00e9sekre, panaszokra \u00e9s esem\u00e9nyekre v\u00e1laszolni.<\/span><\/li><li><span data-sheets-root=\"1\">Meg\u00e9rteni a navig\u00e1tor viselked\u00e9s\u00e9t a weben annak \u00e9rdek\u00e9ben, hogy \u00e9szlelj\u00fck a web\u00fcnket \u00e9r\u0151 lehets\u00e9ges sz\u00e1m\u00edt\u00f3g\u00e9pes t\u00e1mad\u00e1sokat.<\/span><\/li><li><span data-sheets-root=\"1\">A r\u00e1nk k\u00f6zvetlen\u00fcl vonatkoz\u00f3, tev\u00e9kenys\u00e9g\u00fcnket szab\u00e1lyoz\u00f3 t\u00f6rv\u00e9nyi k\u00f6telezetts\u00e9gek betart\u00e1sa.<\/span><\/li><li><span data-sheets-root=\"1\">Jogaink v\u00e9delme \u00e9s gyakorl\u00e1sa, vagy b\u00e1rmilyen panasz megv\u00e1laszol\u00e1sa.<\/span><\/li><li><span data-sheets-root=\"1\">H\u00edrlev\u00e9l k\u00fcld\u00e9se a felel\u0151s szem\u00e9ly tev\u00e9kenys\u00e9g\u00e9t alkot\u00f3 \u00e1rukr\u00f3l vagy szolg\u00e1ltat\u00e1sokr\u00f3l, illetve a tev\u00e9kenys\u00e9g\u00e9vel kapcsolatos h\u00edrekr\u0151l.<\/span><\/li><\/ul>\t\t\t\t\t\t\t\t<\/div>\n\t\t\t\t<\/div>\n\t\t\t\t\t<\/div>\n\t\t\t\t<\/div>\n\t\t<div class=\"elementor-element elementor-element-f17e5d4 e-flex e-con-boxed e-con e-child\" data-id=\"f17e5d4\" data-element_type=\"container\" data-e-type=\"container\" data-settings=\"{&quot;background_background&quot;:&quot;classic&quot;}\">\n\t\t\t\t\t<div class=\"e-con-inner\">\n\t\t\t\t<div class=\"elementor-element elementor-element-152e3d0 elementor-widget elementor-widget-heading\" data-id=\"152e3d0\" data-element_type=\"widget\" data-e-type=\"widget\" data-widget_type=\"heading.default\">\n\t\t\t\t<div class=\"elementor-widget-container\">\n\t\t\t\t\t<h2 class=\"elementor-heading-title elementor-size-default\">Mi a kezel\u00e9s jogalapja?<\/h2>\t\t\t\t<\/div>\n\t\t\t\t<\/div>\n\t\t\t\t<div class=\"elementor-element elementor-element-8b824ed elementor-widget elementor-widget-text-editor\" data-id=\"8b824ed\" data-element_type=\"widget\" data-e-type=\"widget\" data-widget_type=\"text-editor.default\">\n\t\t\t\t<div class=\"elementor-widget-container\">\n\t\t\t\t\t\t\t\t\t<p>Az \u00d6n adatai kezel\u00e9s\u00e9nek jogalapja az \u00e9rintett hozz\u00e1j\u00e1rul\u00e1sa a Rendelet 6.1 cikk\u00e9nek a) pontja szerint, valamint az adatkezel\u0151nek a Rendelet 6.1 cikk\u00e9nek f) pontja szerinti jogos \u00e9rdeke.<\/p><p>Az \u00d6nt\u0151l k\u00e9rt adatok megfelel\u0151ek, relev\u00e1nsak \u00e9s felt\u00e9tlen\u00fcl sz\u00fcks\u00e9gesek, \u00e9s semmilyen esetben sem k\u00f6teles azokat r\u00e9sz\u00fcnkre megadni, de ezek k\u00f6zl\u00e9s\u00e9nek elmulaszt\u00e1sa hat\u00e1ssal lehet a szolg\u00e1ltat\u00e1s c\u00e9lj\u00e1ra vagy annak ellehetetlen\u00edt\u00e9s\u00e9re.<\/p>\t\t\t\t\t\t\t\t<\/div>\n\t\t\t\t<\/div>\n\t\t\t\t<div class=\"elementor-element elementor-element-f9883c1 elementor-widget elementor-widget-heading\" data-id=\"f9883c1\" data-element_type=\"widget\" data-e-type=\"widget\" data-widget_type=\"heading.default\">\n\t\t\t\t<div class=\"elementor-widget-container\">\n\t\t\t\t\t<h2 class=\"elementor-heading-title elementor-size-default\">Mennyi ideig \u0151rizz\u00fck meg adatait?<\/h2>\t\t\t\t<\/div>\n\t\t\t\t<\/div>\n\t\t\t\t<div class=\"elementor-element elementor-element-99ecc5f elementor-widget elementor-widget-text-editor\" data-id=\"99ecc5f\" data-element_type=\"widget\" data-e-type=\"widget\" data-widget_type=\"text-editor.default\">\n\t\t\t\t<div class=\"elementor-widget-container\">\n\t\t\t\t\t\t\t\t\t<p>Az \u00d6n adatait a k\u00edn\u00e1lt szolg\u00e1ltat\u00e1s megfelel\u0151 ny\u00fajt\u00e1s\u00e1hoz, valamint az abb\u00f3l esetlegesen ad\u00f3d\u00f3 k\u00f6telezetts\u00e9gek \u00e9s egy\u00e9b jogszab\u00e1lyi k\u00f6vetelm\u00e9nyek teljes\u00edt\u00e9s\u00e9hez sz\u00fcks\u00e9ges ideig t\u00e1roljuk.<\/p>\t\t\t\t\t\t\t\t<\/div>\n\t\t\t\t<\/div>\n\t\t\t\t\t<\/div>\n\t\t\t\t<\/div>\n\t\t<div class=\"elementor-element elementor-element-2ba4c3d e-flex e-con-boxed e-con e-child\" data-id=\"2ba4c3d\" data-element_type=\"container\" data-e-type=\"container\" data-settings=\"{&quot;background_background&quot;:&quot;classic&quot;}\">\n\t\t\t\t\t<div class=\"e-con-inner\">\n\t\t\t\t<div class=\"elementor-element elementor-element-4d527bc elementor-widget elementor-widget-heading\" data-id=\"4d527bc\" data-element_type=\"widget\" data-e-type=\"widget\" data-widget_type=\"heading.default\">\n\t\t\t\t<div class=\"elementor-widget-container\">\n\t\t\t\t\t<h2 class=\"elementor-heading-title elementor-size-default\">Mely c\u00edmzettek kapj\u00e1k meg az \u00d6n adatait?<\/h2>\t\t\t\t<\/div>\n\t\t\t\t<\/div>\n\t\t\t\t<div class=\"elementor-element elementor-element-02e1472 elementor-widget elementor-widget-text-editor\" data-id=\"02e1472\" data-element_type=\"widget\" data-e-type=\"widget\" data-widget_type=\"text-editor.default\">\n\t\t\t\t<div class=\"elementor-widget-container\">\n\t\t\t\t\t\t\t\t\t<p>Az \u00d6n adatainak feldolgoz\u00e1sa sor\u00e1n a <strong>Universidade Da Coru\u00f1a<\/strong> megoszthatja adatait a k\u00f6vetkez\u0151kkel:<\/p><p>On Projects Advising SL, mint webmenedzsment \u00e9s karbantart\u00e1si szolg\u00e1ltat\u00f3k.<\/p>\t\t\t\t\t\t\t\t<\/div>\n\t\t\t\t<\/div>\n\t\t\t\t<div class=\"elementor-element elementor-element-60a4d13 elementor-widget elementor-widget-heading\" data-id=\"60a4d13\" data-element_type=\"widget\" data-e-type=\"widget\" data-widget_type=\"heading.default\">\n\t\t\t\t<div class=\"elementor-widget-container\">\n\t\t\t\t\t<h2 class=\"elementor-heading-title elementor-size-default\">Mik a jogaim?<\/h2>\t\t\t\t<\/div>\n\t\t\t\t<\/div>\n\t\t\t\t<div class=\"elementor-element elementor-element-c950578 elementor-widget elementor-widget-text-editor\" data-id=\"c950578\" data-element_type=\"widget\" data-e-type=\"widget\" data-widget_type=\"text-editor.default\">\n\t\t\t\t<div class=\"elementor-widget-container\">\n\t\t\t\t\t\t\t\t\t<ul><li><span data-sheets-root=\"1\">Hozz\u00e1f\u00e9r\u00e9s joga: joga van meger\u0151s\u00edt\u00e9st k\u00e9rni arr\u00f3l, hogy szem\u00e9lyes adatok kezel\u00e9se folyamatban van-e, valamint az ilyen adatokhoz val\u00f3 hozz\u00e1f\u00e9r\u00e9s joga.<\/span><\/li><li><span data-sheets-root=\"1\">Szem\u00e9lyes adatok helyesb\u00edt\u00e9s\u00e9hez val\u00f3 jog.<\/span><\/li><li><span data-sheets-root=\"1\">T\u00f6rl\u00e9si jog.<\/span><\/li><li><span data-sheets-root=\"1\">Az adatkezel\u00e9s korl\u00e1toz\u00e1s\u00e1hoz val\u00f3 jog.<\/span><\/li><li><span data-sheets-root=\"1\">Az adathordozhat\u00f3s\u00e1ghoz val\u00f3 jog.<\/span><\/li><li><span data-sheets-root=\"1\">Tiltakoz\u00e1shoz val\u00f3 jog: az adatkezel\u00e9s elleni tiltakoz\u00e1s joga.<\/span><\/li><\/ul>\t\t\t\t\t\t\t\t<\/div>\n\t\t\t\t<\/div>\n\t\t\t\t<div class=\"elementor-element elementor-element-00e2e63 elementor-widget elementor-widget-text-editor\" data-id=\"00e2e63\" data-element_type=\"widget\" data-e-type=\"widget\" data-widget_type=\"text-editor.default\">\n\t\t\t\t<div class=\"elementor-widget-container\">\n\t\t\t\t\t\t\t\t\t<p>Az adatkezel\u0151 fenntartja a jogot, hogy korl\u00e1tozza az EU rendelet 23. cikk\u00e9ben foglalt jogait, ha a korl\u00e1toz\u00e1sr\u00f3l k\u00fcl\u00f6n\u00f6sen az alapvet\u0151 jogok \u00e9s szabads\u00e1gok v\u00e9delme \u00e9rdek\u00e9ben ker\u00fcl sor, \u00e9s az sz\u00fcks\u00e9ges \u00e9s ar\u00e1nyos int\u00e9zked\u00e9s.<\/p>\t\t\t\t\t\t\t\t<\/div>\n\t\t\t\t<\/div>\n\t\t\t\t\t<\/div>\n\t\t\t\t<\/div>\n\t\t<div class=\"elementor-element elementor-element-9faa17a e-flex e-con-boxed e-con e-child\" data-id=\"9faa17a\" data-element_type=\"container\" data-e-type=\"container\" data-settings=\"{&quot;background_background&quot;:&quot;classic&quot;}\">\n\t\t\t\t\t<div class=\"e-con-inner\">\n\t\t\t\t<div class=\"elementor-element elementor-element-4988b5a elementor-widget elementor-widget-heading\" data-id=\"4988b5a\" data-element_type=\"widget\" data-e-type=\"widget\" data-widget_type=\"heading.default\">\n\t\t\t\t<div class=\"elementor-widget-container\">\n\t\t\t\t\t<h2 class=\"elementor-heading-title elementor-size-default\">Hol tehetek panaszt?<\/h2>\t\t\t\t<\/div>\n\t\t\t\t<\/div>\n\t\t\t\t<div class=\"elementor-element elementor-element-1001ff8 elementor-widget elementor-widget-text-editor\" data-id=\"1001ff8\" data-element_type=\"widget\" data-e-type=\"widget\" data-widget_type=\"text-editor.default\">\n\t\t\t\t<div class=\"elementor-widget-container\">\n\t\t\t\t\t\t\t\t\t<p>Ha b\u00e1rmely \u00e9rdekelt f\u00e9l \u00fagy \u00edt\u00e9li meg, hogy adatait nem megfelel\u0151en kezelik, panasz\u00e1t az al\u00e1bbi e-mail c\u00edmre k\u00fcldheti el; <a href=\"mailto:secretaria.xeral@udc.gal\">secretaria.xeral@udc.gal<\/a><\/p><p>Az \u00e9rintett kijelenti, hogy mindezen inform\u00e1ci\u00f3kat megszerezte.<\/p>\t\t\t\t\t\t\t\t<\/div>\n\t\t\t\t<\/div>\n\t\t\t\t\t<\/div>\n\t\t\t\t<\/div>\n\t\t\t\t<\/div>\n\t\t","protected":false},"excerpt":{"rendered":"<p>A EDIGIT -n\u00e1l nagyon komolyan vessz\u00fck szem\u00e9lyes adatainak v\u00e9delm\u00e9t. C\u00e9lunk az \u00d6n \u00e1ltal megadott adatok mag\u00e1n\u00e9let\u00e9nek v\u00e9delme, valamint a szem\u00e9lyes adatok v\u00e9delm\u00e9re vonatkoz\u00f3 hat\u00e1lyos szab\u00e1lyoz\u00e1s betart\u00e1sa. Az (EU) 2016\/679 rendeletet \u00e1t\u00fcltet\u0151, a szem\u00e9lyes adatok v\u00e9delm\u00e9r\u0151l \u00e9s a digit\u00e1lis jogok garanci\u00e1j\u00e1r\u00f3l sz\u00f3l\u00f3, december 5-i 3\/2018. t\u00f6rv\u00e9nynek megfelel\u0151en adatv\u00e9delmi \u00e9s adatv\u00e9delmi szab\u00e1lyzatunkr\u00f3l az al\u00e1bbi t\u00e1j\u00e9koztat\u00e1st adjuk: Ki [&hellip;]<\/p>\n","protected":false},"author":1,"featured_media":0,"parent":0,"menu_order":0,"comment_status":"closed","ping_status":"closed","template":"elementor_header_footer","meta":{"_acf_changed":false,"footnotes":""},"class_list":["post-1196","page","type-page","status-publish","hentry"],"acf":[],"_links":{"self":[{"href":"https:\/\/edigit-project.eu\/hu\/wp-json\/wp\/v2\/pages\/1196","targetHints":{"allow":["GET"]}}],"collection":[{"href":"https:\/\/edigit-project.eu\/hu\/wp-json\/wp\/v2\/pages"}],"about":[{"href":"https:\/\/edigit-project.eu\/hu\/wp-json\/wp\/v2\/types\/page"}],"author":[{"embeddable":true,"href":"https:\/\/edigit-project.eu\/hu\/wp-json\/wp\/v2\/users\/1"}],"replies":[{"embeddable":true,"href":"https:\/\/edigit-project.eu\/hu\/wp-json\/wp\/v2\/comments?post=1196"}],"version-history":[{"count":1,"href":"https:\/\/edigit-project.eu\/hu\/wp-json\/wp\/v2\/pages\/1196\/revisions"}],"predecessor-version":[{"id":1197,"href":"https:\/\/edigit-project.eu\/hu\/wp-json\/wp\/v2\/pages\/1196\/revisions\/1197"}],"wp:attachment":[{"href":"https:\/\/edigit-project.eu\/hu\/wp-json\/wp\/v2\/media?parent=1196"}],"curies":[{"name":"wp","href":"https:\/\/api.w.org\/{rel}","templated":true}]}}