{"id":1185,"date":"2025-03-06T08:35:14","date_gmt":"2025-03-06T08:35:14","guid":{"rendered":"https:\/\/edigit-project.eu\/sutikre-vonatkozo-szabalyzat"},"modified":"2025-07-15T11:53:13","modified_gmt":"2025-07-15T11:53:13","slug":"sutikre-vonatkozo-szabalyzat","status":"publish","type":"page","link":"https:\/\/edigit-project.eu\/hu\/sutikre-vonatkozo-szabalyzat","title":{"rendered":"S\u00fctikre vonatkoz\u00f3 szab\u00e1lyzat"},"content":{"rendered":"\t\t<div data-elementor-type=\"wp-page\" data-elementor-id=\"1185\" class=\"elementor elementor-1185 elementor-346\" data-elementor-post-type=\"page\">\n\t\t\t\t<div data-dce-background-image-url=\"https:\/\/edigit-project.eu\/wp-content\/uploads\/2025\/03\/EDIGIT-about-bg.png\" class=\"elementor-element elementor-element-a5a8a6e e-flex e-con-boxed e-con e-child\" data-id=\"a5a8a6e\" data-element_type=\"container\" data-e-type=\"container\" data-settings=\"{&quot;background_background&quot;:&quot;classic&quot;}\">\n\t\t\t\t\t<div class=\"e-con-inner\">\n\t\t\t\t\t<\/div>\n\t\t\t\t<\/div>\n\t\t<div class=\"elementor-element elementor-element-e55e798 e-flex e-con-boxed e-con e-child\" data-id=\"e55e798\" data-element_type=\"container\" data-e-type=\"container\" data-settings=\"{&quot;background_background&quot;:&quot;classic&quot;}\">\n\t\t\t\t\t<div class=\"e-con-inner\">\n\t\t\t\t<div class=\"elementor-element elementor-element-48f2668 elementor-widget elementor-widget-heading\" data-id=\"48f2668\" data-element_type=\"widget\" data-e-type=\"widget\" data-widget_type=\"heading.default\">\n\t\t\t\t<div class=\"elementor-widget-container\">\n\t\t\t\t\t<h3 class=\"elementor-heading-title elementor-size-default\">Mik azok a s\u00fctik?<\/h3>\t\t\t\t<\/div>\n\t\t\t\t<\/div>\n\t\t\t\t<div class=\"elementor-element elementor-element-b4b62b2 elementor-widget elementor-widget-text-editor\" data-id=\"b4b62b2\" data-element_type=\"widget\" data-e-type=\"widget\" data-widget_type=\"text-editor.default\">\n\t\t\t\t<div class=\"elementor-widget-container\">\n\t\t\t\t\t\t\t\t\t<p><span style=\"color: var( --e-global-color-text ); font-size: 1.1rem; background-color: var( --e-global-color-9fde954 );\">A s\u00fcti egy olyan f\u00e1jl, amely let\u00f6lt\u0151dik \u00e9s v\u00e9grehajt\u00f3dik az \u00d6n sz\u00e1m\u00edt\u00f3g\u00e9p\u00e9n, telefonj\u00e1n vagy mobileszk\u00f6z\u00e9n, amikor \u00d6n bizonyos weboldalakat l\u00e1togat meg. A s\u00fctik lehet\u0151v\u00e9 teszik egy webhely sz\u00e1m\u00e1ra, hogy t\u00f6bbek k\u00f6z\u00f6tt inform\u00e1ci\u00f3kat t\u00e1roljon \u00e9s k\u00e9rjen le a felhaszn\u00e1l\u00f3 b\u00f6ng\u00e9sz\u00e9si szok\u00e1sair\u00f3l, \u00e9s felismerje a felhaszn\u00e1l\u00f3t a benn\u00fck l\u00e9v\u0151 inform\u00e1ci\u00f3kt\u00f3l \u00e9s a sz\u00e1m\u00edt\u00f3g\u00e9p haszn\u00e1lat\u00e1nak m\u00f3dj\u00e1t\u00f3l f\u00fcgg\u0151en. <\/span><\/p><p>A s\u00fctik nem k\u00e1ros\u00edtj\u00e1k a sz\u00e1m\u00edt\u00f3g\u00e9pet, \u00e9s a navig\u00e1ci\u00f3 megk\u00f6nny\u00edt\u00e9s\u00e9hez sz\u00fcks\u00e9gesek.<\/p>\t\t\t\t\t\t\t\t<\/div>\n\t\t\t\t<\/div>\n\t\t\t\t<div class=\"elementor-element elementor-element-1fa7d75 elementor-widget elementor-widget-heading\" data-id=\"1fa7d75\" data-element_type=\"widget\" data-e-type=\"widget\" data-widget_type=\"heading.default\">\n\t\t\t\t<div class=\"elementor-widget-container\">\n\t\t\t\t\t<h3 class=\"elementor-heading-title elementor-size-default\">Mire haszn\u00e1ljuk a s\u00fctiket weboldalunkon?<\/h3>\t\t\t\t<\/div>\n\t\t\t\t<\/div>\n\t\t\t\t<div class=\"elementor-element elementor-element-64df693 elementor-widget elementor-widget-text-editor\" data-id=\"64df693\" data-element_type=\"widget\" data-e-type=\"widget\" data-widget_type=\"text-editor.default\">\n\t\t\t\t<div class=\"elementor-widget-container\">\n\t\t\t\t\t\t\t\t\t<p>Weboldalunk megfelel\u0151 m\u0171k\u00f6d\u00e9s\u00e9hez s\u00fctik sz\u00fcks\u00e9gesek. S\u00fctijeink c\u00e9lja a felhaszn\u00e1l\u00f3i b\u00f6ng\u00e9sz\u00e9si \u00e9lm\u00e9ny jav\u00edt\u00e1sa. Haszn\u00e1lhat\u00f3k arra, hogy eml\u00e9kezzen a preferenci\u00e1ira (nyelv, orsz\u00e1g stb.) a navig\u00e1ci\u00f3 sor\u00e1n \u00e9s a j\u00f6v\u0151beli l\u00e1togat\u00e1sok sor\u00e1n.  <\/p><p>A s\u00fctikben gy\u0171jt\u00f6tt inform\u00e1ci\u00f3k azt is lehet\u0151v\u00e9 teszik sz\u00e1munkra, hogy jav\u00edtsuk a weboldalt, \u00e9s a felhaszn\u00e1l\u00f3k egy\u00e9ni \u00e9rdekl\u0151d\u00e9s\u00e9hez igaz\u00edtsuk, felgyors\u00edtsuk a keres\u00e9st stb.<\/p>\t\t\t\t\t\t\t\t<\/div>\n\t\t\t\t<\/div>\n\t\t\t\t\t<\/div>\n\t\t\t\t<\/div>\n\t\t<div class=\"elementor-element elementor-element-83a935b e-flex e-con-boxed e-con e-child\" data-id=\"83a935b\" data-element_type=\"container\" data-e-type=\"container\" data-settings=\"{&quot;background_background&quot;:&quot;classic&quot;}\">\n\t\t\t\t\t<div class=\"e-con-inner\">\n\t\t\t\t<div class=\"elementor-element elementor-element-7536efb elementor-widget elementor-widget-heading\" data-id=\"7536efb\" data-element_type=\"widget\" data-e-type=\"widget\" data-widget_type=\"heading.default\">\n\t\t\t\t<div class=\"elementor-widget-container\">\n\t\t\t\t\t<h2 class=\"elementor-heading-title elementor-size-default\">Milyen s\u00fctiket haszn\u00e1l a honlapunk?<\/h2>\t\t\t\t<\/div>\n\t\t\t\t<\/div>\n\t\t\t\t<div class=\"elementor-element elementor-element-5d18eb8 elementor-widget elementor-widget-text-editor\" data-id=\"5d18eb8\" data-element_type=\"widget\" data-e-type=\"widget\" data-widget_type=\"text-editor.default\">\n\t\t\t\t<div class=\"elementor-widget-container\">\n\t\t\t\t\t\t\t\t\t<p><strong>Elemz\u0151 s\u00fctik:<\/strong> Ezek, amennyiben mi vagy harmadik felek megfelel\u0151en haszn\u00e1lj\u00e1k \u0151ket, lehet\u0151v\u00e9 teszik sz\u00e1munkra, hogy sz\u00e1mszer\u0171s\u00edts\u00fck a felhaszn\u00e1l\u00f3k sz\u00e1m\u00e1t, \u00e9s \u00edgy m\u00e9r\u00e9st \u00e9s statisztikai elemz\u00e9st v\u00e9gezz\u00fcnk a szolg\u00e1ltat\u00e1sunk haszn\u00e1lat\u00e1ra vonatkoz\u00f3an.<\/p><p><strong>Rekl\u00e1ms\u00fctik:<\/strong> Ezek, amennyiben mi vagy harmadik felek megfelel\u0151en haszn\u00e1lj\u00e1k \u0151ket, lehet\u0151v\u00e9 teszik sz\u00e1munkra, hogy a lehet\u0151 leghat\u00e9konyabban kezelj\u00fck a weboldal hirdet\u00e9si fel\u00fclet\u00e9t, a hirdet\u00e9s tartalm\u00e1t az ig\u00e9nyelt szolg\u00e1ltat\u00e1s tartalm\u00e1hoz, ill. haszn\u00e1lja a weboldalunkat.<\/p>\t\t\t\t\t\t\t\t<\/div>\n\t\t\t\t<\/div>\n\t\t\t\t<div class=\"elementor-element elementor-element-2e1d891 elementor-widget elementor-widget-heading\" data-id=\"2e1d891\" data-element_type=\"widget\" data-e-type=\"widget\" data-widget_type=\"heading.default\">\n\t\t\t\t<div class=\"elementor-widget-container\">\n\t\t\t\t\t<h2 class=\"elementor-heading-title elementor-size-default\">Mire nem fogjuk a s\u00fctiket haszn\u00e1lni?<\/h2>\t\t\t\t<\/div>\n\t\t\t\t<\/div>\n\t\t\t\t<div class=\"elementor-element elementor-element-8ff11eb elementor-widget elementor-widget-text-editor\" data-id=\"8ff11eb\" data-element_type=\"widget\" data-e-type=\"widget\" data-widget_type=\"text-editor.default\">\n\t\t\t\t<div class=\"elementor-widget-container\">\n\t\t\t\t\t\t\t\t\t<p>S\u00fctijeink nem t\u00e1rolnak inform\u00e1ci\u00f3kat az \u00d6n szem\u00e9lyazonoss\u00e1g\u00e1r\u00f3l, c\u00edm\u00e9r\u0151l, jelszav\u00e1r\u00f3l, hitel- vagy bet\u00e9tk\u00e1rtya adatair\u00f3l stb.<\/p>\t\t\t\t\t\t\t\t<\/div>\n\t\t\t\t<\/div>\n\t\t\t\t\t<\/div>\n\t\t\t\t<\/div>\n\t\t<div class=\"elementor-element elementor-element-f17e5d4 e-flex e-con-boxed e-con e-child\" data-id=\"f17e5d4\" data-element_type=\"container\" data-e-type=\"container\" data-settings=\"{&quot;background_background&quot;:&quot;classic&quot;}\">\n\t\t\t\t\t<div class=\"e-con-inner\">\n\t\t\t\t<div class=\"elementor-element elementor-element-152e3d0 elementor-widget elementor-widget-heading\" data-id=\"152e3d0\" data-element_type=\"widget\" data-e-type=\"widget\" data-widget_type=\"heading.default\">\n\t\t\t\t<div class=\"elementor-widget-container\">\n\t\t\t\t\t<h2 class=\"elementor-heading-title elementor-size-default\">Ki haszn\u00e1lja fel az ezekben a s\u00fctikben tal\u00e1lhat\u00f3 inform\u00e1ci\u00f3kat?<\/h2>\t\t\t\t<\/div>\n\t\t\t\t<\/div>\n\t\t\t\t<div class=\"elementor-element elementor-element-8b824ed elementor-widget elementor-widget-text-editor\" data-id=\"8b824ed\" data-element_type=\"widget\" data-e-type=\"widget\" data-widget_type=\"text-editor.default\">\n\t\t\t\t<div class=\"elementor-widget-container\">\n\t\t\t\t\t\t\t\t\t<p><span data-sheets-root=\"1\">A weboldal s\u00fctijeiben t\u00e1rolt inform\u00e1ci\u00f3kat kiz\u00e1r\u00f3lag mi haszn\u00e1ljuk, kiv\u00e9ve az al\u00e1bbiakban \u201eharmadik f\u00e9l s\u00fctik\u00e9nt\u201d megjel\u00f6lteket, amelyeket k\u00fcls\u0151 jogalanyok haszn\u00e1lnak \u00e9s kezelnek annak \u00e9rdek\u00e9ben, hogy szolg\u00e1ltat\u00e1sokat ny\u00fajtsanak sz\u00e1munkra a saj\u00e1t honlapunk, szolg\u00e1ltat\u00e1saink \u00e9s a felhaszn\u00e1l\u00f3i \u00e9lm\u00e9ny jav\u00edt\u00e1sa \u00e9rdek\u00e9ben.<\/span><\/p><p><span data-sheets-root=\"1\">A harmadik f\u00e9lt\u0151l sz\u00e1rmaz\u00f3 s\u00fctiket f\u0151k\u00e9nt statisztik\u00e1k k\u00e9sz\u00edt\u00e9s\u00e9re \u00e9s a fizet\u00e9si m\u0171veletek v\u00e9grehajt\u00e1s\u00e1nak garant\u00e1l\u00e1s\u00e1ra haszn\u00e1lj\u00e1k.<\/span><\/p>\t\t\t\t\t\t\t\t<\/div>\n\t\t\t\t<\/div>\n\t\t\t\t<div class=\"elementor-element elementor-element-f9883c1 elementor-widget elementor-widget-heading\" data-id=\"f9883c1\" data-element_type=\"widget\" data-e-type=\"widget\" data-widget_type=\"heading.default\">\n\t\t\t\t<div class=\"elementor-widget-container\">\n\t\t\t\t\t<h2 class=\"elementor-heading-title elementor-size-default\">Megakad\u00e1lyozhatom a s\u00fctik haszn\u00e1lat\u00e1t?<\/h2>\t\t\t\t<\/div>\n\t\t\t\t<\/div>\n\t\t\t\t<div class=\"elementor-element elementor-element-99ecc5f elementor-widget elementor-widget-text-editor\" data-id=\"99ecc5f\" data-element_type=\"widget\" data-e-type=\"widget\" data-widget_type=\"text-editor.default\">\n\t\t\t\t<div class=\"elementor-widget-container\">\n\t\t\t\t\t\t\t\t\t<p>Igen, el\u0151sz\u00f6r is le kell tiltania a s\u00fctiket a b\u00f6ng\u00e9sz\u0151j\u00e9ben, m\u00e1sodszor pedig t\u00f6r\u00f6lnie kell a b\u00f6ng\u00e9sz\u0151j\u00e9ben t\u00e1rolt, ehhez a weboldalhoz kapcsol\u00f3d\u00f3 s\u00fctiket.<\/p><p>A b\u00f6ng\u00e9sz\u0151 be\u00e1ll\u00edt\u00e1sainak m\u00f3dos\u00edt\u00e1s\u00e1val b\u00e1rmikor korl\u00e1tozhatja, blokkolhatja vagy t\u00f6r\u00f6lheti a s\u00fctiket err\u0151l a honlapr\u00f3l. Ez a be\u00e1ll\u00edt\u00e1s b\u00f6ng\u00e9sz\u0151nk\u00e9nt elt\u00e9r\u0151. A s\u00fctik b\u00f6ng\u00e9sz\u0151j\u00e9ben t\u00f6rt\u00e9n\u0151 be\u00e1ll\u00edt\u00e1s\u00e1val kapcsolatos tov\u00e1bbi r\u00e9szletek\u00e9rt tekintse meg b\u00f6ng\u00e9sz\u0151je \u201eS\u00fag\u00f3\u201d men\u00fcj\u00e9t.  <\/p><p><span data-sheets-root=\"1\">Lehets\u00e9ges, hogy a weboldal egyes funkci\u00f3i nem m\u0171k\u00f6dnek tov\u00e1bb, ha letiltja a s\u00fctiket.<\/span><\/p>\t\t\t\t\t\t\t\t<\/div>\n\t\t\t\t<\/div>\n\t\t\t\t\t<\/div>\n\t\t\t\t<\/div>\n\t\t<div class=\"elementor-element elementor-element-2ba4c3d e-flex e-con-boxed e-con e-child\" data-id=\"2ba4c3d\" data-element_type=\"container\" data-e-type=\"container\" data-settings=\"{&quot;background_background&quot;:&quot;classic&quot;}\">\n\t\t\t\t\t<div class=\"e-con-inner\">\n\t\t\t\t<div class=\"elementor-element elementor-element-4d527bc elementor-widget elementor-widget-heading\" data-id=\"4d527bc\" data-element_type=\"widget\" data-e-type=\"widget\" data-widget_type=\"heading.default\">\n\t\t\t\t<div class=\"elementor-widget-container\">\n\t\t\t\t\t<h2 class=\"elementor-heading-title elementor-size-default\">A weboldalunk \u00e1ltal haszn\u00e1lt s\u00fctik list\u00e1ja<\/h2>\t\t\t\t<\/div>\n\t\t\t\t<\/div>\n\t\t\t\t<div class=\"elementor-element elementor-element-02e1472 elementor-widget elementor-widget-text-editor\" data-id=\"02e1472\" data-element_type=\"widget\" data-e-type=\"widget\" data-widget_type=\"text-editor.default\">\n\t\t\t\t<div class=\"elementor-widget-container\">\n\t\t\t\t\t\t\t\t\t<p><b>Technikai \u00e9s testreszab\u00e1si s\u00fctik<\/b><\/p><p><span data-sheets-root=\"1\">Ezeket a s\u00fctiket arra haszn\u00e1lj\u00e1k, hogy azonos\u00edts\u00e1k a felhaszn\u00e1l\u00f3t a munkamenet sor\u00e1n, megakad\u00e1lyozz\u00e1k, hogy a felhaszn\u00e1l\u00f3nak meg kell ism\u00e9telnie a hiteles\u00edt\u00e9si folyamatokat a webhelyen, felgyors\u00edtson bizonyos webhelyfolyamatokat, eml\u00e9kezzen a munkamenet sor\u00e1n vagy a k\u00e9s\u0151bbi hozz\u00e1f\u00e9r\u00e9sekn\u00e9l v\u00e9gzett kijel\u00f6l\u00e9sekre, eml\u00e9kezzen a m\u00e1r megl\u00e1togatott oldalakra stb.<\/span><\/p>\t\t\t\t\t\t\t\t<\/div>\n\t\t\t\t<\/div>\n\t\t\t\t<div class=\"elementor-element elementor-element-46ddcda eael-dt-th-align-center eael-table-align-center elementor-widget elementor-widget-eael-data-table\" data-id=\"46ddcda\" data-element_type=\"widget\" data-e-type=\"widget\" data-widget_type=\"eael-data-table.default\">\n\t\t\t\t<div class=\"elementor-widget-container\">\n\t\t\t\t\t<style>\n\t\t\t@media (max-width: 767px) {\n\t\t\t   #eael-data-table-wrapper-46ddcda.custom-responsive-option-enable .eael-data-table thead {\n                    display: none;\n               }\n               #eael-data-table-wrapper-46ddcda.custom-responsive-option-enable .eael-data-table tbody tr td {\n                    float: none;\n                    clear: left;\n                    width: 100%;\n                    text-align: left;\n                    display: flex;\n                    align-items: center;\n                }\n\t\t\t}\n\t\t\t<\/style>\t\t<div class=\"eael-data-table-wrap custom-responsive-option-enable\" data-table_id=\"46ddcda\" id=\"eael-data-table-wrapper-46ddcda\" data-custom_responsive=\"true\">\n\t\t\t<table class=\"tablesorter eael-data-table center\" id=\"eael-data-table-46ddcda\">\n\t\t\t    <thead>\n\t\t\t        <tr class=\"table-header\">\n\t\t\t\t\t\t\t\t\t            <th class=\"\" id=\"\" colspan=\"\">\n\t\t\t\t\t\t\t\t\t\t\t\t\t\t<span class=\"data-table-header-text\">S\u00fctik<\/span><\/th>\n\t\t\t        \t\t\t\t            <th class=\"\" id=\"\" colspan=\"\">\n\t\t\t\t\t\t\t\t\t\t\t\t\t\t<span class=\"data-table-header-text\">C\u00e9l<\/span><\/th>\n\t\t\t        \t\t\t\t            <th class=\"\" id=\"\" colspan=\"\">\n\t\t\t\t\t\t\t\t\t\t\t\t\t\t<span class=\"data-table-header-text\">Id\u0151tartam<\/span><\/th>\n\t\t\t        \t\t\t\t            <th class=\"\" id=\"\" colspan=\"\">\n\t\t\t\t\t\t\t\t\t\t\t\t\t\t<span class=\"data-table-header-text\">Menedzsment<\/span><\/th>\n\t\t\t        \t\t\t\t        <\/tr>\n\t\t\t    <\/thead>\n\t\t\t  \t<tbody>\n\t\t\t\t\t\t\t\t\t\t\t<tr>\n\t\t\t\t\t\t\t\t\t\t\t\t\t\t\t\t   \t\t\t\t\t\t\t\t\t\t\t<td colspan=\"\" rowspan=\"\" class=\"\" id=\"\">\n\t\t\t\t\t\t\t\t\t\t\t\t<div class=\"td-content-wrapper\"><div class=\"td-content\">\n\t\t\t\t\t\t\t\t\t\t\t\t\tHaszn\u00e1l\u00f3 azonos\u00edt\u00e1s\t\t\t\t\t\t\t\t\t\t\t\t<\/div><\/div>\n\t\t\t\t\t\t\t\t\t\t\t<\/td>\n\t\t\t\t\t\t\t\t\t\t\t\t\t\t\t\t\t\t\t\t\t\t\t\t\t\t\t\t\t   \t\t\t\t\t\t\t\t\t\t\t<td colspan=\"\" rowspan=\"\" class=\"justify\" id=\"\">\n\t\t\t\t\t\t\t\t\t\t\t\t<div class=\"td-content-wrapper\"><div class=\"td-content\">\n\t\t\t\t\t\t\t\t\t\t\t\t\tA felhaszn\u00e1l\u00f3 azonos\u00edt\u00e1s\u00e1ra \u00e9s hiteles\u00edt\u00e9s\u00e9re szolg\u00e1lnak. Tartalmazz\u00e1k a felhaszn\u00e1l\u00f3i munkamenet technikai adatait is, p\u00e9ld\u00e1ul a kapcsolat id\u0151t\u00fall\u00e9p\u00e9s\u00e9t, a munkamenet azonos\u00edt\u00f3j\u00e1t stb. \t\t\t\t\t\t\t\t\t\t\t\t<\/div><\/div>\n\t\t\t\t\t\t\t\t\t\t\t<\/td>\n\t\t\t\t\t\t\t\t\t\t\t\t\t\t\t\t\t\t\t\t\t\t\t\t\t\t\t\t\t   \t\t\t\t\t\t\t\t\t\t\t<td colspan=\"\" rowspan=\"\" class=\"\" id=\"\">\n\t\t\t\t\t\t\t\t\t\t\t\t<div class=\"td-content-wrapper\"><div class=\"td-content\">\n\t\t\t\t\t\t\t\t\t\t\t\t\tSzekci\u00f3\t\t\t\t\t\t\t\t\t\t\t\t<\/div><\/div>\n\t\t\t\t\t\t\t\t\t\t\t<\/td>\n\t\t\t\t\t\t\t\t\t\t\t\t\t\t\t\t\t\t\t\t\t\t\t\t\t\t\t\t\t   \t\t\t\t\t\t\t\t\t\t\t<td colspan=\"\" rowspan=\"\" class=\"\" id=\"\">\n\t\t\t\t\t\t\t\t\t\t\t\t<div class=\"td-content-wrapper\"><div class=\"td-content\">\n\t\t\t\t\t\t\t\t\t\t\t\t\tEDIGIT\t\t\t\t\t\t\t\t\t\t\t\t<\/div><\/div>\n\t\t\t\t\t\t\t\t\t\t\t<\/td>\n\t\t\t\t\t\t\t\t\t\t\t\t\t\t\t\t\t\t\t\t\t\t\t\t\t\t<\/tr>\n\t\t\t        \t\t\t\t\t\t<tr>\n\t\t\t\t\t\t\t\t\t\t\t\t\t\t\t\t   \t\t\t\t\t\t\t\t\t\t\t<td colspan=\"\" rowspan=\"\" class=\"\" id=\"\">\n\t\t\t\t\t\t\t\t\t\t\t\t<div class=\"td-content-wrapper\"><div class=\"td-content\">\n\t\t\t\t\t\t\t\t\t\t\t\t\tSzekci\u00f3 azonos\u00edt\u00e1sa\t\t\t\t\t\t\t\t\t\t\t\t<\/div><\/div>\n\t\t\t\t\t\t\t\t\t\t\t<\/td>\n\t\t\t\t\t\t\t\t\t\t\t\t\t\t\t\t\t\t\t\t\t\t\t\t\t\t\t\t\t   \t\t\t\t\t\t\t\t\t\t\t<td colspan=\"\" rowspan=\"\" class=\"justify\" id=\"\">\n\t\t\t\t\t\t\t\t\t\t\t\t<div class=\"td-content-wrapper\"><div class=\"td-content\">\n\t\t\t\t\t\t\t\t\t\t\t\t\tEzek azonos\u00edtj\u00e1k a felhaszn\u00e1l\u00f3 http munkamenet\u00e9t. Minden webalkalmaz\u00e1sban gyakoriak a felhaszn\u00e1l\u00f3i munkamenetb\u0151l sz\u00e1rmaz\u00f3 k\u00e9r\u00e9sek azonos\u00edt\u00e1s\u00e1ra. \t\t\t\t\t\t\t\t\t\t\t\t<\/div><\/div>\n\t\t\t\t\t\t\t\t\t\t\t<\/td>\n\t\t\t\t\t\t\t\t\t\t\t\t\t\t\t\t\t\t\t\t\t\t\t\t\t\t\t\t\t   \t\t\t\t\t\t\t\t\t\t\t<td colspan=\"\" rowspan=\"\" class=\"\" id=\"\">\n\t\t\t\t\t\t\t\t\t\t\t\t<div class=\"td-content-wrapper\"><div class=\"td-content\">\n\t\t\t\t\t\t\t\t\t\t\t\t\tSzekci\u00f3\t\t\t\t\t\t\t\t\t\t\t\t<\/div><\/div>\n\t\t\t\t\t\t\t\t\t\t\t<\/td>\n\t\t\t\t\t\t\t\t\t\t\t\t\t\t\t\t\t\t\t\t\t\t\t\t\t\t\t\t\t   \t\t\t\t\t\t\t\t\t\t\t<td colspan=\"\" rowspan=\"\" class=\"\" id=\"\">\n\t\t\t\t\t\t\t\t\t\t\t\t<div class=\"td-content-wrapper\"><div class=\"td-content\">\n\t\t\t\t\t\t\t\t\t\t\t\t\tEDIGIT\t\t\t\t\t\t\t\t\t\t\t\t<\/div><\/div>\n\t\t\t\t\t\t\t\t\t\t\t<\/td>\n\t\t\t\t\t\t\t\t\t\t\t\t\t\t\t\t\t\t\t\t\t\t\t\t\t\t<\/tr>\n\t\t\t        \t\t\t\t\t\t<tr>\n\t\t\t\t\t\t\t\t\t\t\t\t\t\t\t\t   \t\t\t\t\t\t\t\t\t\t\t<td colspan=\"\" rowspan=\"\" class=\"\" id=\"\">\n\t\t\t\t\t\t\t\t\t\t\t\t<div class=\"td-content-wrapper\"><div class=\"td-content\">\n\t\t\t\t\t\t\t\t\t\t\t\t\tNavig\u00e1ci\u00f3 \u00e1llapota\t\t\t\t\t\t\t\t\t\t\t\t<\/div><\/div>\n\t\t\t\t\t\t\t\t\t\t\t<\/td>\n\t\t\t\t\t\t\t\t\t\t\t\t\t\t\t\t\t\t\t\t\t\t\t\t\t\t\t\t\t   \t\t\t\t\t\t\t\t\t\t\t<td colspan=\"\" rowspan=\"\" class=\"justify\" id=\"\">\n\t\t\t\t\t\t\t\t\t\t\t\t<div class=\"td-content-wrapper\"><div class=\"td-content\">\n\t\t\t\t\t\t\t\t\t\t\t\t\tSeg\u00edtenek azonos\u00edtani a felhaszn\u00e1l\u00f3 b\u00f6ng\u00e9sz\u00e9si \u00e1llapot\u00e1t (bejelentkez\u00e9s, els\u0151 oldal, els\u0151 hozz\u00e1f\u00e9r\u00e9s, g\u00f6rget\u00e9s \u00e1llapota, szavaz\u00e1s \u00e1llapota stb.).\t\t\t\t\t\t\t\t\t\t\t\t<\/div><\/div>\n\t\t\t\t\t\t\t\t\t\t\t<\/td>\n\t\t\t\t\t\t\t\t\t\t\t\t\t\t\t\t\t\t\t\t\t\t\t\t\t\t\t\t\t   \t\t\t\t\t\t\t\t\t\t\t<td colspan=\"\" rowspan=\"\" class=\"\" id=\"\">\n\t\t\t\t\t\t\t\t\t\t\t\t<div class=\"td-content-wrapper\"><div class=\"td-content\">\n\t\t\t\t\t\t\t\t\t\t\t\t\tSzekci\u00f3\t\t\t\t\t\t\t\t\t\t\t\t<\/div><\/div>\n\t\t\t\t\t\t\t\t\t\t\t<\/td>\n\t\t\t\t\t\t\t\t\t\t\t\t\t\t\t\t\t\t\t\t\t\t\t\t\t\t\t\t\t   \t\t\t\t\t\t\t\t\t\t\t<td colspan=\"\" rowspan=\"\" class=\"\" id=\"\">\n\t\t\t\t\t\t\t\t\t\t\t\t<div class=\"td-content-wrapper\"><div class=\"td-content\">\n\t\t\t\t\t\t\t\t\t\t\t\t\tEDIGIT\t\t\t\t\t\t\t\t\t\t\t\t<\/div><\/div>\n\t\t\t\t\t\t\t\t\t\t\t<\/td>\n\t\t\t\t\t\t\t\t\t\t\t\t\t\t\t\t\t\t\t\t\t\t\t\t\t\t<\/tr>\n\t\t\t        \t\t\t    <\/tbody>\n\t\t\t<\/table>\n\t\t<\/div>\n\t  \t\t\t\t\t<\/div>\n\t\t\t\t<\/div>\n\t\t\t\t<div class=\"elementor-element elementor-element-c950578 elementor-widget elementor-widget-text-editor\" data-id=\"c950578\" data-element_type=\"widget\" data-e-type=\"widget\" data-widget_type=\"text-editor.default\">\n\t\t\t\t<div class=\"elementor-widget-container\">\n\t\t\t\t\t\t\t\t\t<p><strong>Navig\u00e1ci\u00f3t elemz\u0151 s\u00fctik<\/strong><\/p><p><span data-sheets-root=\"1\">Ezek a s\u00fctik \u00e1ltal\u00e1nos inform\u00e1ci\u00f3kat szereznek a felhaszn\u00e1l\u00f3k webhelyhez val\u00f3 hozz\u00e1f\u00e9r\u00e9s\u00e9r\u0151l (nem annak tartalm\u00e1r\u00f3l), hogy a k\u00e9s\u0151bbiekben statisztikai c\u00e9lokat szolg\u00e1lhassanak sz\u00e1munkra ezekr\u0151l a hozz\u00e1f\u00e9r\u00e9sekr\u0151l.<\/span><\/p>\t\t\t\t\t\t\t\t<\/div>\n\t\t\t\t<\/div>\n\t\t\t\t<div class=\"elementor-element elementor-element-98fc34a eael-dt-th-align-center eael-table-align-center elementor-widget elementor-widget-eael-data-table\" data-id=\"98fc34a\" data-element_type=\"widget\" data-e-type=\"widget\" data-widget_type=\"eael-data-table.default\">\n\t\t\t\t<div class=\"elementor-widget-container\">\n\t\t\t\t\t<style>\n\t\t\t@media (max-width: 767px) {\n\t\t\t   #eael-data-table-wrapper-98fc34a.custom-responsive-option-enable .eael-data-table thead {\n                    display: none;\n               }\n               #eael-data-table-wrapper-98fc34a.custom-responsive-option-enable .eael-data-table tbody tr td {\n                    float: none;\n                    clear: left;\n                    width: 100%;\n                    text-align: left;\n                    display: flex;\n                    align-items: center;\n                }\n\t\t\t}\n\t\t\t<\/style>\t\t<div class=\"eael-data-table-wrap custom-responsive-option-enable\" data-table_id=\"98fc34a\" id=\"eael-data-table-wrapper-98fc34a\" data-custom_responsive=\"true\">\n\t\t\t<table class=\"tablesorter eael-data-table center\" id=\"eael-data-table-98fc34a\">\n\t\t\t    <thead>\n\t\t\t        <tr class=\"table-header\">\n\t\t\t\t\t\t\t\t\t            <th class=\"\" id=\"\" colspan=\"\">\n\t\t\t\t\t\t\t\t\t\t\t\t\t\t<span class=\"data-table-header-text\">S\u00fctik<\/span><\/th>\n\t\t\t        \t\t\t\t            <th class=\"\" id=\"\" colspan=\"\">\n\t\t\t\t\t\t\t\t\t\t\t\t\t\t<span class=\"data-table-header-text\">C\u00e9l<\/span><\/th>\n\t\t\t        \t\t\t\t            <th class=\"\" id=\"\" colspan=\"\">\n\t\t\t\t\t\t\t\t\t\t\t\t\t\t<span class=\"data-table-header-text\">Id\u0151tartam<\/span><\/th>\n\t\t\t        \t\t\t\t            <th class=\"\" id=\"\" colspan=\"\">\n\t\t\t\t\t\t\t\t\t\t\t\t\t\t<span class=\"data-table-header-text\">Menedzsment<\/span><\/th>\n\t\t\t        \t\t\t\t        <\/tr>\n\t\t\t    <\/thead>\n\t\t\t  \t<tbody>\n\t\t\t\t\t\t\t\t\t\t\t<tr>\n\t\t\t\t\t\t\t\t\t\t\t\t\t\t\t\t   \t\t\t\t\t\t\t\t\t\t\t<td colspan=\"\" rowspan=\"\" class=\"\" id=\"\">\n\t\t\t\t\t\t\t\t\t\t\t\t<div class=\"td-content-wrapper\"><div class=\"td-content\">\n\t\t\t\t\t\t\t\t\t\t\t\t\tGoogle Analytics (__utma, __utmb, __utmc, __utmd, __utmv, __utmz, _ga&#8230;)\t\t\t\t\t\t\t\t\t\t\t\t<\/div><\/div>\n\t\t\t\t\t\t\t\t\t\t\t<\/td>\n\t\t\t\t\t\t\t\t\t\t\t\t\t\t\t\t\t\t\t\t\t\t\t\t\t\t\t\t\t   \t\t\t\t\t\t\t\t\t\t\t<td colspan=\"\" rowspan=\"\" class=\"justify\" id=\"\">\n\t\t\t\t\t\t\t\t\t\t\t\t<div class=\"td-content-wrapper\"><div class=\"td-content\">\n\t\t\t\t\t\t\t\t\t\t\t\t\t<p>Lehet\u0151v\u00e9 teszik a webhelystatisztik\u00e1k nyomon k\u00f6vet\u00e9s\u00e9t a Google Analytics eszk\u00f6z\u00f6n kereszt\u00fcl, amely a Google \u00e1ltal biztos\u00edtott szolg\u00e1ltat\u00e1s, amely inform\u00e1ci\u00f3kat szerez a felhaszn\u00e1l\u00f3k webhelyekhez val\u00f3 hozz\u00e1f\u00e9r\u00e9s\u00e9r\u0151l. A t\u00e1rolt adatok egy r\u00e9sze: h\u00e1nyszor l\u00e1togatta meg a felhaszn\u00e1l\u00f3 a weboldalt, a felhaszn\u00e1l\u00f3 els\u0151 \u00e9s utols\u00f3 l\u00e1togat\u00e1s\u00e1nak d\u00e1tuma, a l\u00e1togat\u00e1sok id\u0151tartama, melyik oldalr\u00f3l jutott el a felhaszn\u00e1l\u00f3 a weboldalra, melyik keres\u0151t haszn\u00e1lta vagy melyik linkre kattintott, innen a vil\u00e1g mely r\u00e9sz\u00e9n l\u00e9pett be a felhaszn\u00e1l\u00f3 a webhelyre stb. A cookie \u00e1ltal gener\u00e1lt inform\u00e1ci\u00f3kat a webhely \u00d6n \u00e1ltali haszn\u00e1lat\u00e1r\u00f3l k\u00f6zvetlen\u00fcl a Google Inc (egy egyes\u00fclt \u00e1llamokbeli c\u00e9g) tov\u00e1bb\u00edtja \u00e9s t\u00e1rolja. Ezeknek a s\u00fctiknek a konfigur\u00e1ci\u00f3j\u00e1t a Google \u00e1ltal k\u00edn\u00e1lt szolg\u00e1ltat\u00e1s el\u0151re meghat\u00e1rozza, ez\u00e9rt azt javasoljuk, hogy keresse fel a <a href=\"https:\/\/policies.google.com\/technologies\/cookies\" target=\"_blank\" rel=\"noopener\">Google Analytics adatv\u00e9delmi oldal\u00e1t<\/a>, ahol tov\u00e1bbi inform\u00e1ci\u00f3kat tal\u00e1l az \u00e1ltala haszn\u00e1lt s\u00fctikr\u0151l \u00e9s azok letilt\u00e1s\u00e1nak m\u00f3dj\u00e1r\u00f3l (ne feledje, hogy nem v\u00e1llalunk felel\u0151ss\u00e9get a tartalom\u00e9rt \u00e9s a harmadik felek webhelyeinek pontoss\u00e1ga).   <\/p>\n\t\t\t\t\t\t\t\t\t\t\t\t<\/div><\/div>\n\t\t\t\t\t\t\t\t\t\t\t<\/td>\n\t\t\t\t\t\t\t\t\t\t\t\t\t\t\t\t\t\t\t\t\t\t\t\t\t\t\t\t\t   \t\t\t\t\t\t\t\t\t\t\t<td colspan=\"\" rowspan=\"\" class=\"\" id=\"\">\n\t\t\t\t\t\t\t\t\t\t\t\t<div class=\"td-content-wrapper\"><div class=\"td-content\">\n\t\t\t\t\t\t\t\t\t\t\t\t\t\u00c1lland\u00f3\t\t\t\t\t\t\t\t\t\t\t\t<\/div><\/div>\n\t\t\t\t\t\t\t\t\t\t\t<\/td>\n\t\t\t\t\t\t\t\t\t\t\t\t\t\t\t\t\t\t\t\t\t\t\t\t\t\t\t\t\t   \t\t\t\t\t\t\t\t\t\t\t<td colspan=\"\" rowspan=\"\" class=\"\" id=\"\">\n\t\t\t\t\t\t\t\t\t\t\t\t<div class=\"td-content-wrapper\"><div class=\"td-content\">\n\t\t\t\t\t\t\t\t\t\t\t\t\tHarmadik f\u00e9l\t\t\t\t\t\t\t\t\t\t\t\t<\/div><\/div>\n\t\t\t\t\t\t\t\t\t\t\t<\/td>\n\t\t\t\t\t\t\t\t\t\t\t\t\t\t\t\t\t\t\t\t\t\t\t\t\t\t<\/tr>\n\t\t\t        \t\t\t    <\/tbody>\n\t\t\t<\/table>\n\t\t<\/div>\n\t  \t\t\t\t\t<\/div>\n\t\t\t\t<\/div>\n\t\t\t\t\t<\/div>\n\t\t\t\t<\/div>\n\t\t\t\t<\/div>\n\t\t","protected":false},"excerpt":{"rendered":"<p>Mik azok a s\u00fctik? A s\u00fcti egy olyan f\u00e1jl, amely let\u00f6lt\u0151dik \u00e9s v\u00e9grehajt\u00f3dik az \u00d6n sz\u00e1m\u00edt\u00f3g\u00e9p\u00e9n, telefonj\u00e1n vagy mobileszk\u00f6z\u00e9n, amikor \u00d6n bizonyos weboldalakat l\u00e1togat meg. A s\u00fctik lehet\u0151v\u00e9 teszik egy webhely sz\u00e1m\u00e1ra, hogy t\u00f6bbek k\u00f6z\u00f6tt inform\u00e1ci\u00f3kat t\u00e1roljon \u00e9s k\u00e9rjen le a felhaszn\u00e1l\u00f3 b\u00f6ng\u00e9sz\u00e9si szok\u00e1sair\u00f3l, \u00e9s felismerje a felhaszn\u00e1l\u00f3t a benn\u00fck l\u00e9v\u0151 inform\u00e1ci\u00f3kt\u00f3l \u00e9s a sz\u00e1m\u00edt\u00f3g\u00e9p [&hellip;]<\/p>\n","protected":false},"author":1,"featured_media":0,"parent":0,"menu_order":0,"comment_status":"closed","ping_status":"closed","template":"elementor_header_footer","meta":{"_acf_changed":false,"footnotes":""},"class_list":["post-1185","page","type-page","status-publish","hentry"],"acf":[],"_links":{"self":[{"href":"https:\/\/edigit-project.eu\/hu\/wp-json\/wp\/v2\/pages\/1185","targetHints":{"allow":["GET"]}}],"collection":[{"href":"https:\/\/edigit-project.eu\/hu\/wp-json\/wp\/v2\/pages"}],"about":[{"href":"https:\/\/edigit-project.eu\/hu\/wp-json\/wp\/v2\/types\/page"}],"author":[{"embeddable":true,"href":"https:\/\/edigit-project.eu\/hu\/wp-json\/wp\/v2\/users\/1"}],"replies":[{"embeddable":true,"href":"https:\/\/edigit-project.eu\/hu\/wp-json\/wp\/v2\/comments?post=1185"}],"version-history":[{"count":1,"href":"https:\/\/edigit-project.eu\/hu\/wp-json\/wp\/v2\/pages\/1185\/revisions"}],"predecessor-version":[{"id":1186,"href":"https:\/\/edigit-project.eu\/hu\/wp-json\/wp\/v2\/pages\/1185\/revisions\/1186"}],"wp:attachment":[{"href":"https:\/\/edigit-project.eu\/hu\/wp-json\/wp\/v2\/media?parent=1185"}],"curies":[{"name":"wp","href":"https:\/\/api.w.org\/{rel}","templated":true}]}}