{"id":827,"date":"2025-03-05T09:58:10","date_gmt":"2025-03-05T09:58:10","guid":{"rendered":"https:\/\/edigit-project.eu\/sobre"},"modified":"2025-04-03T07:58:51","modified_gmt":"2025-04-03T07:58:51","slug":"sobre","status":"publish","type":"page","link":"https:\/\/edigit-project.eu\/es\/sobre","title":{"rendered":"Sobre"},"content":{"rendered":"\t\t<div data-elementor-type=\"wp-page\" data-elementor-id=\"827\" class=\"elementor elementor-827 elementor-155\" data-elementor-post-type=\"page\">\n\t\t\t\t<div data-dce-background-image-url=\"https:\/\/edigit-project.eu\/wp-content\/uploads\/2025\/03\/EDIGIT-about-bg.png\" class=\"elementor-element elementor-element-76ee4ca e-flex e-con-boxed e-con e-child\" data-id=\"76ee4ca\" data-element_type=\"container\" data-e-type=\"container\" data-settings=\"{&quot;background_background&quot;:&quot;classic&quot;}\">\n\t\t\t\t\t<div class=\"e-con-inner\">\n\t\t\t\t<div class=\"elementor-element elementor-element-46baa14 elementor-widget__width-initial elementor-widget elementor-widget-heading\" data-id=\"46baa14\" data-element_type=\"widget\" data-e-type=\"widget\" data-widget_type=\"heading.default\">\n\t\t\t\t<div class=\"elementor-widget-container\">\n\t\t\t\t\t<h1 class=\"elementor-heading-title elementor-size-default\">Educaci\u00f3n y alfabetizaci\u00f3n digital para desarrollar talentos inclusivos<\/h1>\t\t\t\t<\/div>\n\t\t\t\t<\/div>\n\t\t\t\t<div class=\"elementor-element elementor-element-6b2adf6 elementor-widget__width-initial elementor-widget elementor-widget-text-editor\" data-id=\"6b2adf6\" data-element_type=\"widget\" data-e-type=\"widget\" data-widget_type=\"text-editor.default\">\n\t\t\t\t<div class=\"elementor-widget-container\">\n\t\t\t\t\t\t\t\t\t<p>El proyecto EDIGIT trabaja con los sectores de la educaci\u00f3n, el cuidado de la discapacidad y la tecnolog\u00eda para empoderar a los educadores STEM con valores inclusivos para un futuro tecnol\u00f3gico accesible.<\/p>\t\t\t\t\t\t\t\t<\/div>\n\t\t\t\t<\/div>\n\t\t<div class=\"elementor-element elementor-element-702d142 e-con-full e-flex e-con e-child\" data-id=\"702d142\" data-element_type=\"container\" data-e-type=\"container\">\n\t\t<div class=\"elementor-element elementor-element-025f3ba e-con-full e-flex e-con e-child\" data-id=\"025f3ba\" data-element_type=\"container\" data-e-type=\"container\">\n\t\t\t\t<div class=\"elementor-element elementor-element-88186d2 elementor-widget__width-initial elementor-widget elementor-widget-heading\" data-id=\"88186d2\" data-element_type=\"widget\" data-e-type=\"widget\" data-widget_type=\"heading.default\">\n\t\t\t\t<div class=\"elementor-widget-container\">\n\t\t\t\t\t<h5 class=\"elementor-heading-title elementor-size-default\"><span id=\"m-counter\">36<\/span><\/h5>\t\t\t\t<\/div>\n\t\t\t\t<\/div>\n\t\t\t\t<div class=\"elementor-element elementor-element-0ea0ec8 elementor-widget__width-initial elementor-widget elementor-widget-heading\" data-id=\"0ea0ec8\" data-element_type=\"widget\" data-e-type=\"widget\" data-widget_type=\"heading.default\">\n\t\t\t\t<div class=\"elementor-widget-container\">\n\t\t\t\t\t<div class=\"elementor-heading-title elementor-size-default\">meses<\/div>\t\t\t\t<\/div>\n\t\t\t\t<\/div>\n\t\t\t\t<\/div>\n\t\t<div class=\"elementor-element elementor-element-ebe2546 e-con-full e-flex e-con e-child\" data-id=\"ebe2546\" data-element_type=\"container\" data-e-type=\"container\">\n\t\t\t\t<div class=\"elementor-element elementor-element-170896d elementor-widget__width-initial elementor-widget elementor-widget-heading\" data-id=\"170896d\" data-element_type=\"widget\" data-e-type=\"widget\" data-widget_type=\"heading.default\">\n\t\t\t\t<div class=\"elementor-widget-container\">\n\t\t\t\t\t<h5 class=\"elementor-heading-title elementor-size-default\"><span id=\"p-counter\">7<\/span><\/h5>\t\t\t\t<\/div>\n\t\t\t\t<\/div>\n\t\t\t\t<div class=\"elementor-element elementor-element-cb58fe6 elementor-widget__width-initial elementor-widget elementor-widget-heading\" data-id=\"cb58fe6\" data-element_type=\"widget\" data-e-type=\"widget\" data-widget_type=\"heading.default\">\n\t\t\t\t<div class=\"elementor-widget-container\">\n\t\t\t\t\t<div class=\"elementor-heading-title elementor-size-default\">socios<\/div>\t\t\t\t<\/div>\n\t\t\t\t<\/div>\n\t\t\t\t<\/div>\n\t\t<div class=\"elementor-element elementor-element-d670bcc e-con-full e-flex e-con e-child\" data-id=\"d670bcc\" data-element_type=\"container\" data-e-type=\"container\">\n\t\t\t\t<div class=\"elementor-element elementor-element-616c4f9 elementor-widget__width-initial elementor-widget elementor-widget-heading\" data-id=\"616c4f9\" data-element_type=\"widget\" data-e-type=\"widget\" data-widget_type=\"heading.default\">\n\t\t\t\t<div class=\"elementor-widget-container\">\n\t\t\t\t\t<h5 class=\"elementor-heading-title elementor-size-default\"><span id=\"c-counter\">5<\/span><\/h5>\t\t\t\t<\/div>\n\t\t\t\t<\/div>\n\t\t\t\t<div class=\"elementor-element elementor-element-c229eee elementor-widget__width-initial elementor-widget elementor-widget-heading\" data-id=\"c229eee\" data-element_type=\"widget\" data-e-type=\"widget\" data-widget_type=\"heading.default\">\n\t\t\t\t<div class=\"elementor-widget-container\">\n\t\t\t\t\t<div class=\"elementor-heading-title elementor-size-default\">pa\u00edses<\/div>\t\t\t\t<\/div>\n\t\t\t\t<\/div>\n\t\t\t\t<\/div>\n\t\t\t\t<\/div>\n\t\t\t\t\t<\/div>\n\t\t\t\t<\/div>\n\t\t<div data-dce-background-image-url=\"https:\/\/edigit-project.eu\/wp-content\/uploads\/2025\/03\/EDIGIT-Logo-bg.svg\" class=\"elementor-element elementor-element-598c0a6 e-flex e-con-boxed e-con e-child\" data-id=\"598c0a6\" data-element_type=\"container\" data-e-type=\"container\" data-settings=\"{&quot;background_background&quot;:&quot;classic&quot;}\">\n\t\t\t\t\t<div class=\"e-con-inner\">\n\t\t\t\t<div class=\"elementor-element elementor-element-e8d1572 elementor-widget__width-initial elementor-widget elementor-widget-text-editor\" data-id=\"e8d1572\" data-element_type=\"widget\" data-e-type=\"widget\" data-widget_type=\"text-editor.default\">\n\t\t\t\t<div class=\"elementor-widget-container\">\n\t\t\t\t\t\t\t\t\t<p>La tecnolog\u00eda avanza a un ritmo sin precedentes, transformando la forma en que vivimos, trabajamos e interactuamos con la sociedad. Sin embargo, no todos se benefician igualmente de la transici\u00f3n digital. <\/p>\t\t\t\t\t\t\t\t<\/div>\n\t\t\t\t<\/div>\n\t\t\t\t<div class=\"elementor-element elementor-element-5096c4a elementor-widget__width-initial elementor-widget elementor-widget-text-editor\" data-id=\"5096c4a\" data-element_type=\"widget\" data-e-type=\"widget\" data-widget_type=\"text-editor.default\">\n\t\t\t\t<div class=\"elementor-widget-container\">\n\t\t\t\t\t\t\t\t\t<p>Las personas con discapacidad se enfrentan a barreras significativas para acceder y usar la tecnolog\u00eda debido a la falta de dise\u00f1o inclusivo y conciencia entre los desarrolladores de tecnolog\u00eda. Esta brecha digital no es solo un desaf\u00edo, es una llamada a la acci\u00f3n. <\/p><p>EDIGIT responde a esta necesidad abordando la ra\u00edz del problema: la falta de una perspectiva inclusiva de la discapacidad en la educaci\u00f3n STEM. Si los futuros innovadores y desarrolladores no est\u00e1n expuestos a los principios de accesibilidad desde una etapa temprana, la tecnolog\u00eda continuar\u00e1 dise\u00f1\u00e1ndose sin considerar las diversas necesidades de todas las personas usuarias. Para cerrar esta brecha, EDIGIT equipa a los profesores\/as con las herramientas para integrar valores inclusivos en la educaci\u00f3n STEM, asegurando que el alumnado se convierta en profesionales que entiendan la importancia de la accesibilidad en el desarrollo tecnol\u00f3gico.  <\/p>\t\t\t\t\t\t\t\t<\/div>\n\t\t\t\t<\/div>\n\t\t\t\t<div class=\"elementor-element elementor-element-6e5990e elementor-widget elementor-widget-text-editor\" data-id=\"6e5990e\" data-element_type=\"widget\" data-e-type=\"widget\" data-widget_type=\"text-editor.default\">\n\t\t\t\t<div class=\"elementor-widget-container\">\n\t\t\t\t\t\t\t\t\t<p>Esta iniciativa internacional se basa en el \u00e9xito de <a href=\"https:\/\/talentosinclusivos.citic.udc.es\/\" target=\"_blank\" rel=\"noopener\">Talentos Inclusivos,<\/a> un proyecto desarrollado por <a href=\"https:\/\/citic.udc.es\/\" target=\"_blank\" rel=\"noopener\">CITIC <\/a>(<a href=\"https:\/\/www.udc.es\/\" target=\"_blank\" rel=\"noopener\">Universidad de A Coru\u00f1a<\/a>) y <a href=\"https:\/\/aspacecoruna.org\/\" target=\"_blank\" rel=\"noopener\">ASPACE Coru\u00f1a<\/a>, apoyado por <a href=\"https:\/\/www.fecyt.es\/\" target=\"_blank\" rel=\"noopener\">FECYT<\/a>. A lo largo de cinco ediciones, Talentos Inclusivos ha involucrado a m\u00e1s de 400 participantes, incluidas personas con par\u00e1lisis cerebral, estudiantes y profesores, en 22 escuelas de Galicia, trabajando juntos para desarrollar soluciones tecnol\u00f3gicas reales. <\/p>\t\t\t\t\t\t\t\t<\/div>\n\t\t\t\t<\/div>\n\t\t\t\t\t<\/div>\n\t\t\t\t<\/div>\n\t\t<div class=\"elementor-element elementor-element-af876ec e-flex e-con-boxed e-con e-child\" data-id=\"af876ec\" data-element_type=\"container\" data-e-type=\"container\" data-settings=\"{&quot;background_background&quot;:&quot;classic&quot;}\">\n\t\t\t\t\t<div class=\"e-con-inner\">\n\t\t\t\t<div class=\"elementor-element elementor-element-373171f elementor-absolute elementor-view-default elementor-widget elementor-widget-icon\" data-id=\"373171f\" data-element_type=\"widget\" data-e-type=\"widget\" data-settings=\"{&quot;_position&quot;:&quot;absolute&quot;}\" data-widget_type=\"icon.default\">\n\t\t\t\t<div class=\"elementor-widget-container\">\n\t\t\t\t\t\t\t<div class=\"elementor-icon-wrapper\">\n\t\t\t<div class=\"elementor-icon\">\n\t\t\t<svg xmlns=\"http:\/\/www.w3.org\/2000\/svg\" width=\"268\" height=\"313\" viewBox=\"0 0 268 313\" fill=\"none\"><path d=\"M35 277.804C38.5234 196.018 105 12.6622 244.364 38.466C383.727 64.2697 364.062 192.004 317 241.678C291.33 268.773 239 289.016 209 254C195.226 237.923 197.674 211.263 197.632 195.662\" stroke=\"#D9E021\" stroke-width=\"70\" stroke-linecap=\"round\"><\/path><\/svg>\t\t\t<\/div>\n\t\t<\/div>\n\t\t\t\t\t\t<\/div>\n\t\t\t\t<\/div>\n\t\t\t\t<div class=\"elementor-element elementor-element-89e93d4 elementor-widget elementor-widget-heading\" data-id=\"89e93d4\" data-element_type=\"widget\" data-e-type=\"widget\" data-widget_type=\"heading.default\">\n\t\t\t\t<div class=\"elementor-widget-container\">\n\t\t\t\t\t<h2 class=\"elementor-heading-title elementor-size-default\">Objetivos clave<\/h2>\t\t\t\t<\/div>\n\t\t\t\t<\/div>\n\t\t<div class=\"elementor-element elementor-element-da3b837 e-con-full e-flex e-con e-child\" data-id=\"da3b837\" data-element_type=\"container\" data-e-type=\"container\">\n\t\t<div class=\"elementor-element elementor-element-eb79815 e-con-full e-flex e-con e-child\" data-id=\"eb79815\" data-element_type=\"container\" data-e-type=\"container\">\n\t\t\t\t<div class=\"elementor-element elementor-element-c2bb346 dce_masking-none elementor-widget elementor-widget-image\" data-id=\"c2bb346\" data-element_type=\"widget\" data-e-type=\"widget\" data-widget_type=\"image.default\">\n\t\t\t\t<div class=\"elementor-widget-container\">\n\t\t\t\t\t\t\t\t\t\t\t\t\t\t\t<img fetchpriority=\"high\" decoding=\"async\" width=\"768\" height=\"512\" src=\"https:\/\/edigit-project.eu\/wp-content\/uploads\/2025\/03\/EDIGIT-Key-objectives-1-768x512.jpg\" class=\"attachment-medium_large size-medium_large wp-image-673\" alt=\"\" srcset=\"https:\/\/edigit-project.eu\/wp-content\/uploads\/2025\/03\/EDIGIT-Key-objectives-1-768x512.jpg 768w, https:\/\/edigit-project.eu\/wp-content\/uploads\/2025\/03\/EDIGIT-Key-objectives-1-300x200.jpg 300w, https:\/\/edigit-project.eu\/wp-content\/uploads\/2025\/03\/EDIGIT-Key-objectives-1.jpg 843w\" sizes=\"(max-width: 768px) 100vw, 768px\" \/>\t\t\t\t\t\t\t\t\t\t\t\t\t\t\t<\/div>\n\t\t\t\t<\/div>\n\t\t\t\t<div class=\"elementor-element elementor-element-f35f2d7 elementor-widget elementor-widget-text-editor\" data-id=\"f35f2d7\" data-element_type=\"widget\" data-e-type=\"widget\" data-widget_type=\"text-editor.default\">\n\t\t\t\t<div class=\"elementor-widget-container\">\n\t\t\t\t\t\t\t\t\t<p>Desarrollar materiales de formaci\u00f3n para equipar a los profesores y educadores con las habilidades necesarias para promover carreras responsables en STEM e introducir pr\u00e1cticas inclusivas en dicha educaci\u00f3n, incluyendo talleres interactivos con estudiantes y personas con discapacidad.<\/p>\t\t\t\t\t\t\t\t<\/div>\n\t\t\t\t<\/div>\n\t\t\t\t<\/div>\n\t\t<div class=\"elementor-element elementor-element-d31dcee e-con-full e-flex e-con e-child\" data-id=\"d31dcee\" data-element_type=\"container\" data-e-type=\"container\">\n\t\t\t\t<div class=\"elementor-element elementor-element-4be15df dce_masking-none elementor-widget elementor-widget-image\" data-id=\"4be15df\" data-element_type=\"widget\" data-e-type=\"widget\" data-widget_type=\"image.default\">\n\t\t\t\t<div class=\"elementor-widget-container\">\n\t\t\t\t\t\t\t\t\t\t\t\t\t\t\t<img decoding=\"async\" width=\"565\" height=\"847\" src=\"https:\/\/edigit-project.eu\/wp-content\/uploads\/2025\/03\/EDIGIT-Key-objectives-2.jpg\" class=\"attachment-medium_large size-medium_large wp-image-678\" alt=\"\" srcset=\"https:\/\/edigit-project.eu\/wp-content\/uploads\/2025\/03\/EDIGIT-Key-objectives-2.jpg 565w, https:\/\/edigit-project.eu\/wp-content\/uploads\/2025\/03\/EDIGIT-Key-objectives-2-200x300.jpg 200w\" sizes=\"(max-width: 565px) 100vw, 565px\" \/>\t\t\t\t\t\t\t\t\t\t\t\t\t\t\t<\/div>\n\t\t\t\t<\/div>\n\t\t\t\t<div class=\"elementor-element elementor-element-4c30d3a elementor-widget elementor-widget-text-editor\" data-id=\"4c30d3a\" data-element_type=\"widget\" data-e-type=\"widget\" data-widget_type=\"text-editor.default\">\n\t\t\t\t<div class=\"elementor-widget-container\">\n\t\t\t\t\t\t\t\t\t<p>Fomentar valores inclusivos en los estudiantes mediante la implementaci\u00f3n de iniciativas pr\u00e1cticas centradas en la inclusi\u00f3n y la concienciaci\u00f3n sobre la vida diaria de las personas con par\u00e1lisis cerebral y otras discapacidades.<\/p>\t\t\t\t\t\t\t\t<\/div>\n\t\t\t\t<\/div>\n\t\t\t\t<\/div>\n\t\t<div class=\"elementor-element elementor-element-3134d43 e-con-full e-flex e-con e-child\" data-id=\"3134d43\" data-element_type=\"container\" data-e-type=\"container\">\n\t\t\t\t<div class=\"elementor-element elementor-element-352b1d7 dce_masking-none elementor-widget elementor-widget-image\" data-id=\"352b1d7\" data-element_type=\"widget\" data-e-type=\"widget\" data-widget_type=\"image.default\">\n\t\t\t\t<div class=\"elementor-widget-container\">\n\t\t\t\t\t\t\t\t\t\t\t\t\t\t\t<img decoding=\"async\" width=\"768\" height=\"512\" src=\"https:\/\/edigit-project.eu\/wp-content\/uploads\/2025\/03\/EDIGIT-Key-objectives-3-768x512.jpg\" class=\"attachment-medium_large size-medium_large wp-image-683\" alt=\"\" srcset=\"https:\/\/edigit-project.eu\/wp-content\/uploads\/2025\/03\/EDIGIT-Key-objectives-3-768x512.jpg 768w, https:\/\/edigit-project.eu\/wp-content\/uploads\/2025\/03\/EDIGIT-Key-objectives-3-300x200.jpg 300w, https:\/\/edigit-project.eu\/wp-content\/uploads\/2025\/03\/EDIGIT-Key-objectives-3.jpg 847w\" sizes=\"(max-width: 768px) 100vw, 768px\" \/>\t\t\t\t\t\t\t\t\t\t\t\t\t\t\t<\/div>\n\t\t\t\t<\/div>\n\t\t\t\t<div class=\"elementor-element elementor-element-1383942 elementor-widget elementor-widget-text-editor\" data-id=\"1383942\" data-element_type=\"widget\" data-e-type=\"widget\" data-widget_type=\"text-editor.default\">\n\t\t\t\t<div class=\"elementor-widget-container\">\n\t\t\t\t\t\t\t\t\t<p>Promover carreras STEM en las escuelas a trav\u00e9s de enfoques creativos y colaborativos, asegurando la inclusi\u00f3n y abordando activamente la brecha de g\u00e9nero en la ciencia.<\/p>\t\t\t\t\t\t\t\t<\/div>\n\t\t\t\t<\/div>\n\t\t\t\t<\/div>\n\t\t<div class=\"elementor-element elementor-element-791e8ef e-con-full e-flex e-con e-child\" data-id=\"791e8ef\" data-element_type=\"container\" data-e-type=\"container\">\n\t\t\t\t<div class=\"elementor-element elementor-element-0f29f65 dce_masking-none elementor-widget elementor-widget-image\" data-id=\"0f29f65\" data-element_type=\"widget\" data-e-type=\"widget\" data-widget_type=\"image.default\">\n\t\t\t\t<div class=\"elementor-widget-container\">\n\t\t\t\t\t\t\t\t\t\t\t\t\t\t\t<img loading=\"lazy\" decoding=\"async\" width=\"768\" height=\"512\" src=\"https:\/\/edigit-project.eu\/wp-content\/uploads\/2025\/03\/EDIGIT-Key-objectives-4-768x512.jpg\" class=\"attachment-medium_large size-medium_large wp-image-688\" alt=\"\" srcset=\"https:\/\/edigit-project.eu\/wp-content\/uploads\/2025\/03\/EDIGIT-Key-objectives-4-768x512.jpg 768w, https:\/\/edigit-project.eu\/wp-content\/uploads\/2025\/03\/EDIGIT-Key-objectives-4-300x200.jpg 300w, https:\/\/edigit-project.eu\/wp-content\/uploads\/2025\/03\/EDIGIT-Key-objectives-4.jpg 847w\" sizes=\"(max-width: 768px) 100vw, 768px\" \/>\t\t\t\t\t\t\t\t\t\t\t\t\t\t\t<\/div>\n\t\t\t\t<\/div>\n\t\t\t\t<div class=\"elementor-element elementor-element-ee44a93 elementor-widget elementor-widget-text-editor\" data-id=\"ee44a93\" data-element_type=\"widget\" data-e-type=\"widget\" data-widget_type=\"text-editor.default\">\n\t\t\t\t<div class=\"elementor-widget-container\">\n\t\t\t\t\t\t\t\t\t<p>Aumentar el conocimiento y las habilidades en STEM entre el alumnado no universitario, promoviendo la conciencia sobre el valor social de la ciencia, as\u00ed como los principios de la Investigaci\u00f3n e Innovaci\u00f3n Responsables, el Dise\u00f1o Universal y la accesibilidad digital.<\/p>\t\t\t\t\t\t\t\t<\/div>\n\t\t\t\t<\/div>\n\t\t\t\t<\/div>\n\t\t<div class=\"elementor-element elementor-element-88b2ba0 e-con-full e-flex e-con e-child\" data-id=\"88b2ba0\" data-element_type=\"container\" data-e-type=\"container\">\n\t\t\t\t<div class=\"elementor-element elementor-element-05de11d dce_masking-none elementor-widget elementor-widget-image\" data-id=\"05de11d\" data-element_type=\"widget\" data-e-type=\"widget\" data-widget_type=\"image.default\">\n\t\t\t\t<div class=\"elementor-widget-container\">\n\t\t\t\t\t\t\t\t\t\t\t\t\t\t\t<img loading=\"lazy\" decoding=\"async\" width=\"678\" height=\"848\" src=\"https:\/\/edigit-project.eu\/wp-content\/uploads\/2025\/03\/EDIGIT-Key-objectives-5.jpg\" class=\"attachment-medium_large size-medium_large wp-image-693\" alt=\"\" srcset=\"https:\/\/edigit-project.eu\/wp-content\/uploads\/2025\/03\/EDIGIT-Key-objectives-5.jpg 678w, https:\/\/edigit-project.eu\/wp-content\/uploads\/2025\/03\/EDIGIT-Key-objectives-5-240x300.jpg 240w\" sizes=\"(max-width: 678px) 100vw, 678px\" \/>\t\t\t\t\t\t\t\t\t\t\t\t\t\t\t<\/div>\n\t\t\t\t<\/div>\n\t\t\t\t<div class=\"elementor-element elementor-element-f7a6bcf elementor-widget elementor-widget-text-editor\" data-id=\"f7a6bcf\" data-element_type=\"widget\" data-e-type=\"widget\" data-widget_type=\"text-editor.default\">\n\t\t\t\t<div class=\"elementor-widget-container\">\n\t\t\t\t\t\t\t\t\t<p>Fortalecer la colaboraci\u00f3n entre los sectores del cuidado de la discapacidad, la educaci\u00f3n y la tecnolog\u00eda para impulsar una transformaci\u00f3n digital que sea accesible, socialmente responsable e inclusiva para todos y todas.<\/p>\t\t\t\t\t\t\t\t<\/div>\n\t\t\t\t<\/div>\n\t\t\t\t<\/div>\n\t\t\t\t<\/div>\n\t\t\t\t\t<\/div>\n\t\t\t\t<\/div>\n\t\t<div class=\"elementor-element elementor-element-8171dd4 e-flex e-con-boxed e-con e-child\" data-id=\"8171dd4\" data-element_type=\"container\" data-e-type=\"container\">\n\t\t\t\t\t<div class=\"e-con-inner\">\n\t\t\t\t<div class=\"elementor-element elementor-element-28cf0c0 elementor-absolute elementor-view-default elementor-widget elementor-widget-icon\" data-id=\"28cf0c0\" data-element_type=\"widget\" data-e-type=\"widget\" data-settings=\"{&quot;_position&quot;:&quot;absolute&quot;}\" data-widget_type=\"icon.default\">\n\t\t\t\t<div class=\"elementor-widget-container\">\n\t\t\t\t\t\t\t<div class=\"elementor-icon-wrapper\">\n\t\t\t<div class=\"elementor-icon\">\n\t\t\t<svg xmlns=\"http:\/\/www.w3.org\/2000\/svg\" width=\"200\" height=\"278\" viewBox=\"0 0 200 278\" fill=\"none\"><path d=\"M-7.59766 45.1917L127.597 232.809\" stroke=\"#22B573\" stroke-width=\"50\" stroke-linecap=\"round\"><\/path><path d=\"M153.82 71.4036L-33.7972 206.599\" stroke=\"#22B573\" stroke-width=\"50\" stroke-linecap=\"round\"><\/path><path d=\"M41.1532 252.08L78.8465 25.9201\" stroke=\"#22B573\" stroke-width=\"50\" stroke-linecap=\"round\"><\/path><path d=\"M-55.0001 119.833L175 158.167\" stroke=\"#22B573\" stroke-width=\"50\" stroke-linecap=\"round\"><\/path><\/svg>\t\t\t<\/div>\n\t\t<\/div>\n\t\t\t\t\t\t<\/div>\n\t\t\t\t<\/div>\n\t\t\t\t<div class=\"elementor-element elementor-element-af47fa1 elementor-widget elementor-widget-heading\" data-id=\"af47fa1\" data-element_type=\"widget\" data-e-type=\"widget\" data-widget_type=\"heading.default\">\n\t\t\t\t<div class=\"elementor-widget-container\">\n\t\t\t\t\t<h2 class=\"elementor-heading-title elementor-size-default\">\u00bfQu\u00e9 es Erasmus+?<\/h2>\t\t\t\t<\/div>\n\t\t\t\t<\/div>\n\t\t\t\t<div class=\"elementor-element elementor-element-bd03b92 elementor-widget__width-initial elementor-widget elementor-widget-text-editor\" data-id=\"bd03b92\" data-element_type=\"widget\" data-e-type=\"widget\" data-widget_type=\"text-editor.default\">\n\t\t\t\t<div class=\"elementor-widget-container\">\n\t\t\t\t\t\t\t\t\t<p>Erasmus+ es el programa de la Uni\u00f3n Europea dise\u00f1ado para apoyar la educaci\u00f3n, la formaci\u00f3n, la juventud y el deporte en toda Europa.<\/p>\t\t\t\t\t\t\t\t<\/div>\n\t\t\t\t<\/div>\n\t\t\t\t<div class=\"elementor-element elementor-element-aded977 elementor-widget__width-initial elementor-widget elementor-widget-text-editor\" data-id=\"aded977\" data-element_type=\"widget\" data-e-type=\"widget\" data-widget_type=\"text-editor.default\">\n\t\t\t\t<div class=\"elementor-widget-container\">\n\t\t\t\t\t\t\t\t\t<p>El programa 2021-2027 prioriza la inclusi\u00f3n social, la sostenibilidad, la transformaci\u00f3n digital y la promoci\u00f3n del compromiso de los j\u00f3venes en la vida democr\u00e1tica.<br>Est\u00e1 alineado con iniciativas clave de la UE, incluyendo el \u00c1rea Europea de Educaci\u00f3n, el Plan de Acci\u00f3n de Educaci\u00f3n Digital y la Agenda de Habilidades Europea.<br>Visita el sitio <a href=\"https:\/\/erasmus-plus.ec.europa.eu\/\" target=\"_blank\" rel=\"noopener\">web oficial<\/a> para saber m\u00e1s.<\/p>\t\t\t\t\t\t\t\t<\/div>\n\t\t\t\t<\/div>\n\t\t\t\t<div class=\"elementor-element elementor-element-cbabc1b elementor-widget__width-initial dce_masking-none elementor-widget elementor-widget-image\" data-id=\"cbabc1b\" data-element_type=\"widget\" data-e-type=\"widget\" data-widget_type=\"image.default\">\n\t\t\t\t<div class=\"elementor-widget-container\">\n\t\t\t\t\t\t\t\t\t\t\t\t\t\t\t<img loading=\"lazy\" decoding=\"async\" width=\"800\" height=\"168\" src=\"https:\/\/edigit-project.eu\/wp-content\/uploads\/2025\/03\/EN-Co-Funded-by-the-EU_POS-1024x215.png\" class=\"attachment-large size-large wp-image-663\" alt=\"\" srcset=\"https:\/\/edigit-project.eu\/wp-content\/uploads\/2025\/03\/EN-Co-Funded-by-the-EU_POS-1024x215.png 1024w, https:\/\/edigit-project.eu\/wp-content\/uploads\/2025\/03\/EN-Co-Funded-by-the-EU_POS-300x63.png 300w, https:\/\/edigit-project.eu\/wp-content\/uploads\/2025\/03\/EN-Co-Funded-by-the-EU_POS-768x161.png 768w, https:\/\/edigit-project.eu\/wp-content\/uploads\/2025\/03\/EN-Co-Funded-by-the-EU_POS-1536x322.png 1536w, https:\/\/edigit-project.eu\/wp-content\/uploads\/2025\/03\/EN-Co-Funded-by-the-EU_POS-2048x430.png 2048w\" sizes=\"(max-width: 800px) 100vw, 800px\" \/>\t\t\t\t\t\t\t\t\t\t\t\t\t\t\t<\/div>\n\t\t\t\t<\/div>\n\t\t\t\t\t<\/div>\n\t\t\t\t<\/div>\n\t\t\t\t<\/div>\n\t\t","protected":false},"excerpt":{"rendered":"<p>Educaci\u00f3n y alfabetizaci\u00f3n digital para desarrollar talentos inclusivos El proyecto EDIGIT trabaja con los sectores de la educaci\u00f3n, el cuidado de la discapacidad y la tecnolog\u00eda para empoderar a los educadores STEM con valores inclusivos para un futuro tecnol\u00f3gico accesible. 36 meses 7 socios 5 pa\u00edses La tecnolog\u00eda avanza a un ritmo sin precedentes, transformando [&hellip;]<\/p>\n","protected":false},"author":1,"featured_media":0,"parent":0,"menu_order":0,"comment_status":"closed","ping_status":"closed","template":"elementor_header_footer","meta":{"_acf_changed":false,"footnotes":""},"class_list":["post-827","page","type-page","status-publish","hentry"],"acf":[],"_links":{"self":[{"href":"https:\/\/edigit-project.eu\/es\/wp-json\/wp\/v2\/pages\/827","targetHints":{"allow":["GET"]}}],"collection":[{"href":"https:\/\/edigit-project.eu\/es\/wp-json\/wp\/v2\/pages"}],"about":[{"href":"https:\/\/edigit-project.eu\/es\/wp-json\/wp\/v2\/types\/page"}],"author":[{"embeddable":true,"href":"https:\/\/edigit-project.eu\/es\/wp-json\/wp\/v2\/users\/1"}],"replies":[{"embeddable":true,"href":"https:\/\/edigit-project.eu\/es\/wp-json\/wp\/v2\/comments?post=827"}],"version-history":[{"count":5,"href":"https:\/\/edigit-project.eu\/es\/wp-json\/wp\/v2\/pages\/827\/revisions"}],"predecessor-version":[{"id":854,"href":"https:\/\/edigit-project.eu\/es\/wp-json\/wp\/v2\/pages\/827\/revisions\/854"}],"wp:attachment":[{"href":"https:\/\/edigit-project.eu\/es\/wp-json\/wp\/v2\/media?parent=827"}],"curies":[{"name":"wp","href":"https:\/\/api.w.org\/{rel}","templated":true}]}}