{"id":1190,"date":"2025-03-05T11:19:39","date_gmt":"2025-03-05T11:19:39","guid":{"rendered":"https:\/\/edigit-project.eu\/politica-de-privacidad"},"modified":"2025-08-14T07:37:18","modified_gmt":"2025-08-14T07:37:18","slug":"politica-de-privacidad","status":"publish","type":"page","link":"https:\/\/edigit-project.eu\/es\/politica-de-privacidad","title":{"rendered":"Pol\u00edtica de Privacidad"},"content":{"rendered":"\t\t<div data-elementor-type=\"wp-page\" data-elementor-id=\"1190\" class=\"elementor elementor-1190 elementor-212\" data-elementor-post-type=\"page\">\n\t\t\t\t<div data-dce-background-image-url=\"https:\/\/edigit-project.eu\/wp-content\/uploads\/2025\/03\/EDIGIT-about-bg.png\" class=\"elementor-element elementor-element-a5a8a6e e-flex e-con-boxed e-con e-child\" data-id=\"a5a8a6e\" data-element_type=\"container\" data-e-type=\"container\" data-settings=\"{&quot;background_background&quot;:&quot;classic&quot;}\">\n\t\t\t\t\t<div class=\"e-con-inner\">\n\t\t\t\t\t<\/div>\n\t\t\t\t<\/div>\n\t\t<div class=\"elementor-element elementor-element-e55e798 e-flex e-con-boxed e-con e-child\" data-id=\"e55e798\" data-element_type=\"container\" data-e-type=\"container\" data-settings=\"{&quot;background_background&quot;:&quot;classic&quot;}\">\n\t\t\t\t\t<div class=\"e-con-inner\">\n\t\t\t\t<div class=\"elementor-element elementor-element-a00cb30 elementor-widget elementor-widget-text-editor\" data-id=\"a00cb30\" data-element_type=\"widget\" data-e-type=\"widget\" data-widget_type=\"text-editor.default\">\n\t\t\t\t<div class=\"elementor-widget-container\">\n\t\t\t\t\t\t\t\t\t<p>En EDIGIT nos tomamos muy en serio la protecci\u00f3n de sus datos personales. Nuestro prop\u00f3sito es proteger la privacidad de los datos que nos proporciona y cumplir con la normativa vigente en materia de protecci\u00f3n de datos personales. <\/p><p>En cumplimiento de la Ley 3\/2018, de 5 de diciembre, de Protecci\u00f3n de Datos Personales y Garant\u00eda de los Derechos Digitales que transpone el Reglamento (UE) 2016\/679, le informamos de la siguiente informaci\u00f3n sobre nuestra pol\u00edtica de privacidad y protecci\u00f3n de datos:<\/p>\t\t\t\t\t\t\t\t<\/div>\n\t\t\t\t<\/div>\n\t\t\t\t<div class=\"elementor-element elementor-element-48f2668 elementor-widget elementor-widget-heading\" data-id=\"48f2668\" data-element_type=\"widget\" data-e-type=\"widget\" data-widget_type=\"heading.default\">\n\t\t\t\t<div class=\"elementor-widget-container\">\n\t\t\t\t\t<h3 class=\"elementor-heading-title elementor-size-default\">\u00bfQui\u00e9n es el responsable del tratamiento de sus datos?<\/h3>\t\t\t\t<\/div>\n\t\t\t\t<\/div>\n\t\t\t\t<div class=\"elementor-element elementor-element-b4b62b2 elementor-widget elementor-widget-text-editor\" data-id=\"b4b62b2\" data-element_type=\"widget\" data-e-type=\"widget\" data-widget_type=\"text-editor.default\">\n\t\t\t\t<div class=\"elementor-widget-container\">\n\t\t\t\t\t\t\t\t\t<p>La organizaci\u00f3n responsable de sus datos es <strong>Universidade Da Coru\u00f1a<\/strong>. Se trata de <strong>higher education institution<\/strong> con sede en <strong>A Coru\u00f1a, Spain<\/strong>. <\/p>\t\t\t\t\t\t\t\t<\/div>\n\t\t\t\t<\/div>\n\t\t\t\t\t<\/div>\n\t\t\t\t<\/div>\n\t\t<div class=\"elementor-element elementor-element-83a935b e-flex e-con-boxed e-con e-child\" data-id=\"83a935b\" data-element_type=\"container\" data-e-type=\"container\" data-settings=\"{&quot;background_background&quot;:&quot;classic&quot;}\">\n\t\t\t\t\t<div class=\"e-con-inner\">\n\t\t<div class=\"elementor-element elementor-element-ad779b8 e-con-full e-flex e-con e-child\" data-id=\"ad779b8\" data-element_type=\"container\" data-e-type=\"container\">\n\t\t<div class=\"elementor-element elementor-element-6ad88f7 e-con-full e-flex e-con e-child\" data-id=\"6ad88f7\" data-element_type=\"container\" data-e-type=\"container\" data-settings=\"{&quot;background_background&quot;:&quot;classic&quot;}\">\n\t\t\t\t<div data-dce-title-color=\"#2B2B49\" class=\"elementor-element elementor-element-977366a elementor-widget__width-initial elementor-widget elementor-widget-heading\" data-id=\"977366a\" data-element_type=\"widget\" data-e-type=\"widget\" data-widget_type=\"heading.default\">\n\t\t\t\t<div class=\"elementor-widget-container\">\n\t\t\t\t\t<div class=\"elementor-heading-title elementor-size-default\">Direcci\u00f3n<\/div>\t\t\t\t<\/div>\n\t\t\t\t<\/div>\n\t\t\t\t<div class=\"elementor-element elementor-element-bd4f588 elementor-widget__width-initial elementor-widget elementor-widget-heading\" data-id=\"bd4f588\" data-element_type=\"widget\" data-e-type=\"widget\" data-widget_type=\"heading.default\">\n\t\t\t\t<div class=\"elementor-widget-container\">\n\t\t\t\t\t<div class=\"elementor-heading-title elementor-size-default\">R\u00faa da Maestranza 9, 15001 A Coru\u00f1a<\/div>\t\t\t\t<\/div>\n\t\t\t\t<\/div>\n\t\t\t\t<\/div>\n\t\t<div class=\"elementor-element elementor-element-16125a7 e-flex e-con-boxed e-con e-child\" data-id=\"16125a7\" data-element_type=\"container\" data-e-type=\"container\">\n\t\t\t\t\t<div class=\"e-con-inner\">\n\t\t\t\t<div data-dce-title-color=\"#2B2B49\" class=\"elementor-element elementor-element-83e71cc elementor-widget__width-initial elementor-widget elementor-widget-heading\" data-id=\"83e71cc\" data-element_type=\"widget\" data-e-type=\"widget\" data-widget_type=\"heading.default\">\n\t\t\t\t<div class=\"elementor-widget-container\">\n\t\t\t\t\t<div class=\"elementor-heading-title elementor-size-default\">Correo electr\u00f3nico<\/div>\t\t\t\t<\/div>\n\t\t\t\t<\/div>\n\t\t\t\t<div class=\"elementor-element elementor-element-b34e016 elementor-widget__width-initial elementor-widget elementor-widget-heading\" data-id=\"b34e016\" data-element_type=\"widget\" data-e-type=\"widget\" data-widget_type=\"heading.default\">\n\t\t\t\t<div class=\"elementor-widget-container\">\n\t\t\t\t\t<div class=\"elementor-heading-title elementor-size-default\"><a href=\"mailto:secretaria.xeral@udc.gal\">secretaria.xeral@udc.gal<\/a><\/div>\t\t\t\t<\/div>\n\t\t\t\t<\/div>\n\t\t\t\t\t<\/div>\n\t\t\t\t<\/div>\n\t\t<div class=\"elementor-element elementor-element-a937773 e-flex e-con-boxed e-con e-child\" data-id=\"a937773\" data-element_type=\"container\" data-e-type=\"container\" data-settings=\"{&quot;background_background&quot;:&quot;classic&quot;}\">\n\t\t\t\t\t<div class=\"e-con-inner\">\n\t\t\t\t<div data-dce-title-color=\"#2B2B49\" class=\"elementor-element elementor-element-17c25c1 elementor-widget__width-initial elementor-widget elementor-widget-heading\" data-id=\"17c25c1\" data-element_type=\"widget\" data-e-type=\"widget\" data-widget_type=\"heading.default\">\n\t\t\t\t<div class=\"elementor-widget-container\">\n\t\t\t\t\t<div class=\"elementor-heading-title elementor-size-default\">Tel\u00e9fono<\/div>\t\t\t\t<\/div>\n\t\t\t\t<\/div>\n\t\t\t\t<div class=\"elementor-element elementor-element-6f343fa elementor-widget__width-initial elementor-widget elementor-widget-heading\" data-id=\"6f343fa\" data-element_type=\"widget\" data-e-type=\"widget\" data-widget_type=\"heading.default\">\n\t\t\t\t<div class=\"elementor-widget-container\">\n\t\t\t\t\t<div class=\"elementor-heading-title elementor-size-default\">+34 981 16 70 00<\/div>\t\t\t\t<\/div>\n\t\t\t\t<\/div>\n\t\t\t\t\t<\/div>\n\t\t\t\t<\/div>\n\t\t\t\t<\/div>\n\t\t\t\t<div class=\"elementor-element elementor-element-7536efb elementor-widget elementor-widget-heading\" data-id=\"7536efb\" data-element_type=\"widget\" data-e-type=\"widget\" data-widget_type=\"heading.default\">\n\t\t\t\t<div class=\"elementor-widget-container\">\n\t\t\t\t\t<h2 class=\"elementor-heading-title elementor-size-default\">\u00bfCu\u00e1l es la finalidad del tratamiento?<\/h2>\t\t\t\t<\/div>\n\t\t\t\t<\/div>\n\t\t\t\t<div class=\"elementor-element elementor-element-5d18eb8 elementor-widget elementor-widget-text-editor\" data-id=\"5d18eb8\" data-element_type=\"widget\" data-e-type=\"widget\" data-widget_type=\"text-editor.default\">\n\t\t\t\t<div class=\"elementor-widget-container\">\n\t\t\t\t\t\t\t\t\t<ul><li><span data-sheets-root=\"1\">Responder a las peticiones, quejas e incidencias trasladadas a trav\u00e9s de nuestros canales de contacto incorporados en la web.<\/span><\/li><li><span data-sheets-root=\"1\">Conocer el comportamiento del navegante dentro de la web para detectar posibles ataques inform\u00e1ticos a nuestra web.<\/span><\/li><li><span data-sheets-root=\"1\">Cumplir con las obligaciones legales que nos son directamente aplicables y que regulan nuestra actividad.<\/span><\/li><li><span data-sheets-root=\"1\">Proteger y ejercer nuestros derechos o responder a reclamaciones de cualquier tipo.<\/span><\/li><li><span data-sheets-root=\"1\">Env\u00edo de boletines informativos sobre los bienes o servicios que conforman la actividad del responsable o noticias relacionadas con su actividad.<\/span><\/li><\/ul>\t\t\t\t\t\t\t\t<\/div>\n\t\t\t\t<\/div>\n\t\t\t\t\t<\/div>\n\t\t\t\t<\/div>\n\t\t<div class=\"elementor-element elementor-element-f17e5d4 e-flex e-con-boxed e-con e-child\" data-id=\"f17e5d4\" data-element_type=\"container\" data-e-type=\"container\" data-settings=\"{&quot;background_background&quot;:&quot;classic&quot;}\">\n\t\t\t\t\t<div class=\"e-con-inner\">\n\t\t\t\t<div class=\"elementor-element elementor-element-152e3d0 elementor-widget elementor-widget-heading\" data-id=\"152e3d0\" data-element_type=\"widget\" data-e-type=\"widget\" data-widget_type=\"heading.default\">\n\t\t\t\t<div class=\"elementor-widget-container\">\n\t\t\t\t\t<h2 class=\"elementor-heading-title elementor-size-default\">\u00bfCu\u00e1l es la base legal para el tratamiento de sus datos?<\/h2>\t\t\t\t<\/div>\n\t\t\t\t<\/div>\n\t\t\t\t<div class=\"elementor-element elementor-element-8b824ed elementor-widget elementor-widget-text-editor\" data-id=\"8b824ed\" data-element_type=\"widget\" data-e-type=\"widget\" data-widget_type=\"text-editor.default\">\n\t\t\t\t<div class=\"elementor-widget-container\">\n\t\t\t\t\t\t\t\t\t<p>La base legal para el tratamiento de sus datos es el consentimiento del interesado seg\u00fan el art\u00edculo 6.1 a) del Reglamento, as\u00ed como el inter\u00e9s leg\u00edtimo del responsable del tratamiento seg\u00fan el art\u00edculo 6.1 f) del Reglamento.<\/p><p>Los datos que le solicitamos son los adecuados, pertinentes y estrictamente necesarios y en ning\u00fan caso est\u00e1 obligado a facilit\u00e1rnoslos, pero su no comunicaci\u00f3n puede afectar a la finalidad del servicio o a la imposibilidad de prestarlo.<\/p>\t\t\t\t\t\t\t\t<\/div>\n\t\t\t\t<\/div>\n\t\t\t\t<div class=\"elementor-element elementor-element-f9883c1 elementor-widget elementor-widget-heading\" data-id=\"f9883c1\" data-element_type=\"widget\" data-e-type=\"widget\" data-widget_type=\"heading.default\">\n\t\t\t\t<div class=\"elementor-widget-container\">\n\t\t\t\t\t<h2 class=\"elementor-heading-title elementor-size-default\">\u00bfDurante cu\u00e1nto tiempo conservamos sus datos?<\/h2>\t\t\t\t<\/div>\n\t\t\t\t<\/div>\n\t\t\t\t<div class=\"elementor-element elementor-element-99ecc5f elementor-widget elementor-widget-text-editor\" data-id=\"99ecc5f\" data-element_type=\"widget\" data-e-type=\"widget\" data-widget_type=\"text-editor.default\">\n\t\t\t\t<div class=\"elementor-widget-container\">\n\t\t\t\t\t\t\t\t\t<p>Sus datos ser\u00e1n conservados durante el tiempo necesario para la correcta prestaci\u00f3n del servicio ofrecido, as\u00ed como para atender las responsabilidades que puedan derivarse del mismo y cualquier otro requerimiento legal.<\/p>\t\t\t\t\t\t\t\t<\/div>\n\t\t\t\t<\/div>\n\t\t\t\t\t<\/div>\n\t\t\t\t<\/div>\n\t\t<div class=\"elementor-element elementor-element-2ba4c3d e-flex e-con-boxed e-con e-child\" data-id=\"2ba4c3d\" data-element_type=\"container\" data-e-type=\"container\" data-settings=\"{&quot;background_background&quot;:&quot;classic&quot;}\">\n\t\t\t\t\t<div class=\"e-con-inner\">\n\t\t\t\t<div class=\"elementor-element elementor-element-4d527bc elementor-widget elementor-widget-heading\" data-id=\"4d527bc\" data-element_type=\"widget\" data-e-type=\"widget\" data-widget_type=\"heading.default\">\n\t\t\t\t<div class=\"elementor-widget-container\">\n\t\t\t\t\t<h2 class=\"elementor-heading-title elementor-size-default\">\u00bfQu\u00e9 destinatarios recibir\u00e1n sus datos?<\/h2>\t\t\t\t<\/div>\n\t\t\t\t<\/div>\n\t\t\t\t<div class=\"elementor-element elementor-element-02e1472 elementor-widget elementor-widget-text-editor\" data-id=\"02e1472\" data-element_type=\"widget\" data-e-type=\"widget\" data-widget_type=\"text-editor.default\">\n\t\t\t\t<div class=\"elementor-widget-container\">\n\t\t\t\t\t\t\t\t\t<p>En el curso del tratamiento de sus datos, <strong>Universidade Da Coru\u00f1a<\/strong> puede compartir sus datos con:<\/p><p>On Projects Advising SL, como proveedores de servicios de gesti\u00f3n y mantenimiento de la web.<\/p>\t\t\t\t\t\t\t\t<\/div>\n\t\t\t\t<\/div>\n\t\t\t\t<div class=\"elementor-element elementor-element-60a4d13 elementor-widget elementor-widget-heading\" data-id=\"60a4d13\" data-element_type=\"widget\" data-e-type=\"widget\" data-widget_type=\"heading.default\">\n\t\t\t\t<div class=\"elementor-widget-container\">\n\t\t\t\t\t<h2 class=\"elementor-heading-title elementor-size-default\">\u00bfCu\u00e1les son mis derechos?<\/h2>\t\t\t\t<\/div>\n\t\t\t\t<\/div>\n\t\t\t\t<div class=\"elementor-element elementor-element-c950578 elementor-widget elementor-widget-text-editor\" data-id=\"c950578\" data-element_type=\"widget\" data-e-type=\"widget\" data-widget_type=\"text-editor.default\">\n\t\t\t\t<div class=\"elementor-widget-container\">\n\t\t\t\t\t\t\t\t\t<ul><li><span data-sheets-root=\"1\">Derecho de acceso: derecho a obtener confirmaci\u00f3n de si se est\u00e1n tratando datos personales, as\u00ed como el derecho de acceso a dichos datos.<\/span><\/li><li><span data-sheets-root=\"1\">Derecho de rectificaci\u00f3n de los datos personales.<\/span><\/li><li><span data-sheets-root=\"1\">Derecho de supresi\u00f3n<\/span><\/li><li><span data-sheets-root=\"1\">Derecho a la limitaci\u00f3n del tratamiento<\/span><\/li><li><span data-sheets-root=\"1\">Derecho a la portabilidad de los datos<\/span><\/li><li><span data-sheets-root=\"1\">Derecho de oposici\u00f3n: derecho a oponerse al tratamiento de los datos.<\/span><\/li><\/ul>\t\t\t\t\t\t\t\t<\/div>\n\t\t\t\t<\/div>\n\t\t\t\t<div class=\"elementor-element elementor-element-00e2e63 elementor-widget elementor-widget-text-editor\" data-id=\"00e2e63\" data-element_type=\"widget\" data-e-type=\"widget\" data-widget_type=\"text-editor.default\">\n\t\t\t\t<div class=\"elementor-widget-container\">\n\t\t\t\t\t\t\t\t\t<p>El responsable del tratamiento se conserva el derecho a restringir los derechos establecidos en el art\u00edculo 23 del Reglamento de la UE, si dicha restricci\u00f3n se establece para salvaguardar, en particular, los derechos y libertades fundamentales y es una medida necesaria y proporcionada.<\/p>\t\t\t\t\t\t\t\t<\/div>\n\t\t\t\t<\/div>\n\t\t\t\t\t<\/div>\n\t\t\t\t<\/div>\n\t\t<div class=\"elementor-element elementor-element-9faa17a e-flex e-con-boxed e-con e-child\" data-id=\"9faa17a\" data-element_type=\"container\" data-e-type=\"container\" data-settings=\"{&quot;background_background&quot;:&quot;classic&quot;}\">\n\t\t\t\t\t<div class=\"e-con-inner\">\n\t\t\t\t<div class=\"elementor-element elementor-element-4988b5a elementor-widget elementor-widget-heading\" data-id=\"4988b5a\" data-element_type=\"widget\" data-e-type=\"widget\" data-widget_type=\"heading.default\">\n\t\t\t\t<div class=\"elementor-widget-container\">\n\t\t\t\t\t<h2 class=\"elementor-heading-title elementor-size-default\">\u00bfD\u00f3nde puedo reclamar?<\/h2>\t\t\t\t<\/div>\n\t\t\t\t<\/div>\n\t\t\t\t<div class=\"elementor-element elementor-element-1001ff8 elementor-widget elementor-widget-text-editor\" data-id=\"1001ff8\" data-element_type=\"widget\" data-e-type=\"widget\" data-widget_type=\"text-editor.default\">\n\t\t\t\t<div class=\"elementor-widget-container\">\n\t\t\t\t\t\t\t\t\t<p>Si alg\u00fan interesado considera que sus datos no est\u00e1n siendo tratados correctamente, puede enviar sus quejas a la siguiente direcci\u00f3n de correo electr\u00f3nico: <a href=\"mailto:secretaria.xeral@udc.gal\">secretaria.xeral@udc.gal<\/a><\/p><p>El interesado declara haber adquirido toda esta informaci\u00f3n.<\/p>\t\t\t\t\t\t\t\t<\/div>\n\t\t\t\t<\/div>\n\t\t\t\t\t<\/div>\n\t\t\t\t<\/div>\n\t\t\t\t<\/div>\n\t\t","protected":false},"excerpt":{"rendered":"<p>En EDIGIT nos tomamos muy en serio la protecci\u00f3n de sus datos personales. Nuestro prop\u00f3sito es proteger la privacidad de los datos que nos proporciona y cumplir con la normativa vigente en materia de protecci\u00f3n de datos personales. En cumplimiento de la Ley 3\/2018, de 5 de diciembre, de Protecci\u00f3n de Datos Personales y Garant\u00eda [&hellip;]<\/p>\n","protected":false},"author":1,"featured_media":0,"parent":0,"menu_order":0,"comment_status":"closed","ping_status":"closed","template":"elementor_header_footer","meta":{"_acf_changed":false,"footnotes":""},"class_list":["post-1190","page","type-page","status-publish","hentry"],"acf":[],"_links":{"self":[{"href":"https:\/\/edigit-project.eu\/es\/wp-json\/wp\/v2\/pages\/1190","targetHints":{"allow":["GET"]}}],"collection":[{"href":"https:\/\/edigit-project.eu\/es\/wp-json\/wp\/v2\/pages"}],"about":[{"href":"https:\/\/edigit-project.eu\/es\/wp-json\/wp\/v2\/types\/page"}],"author":[{"embeddable":true,"href":"https:\/\/edigit-project.eu\/es\/wp-json\/wp\/v2\/users\/1"}],"replies":[{"embeddable":true,"href":"https:\/\/edigit-project.eu\/es\/wp-json\/wp\/v2\/comments?post=1190"}],"version-history":[{"count":1,"href":"https:\/\/edigit-project.eu\/es\/wp-json\/wp\/v2\/pages\/1190\/revisions"}],"predecessor-version":[{"id":1191,"href":"https:\/\/edigit-project.eu\/es\/wp-json\/wp\/v2\/pages\/1190\/revisions\/1191"}],"wp:attachment":[{"href":"https:\/\/edigit-project.eu\/es\/wp-json\/wp\/v2\/media?parent=1190"}],"curies":[{"name":"wp","href":"https:\/\/api.w.org\/{rel}","templated":true}]}}