{"id":835,"date":"2025-03-05T09:58:10","date_gmt":"2025-03-05T09:58:10","guid":{"rendered":"https:\/\/edigit-project.eu\/about"},"modified":"2025-06-18T07:29:02","modified_gmt":"2025-06-18T07:29:02","slug":"about","status":"publish","type":"page","link":"https:\/\/edigit-project.eu\/cs\/about","title":{"rendered":"About"},"content":{"rendered":"\t\t<div data-elementor-type=\"wp-page\" data-elementor-id=\"835\" class=\"elementor elementor-835 elementor-155\" data-elementor-post-type=\"page\">\n\t\t\t\t<div data-dce-background-image-url=\"https:\/\/edigit-project.eu\/wp-content\/uploads\/2025\/03\/EDIGIT-about-bg.png\" class=\"elementor-element elementor-element-76ee4ca e-flex e-con-boxed e-con e-child\" data-id=\"76ee4ca\" data-element_type=\"container\" data-e-type=\"container\" data-settings=\"{&quot;background_background&quot;:&quot;classic&quot;}\">\n\t\t\t\t\t<div class=\"e-con-inner\">\n\t\t\t\t<div class=\"elementor-element elementor-element-46baa14 elementor-widget__width-initial elementor-widget elementor-widget-heading\" data-id=\"46baa14\" data-element_type=\"widget\" data-e-type=\"widget\" data-widget_type=\"heading.default\">\n\t\t\t\t<div class=\"elementor-widget-container\">\n\t\t\t\t\t<h1 class=\"elementor-heading-title elementor-size-default\">Vzd\u011bl\u00e1v\u00e1n\u00ed a digit\u00e1ln\u00ed gramotnost pro r\u016fst inkluzivn\u00edch talent\u016f<\/h1>\t\t\t\t<\/div>\n\t\t\t\t<\/div>\n\t\t\t\t<div class=\"elementor-element elementor-element-6b2adf6 elementor-widget__width-initial elementor-widget elementor-widget-text-editor\" data-id=\"6b2adf6\" data-element_type=\"widget\" data-e-type=\"widget\" data-widget_type=\"text-editor.default\">\n\t\t\t\t<div class=\"elementor-widget-container\">\n\t\t\t\t\t\t\t\t\t<p>Projekt EDIGIT spolupracuje s odv\u011btv\u00edm vzd\u011bl\u00e1v\u00e1n\u00ed, p\u00e9\u010de o posti\u017een\u00e9 a technologi\u00ed s c\u00edlem pos\u00edlit postaven\u00ed pedagog\u016f STEM s inkluzivn\u00edmi hodnotami pro p\u0159\u00edstupnou technologickou budoucnost.<\/p>\t\t\t\t\t\t\t\t<\/div>\n\t\t\t\t<\/div>\n\t\t<div class=\"elementor-element elementor-element-702d142 e-con-full e-flex e-con e-child\" data-id=\"702d142\" data-element_type=\"container\" data-e-type=\"container\">\n\t\t<div class=\"elementor-element elementor-element-025f3ba e-con-full e-flex e-con e-child\" data-id=\"025f3ba\" data-element_type=\"container\" data-e-type=\"container\">\n\t\t\t\t<div class=\"elementor-element elementor-element-88186d2 elementor-widget__width-initial elementor-widget elementor-widget-heading\" data-id=\"88186d2\" data-element_type=\"widget\" data-e-type=\"widget\" data-widget_type=\"heading.default\">\n\t\t\t\t<div class=\"elementor-widget-container\">\n\t\t\t\t\t<h5 class=\"elementor-heading-title elementor-size-default\"><span id=\"m-counter\">36<\/span><\/h5>\t\t\t\t<\/div>\n\t\t\t\t<\/div>\n\t\t\t\t<div class=\"elementor-element elementor-element-0ea0ec8 elementor-widget__width-initial elementor-widget elementor-widget-heading\" data-id=\"0ea0ec8\" data-element_type=\"widget\" data-e-type=\"widget\" data-widget_type=\"heading.default\">\n\t\t\t\t<div class=\"elementor-widget-container\">\n\t\t\t\t\t<div class=\"elementor-heading-title elementor-size-default\">m\u011bs\u00edc\u016f<\/div>\t\t\t\t<\/div>\n\t\t\t\t<\/div>\n\t\t\t\t<\/div>\n\t\t<div class=\"elementor-element elementor-element-ebe2546 e-con-full e-flex e-con e-child\" data-id=\"ebe2546\" data-element_type=\"container\" data-e-type=\"container\">\n\t\t\t\t<div class=\"elementor-element elementor-element-170896d elementor-widget__width-initial elementor-widget elementor-widget-heading\" data-id=\"170896d\" data-element_type=\"widget\" data-e-type=\"widget\" data-widget_type=\"heading.default\">\n\t\t\t\t<div class=\"elementor-widget-container\">\n\t\t\t\t\t<h5 class=\"elementor-heading-title elementor-size-default\"><span id=\"p-counter\">7<\/span><\/h5>\t\t\t\t<\/div>\n\t\t\t\t<\/div>\n\t\t\t\t<div class=\"elementor-element elementor-element-cb58fe6 elementor-widget__width-initial elementor-widget elementor-widget-heading\" data-id=\"cb58fe6\" data-element_type=\"widget\" data-e-type=\"widget\" data-widget_type=\"heading.default\">\n\t\t\t\t<div class=\"elementor-widget-container\">\n\t\t\t\t\t<div class=\"elementor-heading-title elementor-size-default\">partner\u016f<\/div>\t\t\t\t<\/div>\n\t\t\t\t<\/div>\n\t\t\t\t<\/div>\n\t\t<div class=\"elementor-element elementor-element-d670bcc e-con-full e-flex e-con e-child\" data-id=\"d670bcc\" data-element_type=\"container\" data-e-type=\"container\">\n\t\t\t\t<div class=\"elementor-element elementor-element-616c4f9 elementor-widget__width-initial elementor-widget elementor-widget-heading\" data-id=\"616c4f9\" data-element_type=\"widget\" data-e-type=\"widget\" data-widget_type=\"heading.default\">\n\t\t\t\t<div class=\"elementor-widget-container\">\n\t\t\t\t\t<h5 class=\"elementor-heading-title elementor-size-default\"><span id=\"c-counter\">5<\/span><\/h5>\t\t\t\t<\/div>\n\t\t\t\t<\/div>\n\t\t\t\t<div class=\"elementor-element elementor-element-c229eee elementor-widget__width-initial elementor-widget elementor-widget-heading\" data-id=\"c229eee\" data-element_type=\"widget\" data-e-type=\"widget\" data-widget_type=\"heading.default\">\n\t\t\t\t<div class=\"elementor-widget-container\">\n\t\t\t\t\t<div class=\"elementor-heading-title elementor-size-default\">zem\u00ed<\/div>\t\t\t\t<\/div>\n\t\t\t\t<\/div>\n\t\t\t\t<\/div>\n\t\t\t\t<\/div>\n\t\t\t\t\t<\/div>\n\t\t\t\t<\/div>\n\t\t<div data-dce-background-image-url=\"https:\/\/edigit-project.eu\/wp-content\/uploads\/2025\/03\/EDIGIT-Logo-bg.svg\" class=\"elementor-element elementor-element-598c0a6 e-flex e-con-boxed e-con e-child\" data-id=\"598c0a6\" data-element_type=\"container\" data-e-type=\"container\" data-settings=\"{&quot;background_background&quot;:&quot;classic&quot;}\">\n\t\t\t\t\t<div class=\"e-con-inner\">\n\t\t\t\t<div class=\"elementor-element elementor-element-e8d1572 elementor-widget__width-initial elementor-widget elementor-widget-text-editor\" data-id=\"e8d1572\" data-element_type=\"widget\" data-e-type=\"widget\" data-widget_type=\"text-editor.default\">\n\t\t\t\t<div class=\"elementor-widget-container\">\n\t\t\t\t\t\t\t\t\t<p>Technologie se vyv\u00edjej\u00ed neb\u00fdval\u00fdm tempem a m\u011bn\u00ed zp\u016fsob, jak\u00fdm \u017eijeme, pracujeme a zapojujeme se do spole\u010dnosti. Ne v\u0161ichni v\u0161ak z p\u0159echodu na digit\u00e1ln\u00ed technologie profituj\u00ed stejn\u011b. <\/p>\t\t\t\t\t\t\t\t<\/div>\n\t\t\t\t<\/div>\n\t\t\t\t<div class=\"elementor-element elementor-element-5096c4a elementor-widget__width-initial elementor-widget elementor-widget-text-editor\" data-id=\"5096c4a\" data-element_type=\"widget\" data-e-type=\"widget\" data-widget_type=\"text-editor.default\">\n\t\t\t\t<div class=\"elementor-widget-container\">\n\t\t\t\t\t\t\t\t\t<p>Lid\u00e9 se zdravotn\u00edm posti\u017een\u00edm \u010del\u00ed v\u00fdznamn\u00fdm p\u0159ek\u00e1\u017ek\u00e1m v p\u0159\u00edstupu k technologi\u00edm a jejich pou\u017e\u00edv\u00e1n\u00ed kv\u016fli nedostate\u010dn\u00e9mu inkluzivn\u00edmu designu a informovanosti v\u00fdvoj\u00e1\u0159\u016f technologi\u00ed. Tato digit\u00e1ln\u00ed nerovnost nen\u00ed jen v\u00fdzvou &#8211; je to vol\u00e1n\u00ed po akci. <\/p><p>EDIGIT reaguje na tuto pot\u0159ebu t\u00edm, \u017ee se zab\u00fdv\u00e1 ko\u0159enem probl\u00e9mu: nedostatkem inkluzivn\u00ed perspektivy pro zdravotn\u011b posti\u017een\u00e9 ve vzd\u011bl\u00e1v\u00e1n\u00ed STEM. Pokud se budouc\u00ed inov\u00e1to\u0159i a v\u00fdvoj\u00e1\u0159i nesezn\u00e1m\u00ed se z\u00e1sadami p\u0159\u00edstupnosti ji\u017e v ran\u00e9 f\u00e1zi, budou technologie i nad\u00e1le navrhov\u00e1ny bez ohledu na rozmanit\u00e9 pot\u0159eby v\u0161ech u\u017eivatel\u016f. Abychom tuto mezeru vyplnili, vybavuje projekt EDIGIT u\u010ditele n\u00e1stroji pro za\u010dlen\u011bn\u00ed inkluzivn\u00edch hodnot do v\u00fduky STEM a zaji\u0161\u0165uje, aby ze student\u016f vyrostli odborn\u00edci, kte\u0159\u00ed ch\u00e1pou v\u00fdznam p\u0159\u00edstupnosti p\u0159i v\u00fdvoji technologi\u00ed.  <\/p>\t\t\t\t\t\t\t\t<\/div>\n\t\t\t\t<\/div>\n\t\t\t\t<div class=\"elementor-element elementor-element-6e5990e elementor-widget elementor-widget-text-editor\" data-id=\"6e5990e\" data-element_type=\"widget\" data-e-type=\"widget\" data-widget_type=\"text-editor.default\">\n\t\t\t\t<div class=\"elementor-widget-container\">\n\t\t\t\t\t\t\t\t\t<p>Tato mezin\u00e1rodn\u00ed iniciativa vych\u00e1z\u00ed z \u00fasp\u011bchu projektu <a href=\"https:\/\/talentosinclusivos.citic.udc.es\/\" target=\"_blank\" rel=\"noopener\">Talentos Inclusivos<\/a>, kter\u00fd vypracovaly <a href=\"https:\/\/citic.udc.es\/\" target=\"_blank\" rel=\"noopener\">CITIC <\/a>(<a href=\"https:\/\/www.udc.es\/\" target=\"_blank\" rel=\"noopener\">Univerzita v A Coru\u00f1a<\/a>) a <a href=\"https:\/\/aspacecoruna.org\/\" target=\"_blank\" rel=\"noopener\">ASPACE Coru\u00f1a<\/a> za podpory <a href=\"https:\/\/www.fecyt.es\/\" target=\"_blank\" rel=\"noopener\">FECYT<\/a>. B\u011bhem p\u011bti ro\u010dn\u00edk\u016f se do projektu Talentos Inclusivos zapojilo v\u00edce ne\u017e 400 \u00fa\u010dastn\u00edk\u016f &#8211; v\u010detn\u011b osob s d\u011btskou mozkovou obrnou, student\u016f a u\u010ditel\u016f &#8211; z 22 \u0161kol v Galicii, kte\u0159\u00ed spole\u010dn\u011b vyv\u00edjeli re\u00e1ln\u00e1 technologick\u00e1 \u0159e\u0161en\u00ed. <\/p>\t\t\t\t\t\t\t\t<\/div>\n\t\t\t\t<\/div>\n\t\t\t\t\t<\/div>\n\t\t\t\t<\/div>\n\t\t<div class=\"elementor-element elementor-element-af876ec e-flex e-con-boxed e-con e-child\" data-id=\"af876ec\" data-element_type=\"container\" data-e-type=\"container\" data-settings=\"{&quot;background_background&quot;:&quot;classic&quot;}\">\n\t\t\t\t\t<div class=\"e-con-inner\">\n\t\t\t\t<div class=\"elementor-element elementor-element-373171f elementor-absolute elementor-view-default elementor-widget elementor-widget-icon\" data-id=\"373171f\" data-element_type=\"widget\" data-e-type=\"widget\" data-settings=\"{&quot;_position&quot;:&quot;absolute&quot;}\" data-widget_type=\"icon.default\">\n\t\t\t\t<div class=\"elementor-widget-container\">\n\t\t\t\t\t\t\t<div class=\"elementor-icon-wrapper\">\n\t\t\t<div class=\"elementor-icon\">\n\t\t\t<svg xmlns=\"http:\/\/www.w3.org\/2000\/svg\" width=\"268\" height=\"313\" viewBox=\"0 0 268 313\" fill=\"none\"><path d=\"M35 277.804C38.5234 196.018 105 12.6622 244.364 38.466C383.727 64.2697 364.062 192.004 317 241.678C291.33 268.773 239 289.016 209 254C195.226 237.923 197.674 211.263 197.632 195.662\" stroke=\"#D9E021\" stroke-width=\"70\" stroke-linecap=\"round\"><\/path><\/svg>\t\t\t<\/div>\n\t\t<\/div>\n\t\t\t\t\t\t<\/div>\n\t\t\t\t<\/div>\n\t\t\t\t<div class=\"elementor-element elementor-element-89e93d4 elementor-widget elementor-widget-heading\" data-id=\"89e93d4\" data-element_type=\"widget\" data-e-type=\"widget\" data-widget_type=\"heading.default\">\n\t\t\t\t<div class=\"elementor-widget-container\">\n\t\t\t\t\t<h2 class=\"elementor-heading-title elementor-size-default\">Kl\u00ed\u010dov\u00e9 c\u00edle<\/h2>\t\t\t\t<\/div>\n\t\t\t\t<\/div>\n\t\t<div class=\"elementor-element elementor-element-da3b837 e-con-full e-flex e-con e-child\" data-id=\"da3b837\" data-element_type=\"container\" data-e-type=\"container\">\n\t\t<div class=\"elementor-element elementor-element-eb79815 e-con-full e-flex e-con e-child\" data-id=\"eb79815\" data-element_type=\"container\" data-e-type=\"container\">\n\t\t\t\t<div class=\"elementor-element elementor-element-c2bb346 dce_masking-none elementor-widget elementor-widget-image\" data-id=\"c2bb346\" data-element_type=\"widget\" data-e-type=\"widget\" data-widget_type=\"image.default\">\n\t\t\t\t<div class=\"elementor-widget-container\">\n\t\t\t\t\t\t\t\t\t\t\t\t\t\t\t<img fetchpriority=\"high\" decoding=\"async\" width=\"768\" height=\"512\" src=\"https:\/\/edigit-project.eu\/wp-content\/uploads\/2025\/03\/EDIGIT-Key-objectives-1-768x512.jpg\" class=\"attachment-medium_large size-medium_large wp-image-669\" alt=\"\" srcset=\"https:\/\/edigit-project.eu\/wp-content\/uploads\/2025\/03\/EDIGIT-Key-objectives-1-768x512.jpg 768w, https:\/\/edigit-project.eu\/wp-content\/uploads\/2025\/03\/EDIGIT-Key-objectives-1-300x200.jpg 300w, https:\/\/edigit-project.eu\/wp-content\/uploads\/2025\/03\/EDIGIT-Key-objectives-1.jpg 843w\" sizes=\"(max-width: 768px) 100vw, 768px\" \/>\t\t\t\t\t\t\t\t\t\t\t\t\t\t\t<\/div>\n\t\t\t\t<\/div>\n\t\t\t\t<div class=\"elementor-element elementor-element-f35f2d7 elementor-widget elementor-widget-text-editor\" data-id=\"f35f2d7\" data-element_type=\"widget\" data-e-type=\"widget\" data-widget_type=\"text-editor.default\">\n\t\t\t\t<div class=\"elementor-widget-container\">\n\t\t\t\t\t\t\t\t\t<p>Vypracovat \u0161kolic\u00ed materi\u00e1ly, kter\u00e9 poskytnou u\u010ditel\u016fm a pedagog\u016fm dovednosti pot\u0159ebn\u00e9 k podpo\u0159e odpov\u011bdn\u00e9 kari\u00e9ry v oblasti STEM a k zaveden\u00ed inkluzivn\u00edch postup\u016f v tomto vzd\u011bl\u00e1v\u00e1n\u00ed, v\u010detn\u011b interaktivn\u00edch workshop\u016f se studenty a osobami se zdravotn\u00edm posti\u017een\u00edm.<\/p>\t\t\t\t\t\t\t\t<\/div>\n\t\t\t\t<\/div>\n\t\t\t\t<\/div>\n\t\t<div class=\"elementor-element elementor-element-d31dcee e-con-full e-flex e-con e-child\" data-id=\"d31dcee\" data-element_type=\"container\" data-e-type=\"container\">\n\t\t\t\t<div class=\"elementor-element elementor-element-4be15df dce_masking-none elementor-widget elementor-widget-image\" data-id=\"4be15df\" data-element_type=\"widget\" data-e-type=\"widget\" data-widget_type=\"image.default\">\n\t\t\t\t<div class=\"elementor-widget-container\">\n\t\t\t\t\t\t\t\t\t\t\t\t\t\t\t<img decoding=\"async\" width=\"565\" height=\"847\" src=\"https:\/\/edigit-project.eu\/wp-content\/uploads\/2025\/03\/EDIGIT-Key-objectives-2.jpg\" class=\"attachment-medium_large size-medium_large wp-image-674\" alt=\"\" srcset=\"https:\/\/edigit-project.eu\/wp-content\/uploads\/2025\/03\/EDIGIT-Key-objectives-2.jpg 565w, https:\/\/edigit-project.eu\/wp-content\/uploads\/2025\/03\/EDIGIT-Key-objectives-2-200x300.jpg 200w\" sizes=\"(max-width: 565px) 100vw, 565px\" \/>\t\t\t\t\t\t\t\t\t\t\t\t\t\t\t<\/div>\n\t\t\t\t<\/div>\n\t\t\t\t<div class=\"elementor-element elementor-element-4c30d3a elementor-widget elementor-widget-text-editor\" data-id=\"4c30d3a\" data-element_type=\"widget\" data-e-type=\"widget\" data-widget_type=\"text-editor.default\">\n\t\t\t\t<div class=\"elementor-widget-container\">\n\t\t\t\t\t\t\t\t\t<p>Podporovat inkluzivn\u00ed hodnoty u student\u016f zav\u00e1d\u011bn\u00edm praktick\u00fdch iniciativ zam\u011b\u0159en\u00fdch na inkluzi a zvy\u0161ov\u00e1n\u00edm pov\u011bdom\u00ed o ka\u017edodenn\u00edm \u017eivot\u011b lid\u00ed s d\u011btskou mozkovou obrnou a dal\u0161\u00edmi posti\u017een\u00edmi.<\/p>\t\t\t\t\t\t\t\t<\/div>\n\t\t\t\t<\/div>\n\t\t\t\t<\/div>\n\t\t<div class=\"elementor-element elementor-element-3134d43 e-con-full e-flex e-con e-child\" data-id=\"3134d43\" data-element_type=\"container\" data-e-type=\"container\">\n\t\t\t\t<div class=\"elementor-element elementor-element-352b1d7 dce_masking-none elementor-widget elementor-widget-image\" data-id=\"352b1d7\" data-element_type=\"widget\" data-e-type=\"widget\" data-widget_type=\"image.default\">\n\t\t\t\t<div class=\"elementor-widget-container\">\n\t\t\t\t\t\t\t\t\t\t\t\t\t\t\t<img decoding=\"async\" width=\"768\" height=\"512\" src=\"https:\/\/edigit-project.eu\/wp-content\/uploads\/2025\/03\/EDIGIT-Key-objectives-3-768x512.jpg\" class=\"attachment-medium_large size-medium_large wp-image-679\" alt=\"\" srcset=\"https:\/\/edigit-project.eu\/wp-content\/uploads\/2025\/03\/EDIGIT-Key-objectives-3-768x512.jpg 768w, https:\/\/edigit-project.eu\/wp-content\/uploads\/2025\/03\/EDIGIT-Key-objectives-3-300x200.jpg 300w, https:\/\/edigit-project.eu\/wp-content\/uploads\/2025\/03\/EDIGIT-Key-objectives-3.jpg 847w\" sizes=\"(max-width: 768px) 100vw, 768px\" \/>\t\t\t\t\t\t\t\t\t\t\t\t\t\t\t<\/div>\n\t\t\t\t<\/div>\n\t\t\t\t<div class=\"elementor-element elementor-element-1383942 elementor-widget elementor-widget-text-editor\" data-id=\"1383942\" data-element_type=\"widget\" data-e-type=\"widget\" data-widget_type=\"text-editor.default\">\n\t\t\t\t<div class=\"elementor-widget-container\">\n\t\t\t\t\t\t\t\t\t<p>Podporovat kari\u00e9ru v oblasti STEM ve \u0161kol\u00e1ch prost\u0159ednictv\u00edm kreativn\u00edch a spole\u010dn\u00fdch p\u0159\u00edstup\u016f, zaji\u0161\u0165uj\u00edc\u00edch inkluzi a aktivn\u011b \u0159e\u0161\u00edc\u00edch rozd\u00edly mezi mu\u017ei a \u017eenami v oblasti v\u011bdy.<\/p>\t\t\t\t\t\t\t\t<\/div>\n\t\t\t\t<\/div>\n\t\t\t\t<\/div>\n\t\t<div class=\"elementor-element elementor-element-791e8ef e-con-full e-flex e-con e-child\" data-id=\"791e8ef\" data-element_type=\"container\" data-e-type=\"container\">\n\t\t\t\t<div class=\"elementor-element elementor-element-0f29f65 dce_masking-none elementor-widget elementor-widget-image\" data-id=\"0f29f65\" data-element_type=\"widget\" data-e-type=\"widget\" data-widget_type=\"image.default\">\n\t\t\t\t<div class=\"elementor-widget-container\">\n\t\t\t\t\t\t\t\t\t\t\t\t\t\t\t<img loading=\"lazy\" decoding=\"async\" width=\"768\" height=\"512\" src=\"https:\/\/edigit-project.eu\/wp-content\/uploads\/2025\/03\/EDIGIT-Key-objectives-4-768x512.jpg\" class=\"attachment-medium_large size-medium_large wp-image-684\" alt=\"\" srcset=\"https:\/\/edigit-project.eu\/wp-content\/uploads\/2025\/03\/EDIGIT-Key-objectives-4-768x512.jpg 768w, https:\/\/edigit-project.eu\/wp-content\/uploads\/2025\/03\/EDIGIT-Key-objectives-4-300x200.jpg 300w, https:\/\/edigit-project.eu\/wp-content\/uploads\/2025\/03\/EDIGIT-Key-objectives-4.jpg 847w\" sizes=\"(max-width: 768px) 100vw, 768px\" \/>\t\t\t\t\t\t\t\t\t\t\t\t\t\t\t<\/div>\n\t\t\t\t<\/div>\n\t\t\t\t<div class=\"elementor-element elementor-element-ee44a93 elementor-widget elementor-widget-text-editor\" data-id=\"ee44a93\" data-element_type=\"widget\" data-e-type=\"widget\" data-widget_type=\"text-editor.default\">\n\t\t\t\t<div class=\"elementor-widget-container\">\n\t\t\t\t\t\t\t\t\t<p>Zvy\u0161ovat znalosti a dovednosti v oblasti STEM u neuniverzitn\u00edch student\u016f a z\u00e1rove\u0148 podporovat pov\u011bdom\u00ed o spole\u010densk\u00e9 hodnot\u011b v\u011bdy, jako\u017e i o z\u00e1sad\u00e1ch odpov\u011bdn\u00e9ho v\u00fdzkumu a inovac\u00ed, univerz\u00e1ln\u00edho designu a digit\u00e1ln\u00ed p\u0159\u00edstupnosti.<\/p>\t\t\t\t\t\t\t\t<\/div>\n\t\t\t\t<\/div>\n\t\t\t\t<\/div>\n\t\t<div class=\"elementor-element elementor-element-88b2ba0 e-con-full e-flex e-con e-child\" data-id=\"88b2ba0\" data-element_type=\"container\" data-e-type=\"container\">\n\t\t\t\t<div class=\"elementor-element elementor-element-05de11d dce_masking-none elementor-widget elementor-widget-image\" data-id=\"05de11d\" data-element_type=\"widget\" data-e-type=\"widget\" data-widget_type=\"image.default\">\n\t\t\t\t<div class=\"elementor-widget-container\">\n\t\t\t\t\t\t\t\t\t\t\t\t\t\t\t<img loading=\"lazy\" decoding=\"async\" width=\"678\" height=\"848\" src=\"https:\/\/edigit-project.eu\/wp-content\/uploads\/2025\/03\/EDIGIT-Key-objectives-5.jpg\" class=\"attachment-medium_large size-medium_large wp-image-689\" alt=\"\" srcset=\"https:\/\/edigit-project.eu\/wp-content\/uploads\/2025\/03\/EDIGIT-Key-objectives-5.jpg 678w, https:\/\/edigit-project.eu\/wp-content\/uploads\/2025\/03\/EDIGIT-Key-objectives-5-240x300.jpg 240w\" sizes=\"(max-width: 678px) 100vw, 678px\" \/>\t\t\t\t\t\t\t\t\t\t\t\t\t\t\t<\/div>\n\t\t\t\t<\/div>\n\t\t\t\t<div class=\"elementor-element elementor-element-f7a6bcf elementor-widget elementor-widget-text-editor\" data-id=\"f7a6bcf\" data-element_type=\"widget\" data-e-type=\"widget\" data-widget_type=\"text-editor.default\">\n\t\t\t\t<div class=\"elementor-widget-container\">\n\t\t\t\t\t\t\t\t\t<p>Pos\u00edlit spolupr\u00e1ci mezi odv\u011btv\u00edm p\u00e9\u010de o zdravotn\u011b posti\u017een\u00e9, vzd\u011bl\u00e1v\u00e1n\u00edm a technologiemi s c\u00edlem podpo\u0159it digit\u00e1ln\u00ed transformaci, kter\u00e1 bude p\u0159\u00edstupn\u00e1, spole\u010densky odpov\u011bdn\u00e1 a inkluzivn\u00ed pro v\u0161echny.<\/p>\t\t\t\t\t\t\t\t<\/div>\n\t\t\t\t<\/div>\n\t\t\t\t<\/div>\n\t\t\t\t<\/div>\n\t\t\t\t\t<\/div>\n\t\t\t\t<\/div>\n\t\t<div class=\"elementor-element elementor-element-8171dd4 e-flex e-con-boxed e-con e-child\" data-id=\"8171dd4\" data-element_type=\"container\" data-e-type=\"container\">\n\t\t\t\t\t<div class=\"e-con-inner\">\n\t\t\t\t<div class=\"elementor-element elementor-element-28cf0c0 elementor-absolute elementor-view-default elementor-widget elementor-widget-icon\" data-id=\"28cf0c0\" data-element_type=\"widget\" data-e-type=\"widget\" data-settings=\"{&quot;_position&quot;:&quot;absolute&quot;}\" data-widget_type=\"icon.default\">\n\t\t\t\t<div class=\"elementor-widget-container\">\n\t\t\t\t\t\t\t<div class=\"elementor-icon-wrapper\">\n\t\t\t<div class=\"elementor-icon\">\n\t\t\t<svg xmlns=\"http:\/\/www.w3.org\/2000\/svg\" width=\"200\" height=\"278\" viewBox=\"0 0 200 278\" fill=\"none\"><path d=\"M-7.59766 45.1917L127.597 232.809\" stroke=\"#22B573\" stroke-width=\"50\" stroke-linecap=\"round\"><\/path><path d=\"M153.82 71.4036L-33.7972 206.599\" stroke=\"#22B573\" stroke-width=\"50\" stroke-linecap=\"round\"><\/path><path d=\"M41.1532 252.08L78.8465 25.9201\" stroke=\"#22B573\" stroke-width=\"50\" stroke-linecap=\"round\"><\/path><path d=\"M-55.0001 119.833L175 158.167\" stroke=\"#22B573\" stroke-width=\"50\" stroke-linecap=\"round\"><\/path><\/svg>\t\t\t<\/div>\n\t\t<\/div>\n\t\t\t\t\t\t<\/div>\n\t\t\t\t<\/div>\n\t\t\t\t<div class=\"elementor-element elementor-element-af47fa1 elementor-widget elementor-widget-heading\" data-id=\"af47fa1\" data-element_type=\"widget\" data-e-type=\"widget\" data-widget_type=\"heading.default\">\n\t\t\t\t<div class=\"elementor-widget-container\">\n\t\t\t\t\t<h2 class=\"elementor-heading-title elementor-size-default\">Co je Erasmus+?<\/h2>\t\t\t\t<\/div>\n\t\t\t\t<\/div>\n\t\t\t\t<div class=\"elementor-element elementor-element-bd03b92 elementor-widget__width-initial elementor-widget elementor-widget-text-editor\" data-id=\"bd03b92\" data-element_type=\"widget\" data-e-type=\"widget\" data-widget_type=\"text-editor.default\">\n\t\t\t\t<div class=\"elementor-widget-container\">\n\t\t\t\t\t\t\t\t\t<p>Erasmus+ je program Evropsk\u00e9 unie ur\u010den\u00fd na podporu vzd\u011bl\u00e1v\u00e1n\u00ed, odborn\u00e9 p\u0159\u00edpravy, ml\u00e1de\u017ee a sportu v cel\u00e9 Evrop\u011b.<\/p>\t\t\t\t\t\t\t\t<\/div>\n\t\t\t\t<\/div>\n\t\t\t\t<div class=\"elementor-element elementor-element-aded977 elementor-widget__width-initial elementor-widget elementor-widget-text-editor\" data-id=\"aded977\" data-element_type=\"widget\" data-e-type=\"widget\" data-widget_type=\"text-editor.default\">\n\t\t\t\t<div class=\"elementor-widget-container\">\n\t\t\t\t\t\t\t\t\t<p>Prioritou programu na obdob\u00ed 2021-2027 je soci\u00e1ln\u00ed za\u010dle\u0148ov\u00e1n\u00ed, udr\u017eitelnost, digit\u00e1ln\u00ed transformace a podpora zapojen\u00ed mlad\u00fdch lid\u00ed do demokratick\u00e9ho \u017eivota.<br>Je v souladu s kl\u00ed\u010dov\u00fdmi iniciativami EU, v\u010detn\u011b Evropsk\u00e9ho vzd\u011bl\u00e1vac\u00edho prostoru, ak\u010dn\u00edho pl\u00e1nu digit\u00e1ln\u00edho vzd\u011bl\u00e1v\u00e1n\u00ed a evropsk\u00e9ho programu dovednost\u00ed. <br>Nav\u0161tivte <a href=\"https:\/\/erasmus-plus.ec.europa.eu\/\" target=\"_blank\" rel=\"noopener\">ofici\u00e1ln\u00ed webov\u00e9<\/a> str\u00e1nky a dozv\u00edte se v\u00edce.<\/p>\t\t\t\t\t\t\t\t<\/div>\n\t\t\t\t<\/div>\n\t\t\t\t<div class=\"elementor-element elementor-element-cbabc1b elementor-widget__width-initial dce_masking-none elementor-widget elementor-widget-image\" data-id=\"cbabc1b\" data-element_type=\"widget\" data-e-type=\"widget\" data-widget_type=\"image.default\">\n\t\t\t\t<div class=\"elementor-widget-container\">\n\t\t\t\t\t\t\t\t\t\t\t\t\t\t\t<img loading=\"lazy\" decoding=\"async\" width=\"800\" height=\"168\" src=\"https:\/\/edigit-project.eu\/wp-content\/uploads\/2025\/03\/EN-Co-Funded-by-the-EU_POS-1024x215.png\" class=\"attachment-large size-large wp-image-659\" alt=\"\" srcset=\"https:\/\/edigit-project.eu\/wp-content\/uploads\/2025\/03\/EN-Co-Funded-by-the-EU_POS-1024x215.png 1024w, https:\/\/edigit-project.eu\/wp-content\/uploads\/2025\/03\/EN-Co-Funded-by-the-EU_POS-300x63.png 300w, https:\/\/edigit-project.eu\/wp-content\/uploads\/2025\/03\/EN-Co-Funded-by-the-EU_POS-768x161.png 768w, https:\/\/edigit-project.eu\/wp-content\/uploads\/2025\/03\/EN-Co-Funded-by-the-EU_POS-1536x322.png 1536w, https:\/\/edigit-project.eu\/wp-content\/uploads\/2025\/03\/EN-Co-Funded-by-the-EU_POS-2048x430.png 2048w\" sizes=\"(max-width: 800px) 100vw, 800px\" \/>\t\t\t\t\t\t\t\t\t\t\t\t\t\t\t<\/div>\n\t\t\t\t<\/div>\n\t\t\t\t\t<\/div>\n\t\t\t\t<\/div>\n\t\t\t\t<\/div>\n\t\t","protected":false},"excerpt":{"rendered":"<p>Vzd\u011bl\u00e1v\u00e1n\u00ed a digit\u00e1ln\u00ed gramotnost pro r\u016fst inkluzivn\u00edch talent\u016f Projekt EDIGIT spolupracuje s odv\u011btv\u00edm vzd\u011bl\u00e1v\u00e1n\u00ed, p\u00e9\u010de o posti\u017een\u00e9 a technologi\u00ed s c\u00edlem pos\u00edlit postaven\u00ed pedagog\u016f STEM s inkluzivn\u00edmi hodnotami pro p\u0159\u00edstupnou technologickou budoucnost. 36 m\u011bs\u00edc\u016f 7 partner\u016f 5 zem\u00ed Technologie se vyv\u00edjej\u00ed neb\u00fdval\u00fdm tempem a m\u011bn\u00ed zp\u016fsob, jak\u00fdm \u017eijeme, pracujeme a zapojujeme se do spole\u010dnosti. Ne [&hellip;]<\/p>\n","protected":false},"author":1,"featured_media":0,"parent":0,"menu_order":0,"comment_status":"closed","ping_status":"closed","template":"elementor_header_footer","meta":{"_acf_changed":false,"footnotes":""},"class_list":["post-835","page","type-page","status-publish","hentry"],"acf":[],"_links":{"self":[{"href":"https:\/\/edigit-project.eu\/cs\/wp-json\/wp\/v2\/pages\/835","targetHints":{"allow":["GET"]}}],"collection":[{"href":"https:\/\/edigit-project.eu\/cs\/wp-json\/wp\/v2\/pages"}],"about":[{"href":"https:\/\/edigit-project.eu\/cs\/wp-json\/wp\/v2\/types\/page"}],"author":[{"embeddable":true,"href":"https:\/\/edigit-project.eu\/cs\/wp-json\/wp\/v2\/users\/1"}],"replies":[{"embeddable":true,"href":"https:\/\/edigit-project.eu\/cs\/wp-json\/wp\/v2\/comments?post=835"}],"version-history":[{"count":7,"href":"https:\/\/edigit-project.eu\/cs\/wp-json\/wp\/v2\/pages\/835\/revisions"}],"predecessor-version":[{"id":1040,"href":"https:\/\/edigit-project.eu\/cs\/wp-json\/wp\/v2\/pages\/835\/revisions\/1040"}],"wp:attachment":[{"href":"https:\/\/edigit-project.eu\/cs\/wp-json\/wp\/v2\/media?parent=835"}],"curies":[{"name":"wp","href":"https:\/\/api.w.org\/{rel}","templated":true}]}}