{"id":1198,"date":"2025-03-05T11:19:39","date_gmt":"2025-03-05T11:19:39","guid":{"rendered":"https:\/\/edigit-project.eu\/ochrana-osobnich-udaju"},"modified":"2025-08-14T08:01:19","modified_gmt":"2025-08-14T08:01:19","slug":"ochrana-osobnich-udaju","status":"publish","type":"page","link":"https:\/\/edigit-project.eu\/cs\/ochrana-osobnich-udaju","title":{"rendered":"Ochrana osobn\u00edch \u00fadaj\u016f"},"content":{"rendered":"\t\t<div data-elementor-type=\"wp-page\" data-elementor-id=\"1198\" class=\"elementor elementor-1198 elementor-212\" data-elementor-post-type=\"page\">\n\t\t\t\t<div data-dce-background-image-url=\"https:\/\/edigit-project.eu\/wp-content\/uploads\/2025\/03\/EDIGIT-about-bg.png\" class=\"elementor-element elementor-element-a5a8a6e e-flex e-con-boxed e-con e-child\" data-id=\"a5a8a6e\" data-element_type=\"container\" data-e-type=\"container\" data-settings=\"{&quot;background_background&quot;:&quot;classic&quot;}\">\n\t\t\t\t\t<div class=\"e-con-inner\">\n\t\t\t\t\t<\/div>\n\t\t\t\t<\/div>\n\t\t<div class=\"elementor-element elementor-element-e55e798 e-flex e-con-boxed e-con e-child\" data-id=\"e55e798\" data-element_type=\"container\" data-e-type=\"container\" data-settings=\"{&quot;background_background&quot;:&quot;classic&quot;}\">\n\t\t\t\t\t<div class=\"e-con-inner\">\n\t\t\t\t<div class=\"elementor-element elementor-element-a00cb30 elementor-widget elementor-widget-text-editor\" data-id=\"a00cb30\" data-element_type=\"widget\" data-e-type=\"widget\" data-widget_type=\"text-editor.default\">\n\t\t\t\t<div class=\"elementor-widget-container\">\n\t\t\t\t\t\t\t\t\t<p>V projektu EDIGIT bereme ochranu va\u0161ich osobn\u00edch \u00fadaj\u016f velmi v\u00e1\u017en\u011b. Na\u0161\u00edm c\u00edlem je chr\u00e1nit soukrom\u00ed \u00fadaj\u016f, kter\u00e9 n\u00e1m poskytujete, a dodr\u017eovat platn\u00e9 p\u0159edpisy o ochran\u011b osobn\u00edch \u00fadaj\u016f. <\/p><p>V souladu se z\u00e1konem \u010d. 3\/2018 ze dne 5. prosince 2018 o ochran\u011b osobn\u00edch \u00fadaj\u016f a digit\u00e1ln\u00edch pr\u00e1v, kter\u00fd transponuje na\u0159\u00edzen\u00ed (EU) 2016\/679, v\u00e1s informujeme o na\u0161ich z\u00e1sad\u00e1ch ochrany soukrom\u00ed a osobn\u00edch \u00fadaj\u016f:<\/p>\t\t\t\t\t\t\t\t<\/div>\n\t\t\t\t<\/div>\n\t\t\t\t<div class=\"elementor-element elementor-element-48f2668 elementor-widget elementor-widget-heading\" data-id=\"48f2668\" data-element_type=\"widget\" data-e-type=\"widget\" data-widget_type=\"heading.default\">\n\t\t\t\t<div class=\"elementor-widget-container\">\n\t\t\t\t\t<h3 class=\"elementor-heading-title elementor-size-default\">Kdo zpracov\u00e1v\u00e1 Va\u0161e osobn\u00ed \u00fadaje?<\/h3>\t\t\t\t<\/div>\n\t\t\t\t<\/div>\n\t\t\t\t<div class=\"elementor-element elementor-element-b4b62b2 elementor-widget elementor-widget-text-editor\" data-id=\"b4b62b2\" data-element_type=\"widget\" data-e-type=\"widget\" data-widget_type=\"text-editor.default\">\n\t\t\t\t<div class=\"elementor-widget-container\">\n\t\t\t\t\t\t\t\t\t<p>Organizac\u00ed odpov\u011bdnou za va\u0161e osobn\u00ed \u00fadaje je <strong>Universidade Da Coru\u00f1a<\/strong>. Jedn\u00e1 se o <strong>higher education institution<\/strong> se s\u00eddlem v <strong>A Coru\u00f1a, Spain<\/strong>. <\/p>\t\t\t\t\t\t\t\t<\/div>\n\t\t\t\t<\/div>\n\t\t\t\t\t<\/div>\n\t\t\t\t<\/div>\n\t\t<div class=\"elementor-element elementor-element-83a935b e-flex e-con-boxed e-con e-child\" data-id=\"83a935b\" data-element_type=\"container\" data-e-type=\"container\" data-settings=\"{&quot;background_background&quot;:&quot;classic&quot;}\">\n\t\t\t\t\t<div class=\"e-con-inner\">\n\t\t<div class=\"elementor-element elementor-element-ad779b8 e-con-full e-flex e-con e-child\" data-id=\"ad779b8\" data-element_type=\"container\" data-e-type=\"container\">\n\t\t<div class=\"elementor-element elementor-element-6ad88f7 e-con-full e-flex e-con e-child\" data-id=\"6ad88f7\" data-element_type=\"container\" data-e-type=\"container\" data-settings=\"{&quot;background_background&quot;:&quot;classic&quot;}\">\n\t\t\t\t<div data-dce-title-color=\"#2B2B49\" class=\"elementor-element elementor-element-977366a elementor-widget__width-initial elementor-widget elementor-widget-heading\" data-id=\"977366a\" data-element_type=\"widget\" data-e-type=\"widget\" data-widget_type=\"heading.default\">\n\t\t\t\t<div class=\"elementor-widget-container\">\n\t\t\t\t\t<div class=\"elementor-heading-title elementor-size-default\">Adresa<\/div>\t\t\t\t<\/div>\n\t\t\t\t<\/div>\n\t\t\t\t<div class=\"elementor-element elementor-element-bd4f588 elementor-widget__width-initial elementor-widget elementor-widget-heading\" data-id=\"bd4f588\" data-element_type=\"widget\" data-e-type=\"widget\" data-widget_type=\"heading.default\">\n\t\t\t\t<div class=\"elementor-widget-container\">\n\t\t\t\t\t<div class=\"elementor-heading-title elementor-size-default\">R\u00faa da Maestranza 9, 15001 A Coru\u00f1a<\/div>\t\t\t\t<\/div>\n\t\t\t\t<\/div>\n\t\t\t\t<\/div>\n\t\t<div class=\"elementor-element elementor-element-16125a7 e-flex e-con-boxed e-con e-child\" data-id=\"16125a7\" data-element_type=\"container\" data-e-type=\"container\">\n\t\t\t\t\t<div class=\"e-con-inner\">\n\t\t\t\t<div data-dce-title-color=\"#2B2B49\" class=\"elementor-element elementor-element-83e71cc elementor-widget__width-initial elementor-widget elementor-widget-heading\" data-id=\"83e71cc\" data-element_type=\"widget\" data-e-type=\"widget\" data-widget_type=\"heading.default\">\n\t\t\t\t<div class=\"elementor-widget-container\">\n\t\t\t\t\t<div class=\"elementor-heading-title elementor-size-default\">E-mail<\/div>\t\t\t\t<\/div>\n\t\t\t\t<\/div>\n\t\t\t\t<div class=\"elementor-element elementor-element-b34e016 elementor-widget__width-initial elementor-widget elementor-widget-heading\" data-id=\"b34e016\" data-element_type=\"widget\" data-e-type=\"widget\" data-widget_type=\"heading.default\">\n\t\t\t\t<div class=\"elementor-widget-container\">\n\t\t\t\t\t<div class=\"elementor-heading-title elementor-size-default\"><a href=\"mailto:secretaria.xeral@udc.gal\">secretaria.xeral@udc.gal<\/a><\/div>\t\t\t\t<\/div>\n\t\t\t\t<\/div>\n\t\t\t\t\t<\/div>\n\t\t\t\t<\/div>\n\t\t<div class=\"elementor-element elementor-element-a937773 e-flex e-con-boxed e-con e-child\" data-id=\"a937773\" data-element_type=\"container\" data-e-type=\"container\" data-settings=\"{&quot;background_background&quot;:&quot;classic&quot;}\">\n\t\t\t\t\t<div class=\"e-con-inner\">\n\t\t\t\t<div data-dce-title-color=\"#2B2B49\" class=\"elementor-element elementor-element-17c25c1 elementor-widget__width-initial elementor-widget elementor-widget-heading\" data-id=\"17c25c1\" data-element_type=\"widget\" data-e-type=\"widget\" data-widget_type=\"heading.default\">\n\t\t\t\t<div class=\"elementor-widget-container\">\n\t\t\t\t\t<div class=\"elementor-heading-title elementor-size-default\">Telefon<\/div>\t\t\t\t<\/div>\n\t\t\t\t<\/div>\n\t\t\t\t<div class=\"elementor-element elementor-element-6f343fa elementor-widget__width-initial elementor-widget elementor-widget-heading\" data-id=\"6f343fa\" data-element_type=\"widget\" data-e-type=\"widget\" data-widget_type=\"heading.default\">\n\t\t\t\t<div class=\"elementor-widget-container\">\n\t\t\t\t\t<div class=\"elementor-heading-title elementor-size-default\">+34 981 16 70 00<\/div>\t\t\t\t<\/div>\n\t\t\t\t<\/div>\n\t\t\t\t\t<\/div>\n\t\t\t\t<\/div>\n\t\t\t\t<\/div>\n\t\t\t\t<div class=\"elementor-element elementor-element-7536efb elementor-widget elementor-widget-heading\" data-id=\"7536efb\" data-element_type=\"widget\" data-e-type=\"widget\" data-widget_type=\"heading.default\">\n\t\t\t\t<div class=\"elementor-widget-container\">\n\t\t\t\t\t<h2 class=\"elementor-heading-title elementor-size-default\">Jak\u00fd je \u00fa\u010del zpracov\u00e1n\u00ed?<\/h2>\t\t\t\t<\/div>\n\t\t\t\t<\/div>\n\t\t\t\t<div class=\"elementor-element elementor-element-5d18eb8 elementor-widget elementor-widget-text-editor\" data-id=\"5d18eb8\" data-element_type=\"widget\" data-e-type=\"widget\" data-widget_type=\"text-editor.default\">\n\t\t\t\t<div class=\"elementor-widget-container\">\n\t\t\t\t\t\t\t\t\t<ul><li><span data-sheets-root=\"1\">Reagovat na \u017e\u00e1dosti, st\u00ed\u017enosti a incidenty p\u0159edan\u00e9 prost\u0159ednictv\u00edm na\u0161ich kontaktn\u00edch kan\u00e1l\u016f, kter\u00e9 jsou sou\u010d\u00e1st\u00ed webov\u00fdch str\u00e1nek.<\/span><\/li><li><span data-sheets-root=\"1\">K pochopen\u00ed chov\u00e1n\u00ed navig\u00e1tora na webu za \u00fa\u010delem odhalen\u00ed mo\u017en\u00fdch po\u010d\u00edta\u010dov\u00fdch \u00fatok\u016f na n\u00e1\u0161 web.<\/span><\/li><li><span data-sheets-root=\"1\">Dodr\u017eovat z\u00e1konn\u00e9 povinnosti, kter\u00e9 se na n\u00e1s p\u0159\u00edmo vztahuj\u00ed a kter\u00e9 upravuj\u00ed na\u0161i \u010dinnost.<\/span><\/li><li><span data-sheets-root=\"1\">K ochran\u011b a v\u00fdkonu na\u0161ich pr\u00e1v nebo k reakci na st\u00ed\u017enosti jak\u00e9hokoli druhu.<\/span><\/li><li><span data-sheets-root=\"1\">Zas\u00edl\u00e1n\u00ed newsletter\u016f t\u00fdkaj\u00edc\u00edch se zbo\u017e\u00ed nebo slu\u017eeb, kter\u00e9 tvo\u0159\u00ed \u010dinnost odpov\u011bdn\u00e9 osoby nebo novinek souvisej\u00edc\u00edch s jej\u00ed \u010dinnost\u00ed.<\/span><\/li><\/ul>\t\t\t\t\t\t\t\t<\/div>\n\t\t\t\t<\/div>\n\t\t\t\t\t<\/div>\n\t\t\t\t<\/div>\n\t\t<div class=\"elementor-element elementor-element-f17e5d4 e-flex e-con-boxed e-con e-child\" data-id=\"f17e5d4\" data-element_type=\"container\" data-e-type=\"container\" data-settings=\"{&quot;background_background&quot;:&quot;classic&quot;}\">\n\t\t\t\t\t<div class=\"e-con-inner\">\n\t\t\t\t<div class=\"elementor-element elementor-element-152e3d0 elementor-widget elementor-widget-heading\" data-id=\"152e3d0\" data-element_type=\"widget\" data-e-type=\"widget\" data-widget_type=\"heading.default\">\n\t\t\t\t<div class=\"elementor-widget-container\">\n\t\t\t\t\t<h2 class=\"elementor-heading-title elementor-size-default\">Jak\u00fd je pr\u00e1vn\u00ed z\u00e1klad pro zpracov\u00e1n\u00ed?<\/h2>\t\t\t\t<\/div>\n\t\t\t\t<\/div>\n\t\t\t\t<div class=\"elementor-element elementor-element-8b824ed elementor-widget elementor-widget-text-editor\" data-id=\"8b824ed\" data-element_type=\"widget\" data-e-type=\"widget\" data-widget_type=\"text-editor.default\">\n\t\t\t\t<div class=\"elementor-widget-container\">\n\t\t\t\t\t\t\t\t\t<p>Pr\u00e1vn\u00edm z\u00e1kladem pro zpracov\u00e1n\u00ed va\u0161ich \u00fadaj\u016f je souhlas subjektu \u00fadaj\u016f podle \u010dl. 6 odst. 1 p\u00edsm. a) Na\u0159\u00edzen\u00ed a opr\u00e1vn\u011bn\u00fd z\u00e1jem spr\u00e1vce \u00fadaj\u016f podle \u010dl. 6 odst. 1 p\u00edsm. f) Na\u0159\u00edzen\u00ed.<\/p><p>\u00dadaje, kter\u00e9 od v\u00e1s po\u017eadujeme, jsou p\u0159im\u011b\u0159en\u00e9, relevantn\u00ed a nezbytn\u011b nutn\u00e9 a v \u017e\u00e1dn\u00e9m p\u0159\u00edpad\u011b nejste povinni n\u00e1m je poskytnout, ale jejich nesd\u011blen\u00ed m\u016f\u017ee m\u00edt vliv na \u00fa\u010del slu\u017eby nebo nemo\u017enost jej\u00edho poskytnut\u00ed.<\/p>\t\t\t\t\t\t\t\t<\/div>\n\t\t\t\t<\/div>\n\t\t\t\t<div class=\"elementor-element elementor-element-f9883c1 elementor-widget elementor-widget-heading\" data-id=\"f9883c1\" data-element_type=\"widget\" data-e-type=\"widget\" data-widget_type=\"heading.default\">\n\t\t\t\t<div class=\"elementor-widget-container\">\n\t\t\t\t\t<h2 class=\"elementor-heading-title elementor-size-default\">Jak dlouho Va\u0161e \u00fadaje uchov\u00e1v\u00e1me?<\/h2>\t\t\t\t<\/div>\n\t\t\t\t<\/div>\n\t\t\t\t<div class=\"elementor-element elementor-element-99ecc5f elementor-widget elementor-widget-text-editor\" data-id=\"99ecc5f\" data-element_type=\"widget\" data-e-type=\"widget\" data-widget_type=\"text-editor.default\">\n\t\t\t\t<div class=\"elementor-widget-container\">\n\t\t\t\t\t\t\t\t\t<p>Va\u0161e \u00fadaje budou uchov\u00e1v\u00e1ny po dobu nezbytnou k \u0159\u00e1dn\u00e9mu poskytov\u00e1n\u00ed nab\u00edzen\u00fdch slu\u017eeb, jako\u017e i k pln\u011bn\u00ed povinnost\u00ed, kter\u00e9 z nich mohou vypl\u00fdvat, a dal\u0161\u00edch z\u00e1konn\u00fdch po\u017eadavk\u016f.<\/p>\t\t\t\t\t\t\t\t<\/div>\n\t\t\t\t<\/div>\n\t\t\t\t\t<\/div>\n\t\t\t\t<\/div>\n\t\t<div class=\"elementor-element elementor-element-2ba4c3d e-flex e-con-boxed e-con e-child\" data-id=\"2ba4c3d\" data-element_type=\"container\" data-e-type=\"container\" data-settings=\"{&quot;background_background&quot;:&quot;classic&quot;}\">\n\t\t\t\t\t<div class=\"e-con-inner\">\n\t\t\t\t<div class=\"elementor-element elementor-element-4d527bc elementor-widget elementor-widget-heading\" data-id=\"4d527bc\" data-element_type=\"widget\" data-e-type=\"widget\" data-widget_type=\"heading.default\">\n\t\t\t\t<div class=\"elementor-widget-container\">\n\t\t\t\t\t<h2 class=\"elementor-heading-title elementor-size-default\">Kte\u0159\u00ed p\u0159\u00edjemci obdr\u017e\u00ed Va\u0161e data?<\/h2>\t\t\t\t<\/div>\n\t\t\t\t<\/div>\n\t\t\t\t<div class=\"elementor-element elementor-element-02e1472 elementor-widget elementor-widget-text-editor\" data-id=\"02e1472\" data-element_type=\"widget\" data-e-type=\"widget\" data-widget_type=\"text-editor.default\">\n\t\t\t\t<div class=\"elementor-widget-container\">\n\t\t\t\t\t\t\t\t\t<p>P\u0159i zpracov\u00e1n\u00ed va\u0161ich \u00fadaj\u016f m\u016f\u017ee, <strong>Universidade Da Coru\u00f1a<\/strong> sd\u00edlet va\u0161e \u00fadaje s:<\/p><p>On Projects Advising SL, as poskytovateli slu\u017eeb spr\u00e1vy a \u00fadr\u017eby webu.<\/p>\t\t\t\t\t\t\t\t<\/div>\n\t\t\t\t<\/div>\n\t\t\t\t<div class=\"elementor-element elementor-element-60a4d13 elementor-widget elementor-widget-heading\" data-id=\"60a4d13\" data-element_type=\"widget\" data-e-type=\"widget\" data-widget_type=\"heading.default\">\n\t\t\t\t<div class=\"elementor-widget-container\">\n\t\t\t\t\t<h2 class=\"elementor-heading-title elementor-size-default\">Jak\u00e1 m\u00e1m pr\u00e1va?<\/h2>\t\t\t\t<\/div>\n\t\t\t\t<\/div>\n\t\t\t\t<div class=\"elementor-element elementor-element-c950578 elementor-widget elementor-widget-text-editor\" data-id=\"c950578\" data-element_type=\"widget\" data-e-type=\"widget\" data-widget_type=\"text-editor.default\">\n\t\t\t\t<div class=\"elementor-widget-container\">\n\t\t\t\t\t\t\t\t\t<ul><li><span data-sheets-root=\"1\">Pr\u00e1vo na p\u0159\u00edstup: pr\u00e1vo z\u00edskat potvrzen\u00ed o tom, zda jsou osobn\u00ed \u00fadaje zpracov\u00e1v\u00e1ny, a pr\u00e1vo na p\u0159\u00edstup k t\u011bmto \u00fadaj\u016fm.<\/span><\/li><li><span data-sheets-root=\"1\">Pr\u00e1vo na opravu osobn\u00edch \u00fadaj\u016f.<\/span><\/li><li><span data-sheets-root=\"1\">Pr\u00e1vo na v\u00fdmaz.<\/span><\/li><li><span data-sheets-root=\"1\">Pr\u00e1vo na omezen\u00ed zpracov\u00e1n\u00ed.<\/span><\/li><li><span data-sheets-root=\"1\">Pr\u00e1vo na p\u0159enositelnost \u00fadaj\u016f.<\/span><\/li><li><span data-sheets-root=\"1\">Pr\u00e1vo vzn\u00e9st n\u00e1mitku: pr\u00e1vo vzn\u00e9st n\u00e1mitku proti zpracov\u00e1n\u00ed \u00fadaj\u016f.<\/span><\/li><\/ul>\t\t\t\t\t\t\t\t<\/div>\n\t\t\t\t<\/div>\n\t\t\t\t<div class=\"elementor-element elementor-element-00e2e63 elementor-widget elementor-widget-text-editor\" data-id=\"00e2e63\" data-element_type=\"widget\" data-e-type=\"widget\" data-widget_type=\"text-editor.default\">\n\t\t\t\t<div class=\"elementor-widget-container\">\n\t\t\t\t\t\t\t\t\t<p>Spr\u00e1vce si vyhrazuje pr\u00e1vo omezit pr\u00e1va uveden\u00e1 v \u010dl\u00e1nku 23 na\u0159\u00edzen\u00ed EU, pokud je takov\u00e9 omezen\u00ed nezbytn\u00e9 pro ochranu zejm\u00e9na z\u00e1kladn\u00edch pr\u00e1v a svobod a p\u0159edstavuje nezbytn\u00e9 a p\u0159im\u011b\u0159en\u00e9 opat\u0159en\u00ed.<\/p>\t\t\t\t\t\t\t\t<\/div>\n\t\t\t\t<\/div>\n\t\t\t\t\t<\/div>\n\t\t\t\t<\/div>\n\t\t<div class=\"elementor-element elementor-element-9faa17a e-flex e-con-boxed e-con e-child\" data-id=\"9faa17a\" data-element_type=\"container\" data-e-type=\"container\" data-settings=\"{&quot;background_background&quot;:&quot;classic&quot;}\">\n\t\t\t\t\t<div class=\"e-con-inner\">\n\t\t\t\t<div class=\"elementor-element elementor-element-4988b5a elementor-widget elementor-widget-heading\" data-id=\"4988b5a\" data-element_type=\"widget\" data-e-type=\"widget\" data-widget_type=\"heading.default\">\n\t\t\t\t<div class=\"elementor-widget-container\">\n\t\t\t\t\t<h2 class=\"elementor-heading-title elementor-size-default\">Kde mohu podat st\u00ed\u017enost?<\/h2>\t\t\t\t<\/div>\n\t\t\t\t<\/div>\n\t\t\t\t<div class=\"elementor-element elementor-element-1001ff8 elementor-widget elementor-widget-text-editor\" data-id=\"1001ff8\" data-element_type=\"widget\" data-e-type=\"widget\" data-widget_type=\"text-editor.default\">\n\t\t\t\t<div class=\"elementor-widget-container\">\n\t\t\t\t\t\t\t\t\t<p>Pokud se n\u011bkter\u00e1 ze z\u00fa\u010dastn\u011bn\u00fdch stran domn\u00edv\u00e1, \u017ee s jej\u00edmi \u00fadaji nen\u00ed zach\u00e1zeno spr\u00e1vn\u011b, m\u016f\u017ee zaslat st\u00ed\u017enost na n\u00e1sleduj\u00edc\u00ed e-mailovou adresu: <a href=\"mailto:secretaria.xeral@udc.gal\">secretaria.xeral@udc.gal<\/a><\/p><p>Subjekt \u00fadaj\u016f prohla\u0161uje, \u017ee v\u0161echny tyto informace z\u00edskal.<\/p>\t\t\t\t\t\t\t\t<\/div>\n\t\t\t\t<\/div>\n\t\t\t\t\t<\/div>\n\t\t\t\t<\/div>\n\t\t\t\t<\/div>\n\t\t","protected":false},"excerpt":{"rendered":"<p>V projektu EDIGIT bereme ochranu va\u0161ich osobn\u00edch \u00fadaj\u016f velmi v\u00e1\u017en\u011b. Na\u0161\u00edm c\u00edlem je chr\u00e1nit soukrom\u00ed \u00fadaj\u016f, kter\u00e9 n\u00e1m poskytujete, a dodr\u017eovat platn\u00e9 p\u0159edpisy o ochran\u011b osobn\u00edch \u00fadaj\u016f. V souladu se z\u00e1konem \u010d. 3\/2018 ze dne 5. prosince 2018 o ochran\u011b osobn\u00edch \u00fadaj\u016f a digit\u00e1ln\u00edch pr\u00e1v, kter\u00fd transponuje na\u0159\u00edzen\u00ed (EU) 2016\/679, v\u00e1s informujeme o na\u0161ich z\u00e1sad\u00e1ch [&hellip;]<\/p>\n","protected":false},"author":1,"featured_media":0,"parent":0,"menu_order":0,"comment_status":"closed","ping_status":"closed","template":"elementor_header_footer","meta":{"_acf_changed":false,"footnotes":""},"class_list":["post-1198","page","type-page","status-publish","hentry"],"acf":[],"_links":{"self":[{"href":"https:\/\/edigit-project.eu\/cs\/wp-json\/wp\/v2\/pages\/1198","targetHints":{"allow":["GET"]}}],"collection":[{"href":"https:\/\/edigit-project.eu\/cs\/wp-json\/wp\/v2\/pages"}],"about":[{"href":"https:\/\/edigit-project.eu\/cs\/wp-json\/wp\/v2\/types\/page"}],"author":[{"embeddable":true,"href":"https:\/\/edigit-project.eu\/cs\/wp-json\/wp\/v2\/users\/1"}],"replies":[{"embeddable":true,"href":"https:\/\/edigit-project.eu\/cs\/wp-json\/wp\/v2\/comments?post=1198"}],"version-history":[{"count":1,"href":"https:\/\/edigit-project.eu\/cs\/wp-json\/wp\/v2\/pages\/1198\/revisions"}],"predecessor-version":[{"id":1199,"href":"https:\/\/edigit-project.eu\/cs\/wp-json\/wp\/v2\/pages\/1198\/revisions\/1199"}],"wp:attachment":[{"href":"https:\/\/edigit-project.eu\/cs\/wp-json\/wp\/v2\/media?parent=1198"}],"curies":[{"name":"wp","href":"https:\/\/api.w.org\/{rel}","templated":true}]}}