{"id":1187,"date":"2025-03-06T08:35:14","date_gmt":"2025-03-06T08:35:14","guid":{"rendered":"https:\/\/edigit-project.eu\/zasady-pouzivani-cookies"},"modified":"2025-07-15T12:00:33","modified_gmt":"2025-07-15T12:00:33","slug":"zasady-pouzivani-cookies","status":"publish","type":"page","link":"https:\/\/edigit-project.eu\/cs\/zasady-pouzivani-cookies","title":{"rendered":"Z\u00e1sady pou\u017e\u00edv\u00e1n\u00ed cookies"},"content":{"rendered":"\t\t<div data-elementor-type=\"wp-page\" data-elementor-id=\"1187\" class=\"elementor elementor-1187 elementor-346\" data-elementor-post-type=\"page\">\n\t\t\t\t<div data-dce-background-image-url=\"https:\/\/edigit-project.eu\/wp-content\/uploads\/2025\/03\/EDIGIT-about-bg.png\" class=\"elementor-element elementor-element-a5a8a6e e-flex e-con-boxed e-con e-child\" data-id=\"a5a8a6e\" data-element_type=\"container\" data-e-type=\"container\" data-settings=\"{&quot;background_background&quot;:&quot;classic&quot;}\">\n\t\t\t\t\t<div class=\"e-con-inner\">\n\t\t\t\t\t<\/div>\n\t\t\t\t<\/div>\n\t\t<div class=\"elementor-element elementor-element-e55e798 e-flex e-con-boxed e-con e-child\" data-id=\"e55e798\" data-element_type=\"container\" data-e-type=\"container\" data-settings=\"{&quot;background_background&quot;:&quot;classic&quot;}\">\n\t\t\t\t\t<div class=\"e-con-inner\">\n\t\t\t\t<div class=\"elementor-element elementor-element-48f2668 elementor-widget elementor-widget-heading\" data-id=\"48f2668\" data-element_type=\"widget\" data-e-type=\"widget\" data-widget_type=\"heading.default\">\n\t\t\t\t<div class=\"elementor-widget-container\">\n\t\t\t\t\t<h3 class=\"elementor-heading-title elementor-size-default\">Co jsou cookies?<\/h3>\t\t\t\t<\/div>\n\t\t\t\t<\/div>\n\t\t\t\t<div class=\"elementor-element elementor-element-b4b62b2 elementor-widget elementor-widget-text-editor\" data-id=\"b4b62b2\" data-element_type=\"widget\" data-e-type=\"widget\" data-widget_type=\"text-editor.default\">\n\t\t\t\t<div class=\"elementor-widget-container\">\n\t\t\t\t\t\t\t\t\t<p><span style=\"color: var( --e-global-color-text ); font-size: 1.1rem; background-color: var( --e-global-color-9fde954 );\">Soubor cookie je soubor, kter\u00fd se st\u00e1hne a spust\u00ed ve va\u0161em po\u010d\u00edta\u010di, telefonu nebo mobiln\u00edm za\u0159\u00edzen\u00ed, kdy\u017e nav\u0161t\u00edv\u00edte ur\u010dit\u00e9 webov\u00e9 str\u00e1nky. Cookies umo\u017e\u0148uj\u00ed webov\u00e9 str\u00e1nce mimo jin\u00e9 ukl\u00e1dat a na\u010d\u00edtat informace o n\u00e1vyc\u00edch u\u017eivatele p\u0159i prohl\u00ed\u017een\u00ed str\u00e1nek a rozpoznat u\u017eivatele v z\u00e1vislosti na informac\u00edch, kter\u00e9 obsahuj\u00ed, a na zp\u016fsobu, jak\u00fdm pou\u017e\u00edv\u00e1 sv\u016fj po\u010d\u00edta\u010d. <\/span><\/p><p>Cookies nepo\u0161kozuj\u00ed v\u00e1\u0161 po\u010d\u00edta\u010d a jsou nezbytn\u00e9 pro usnadn\u011bn\u00ed navigace.<\/p>\t\t\t\t\t\t\t\t<\/div>\n\t\t\t\t<\/div>\n\t\t\t\t<div class=\"elementor-element elementor-element-1fa7d75 elementor-widget elementor-widget-heading\" data-id=\"1fa7d75\" data-element_type=\"widget\" data-e-type=\"widget\" data-widget_type=\"heading.default\">\n\t\t\t\t<div class=\"elementor-widget-container\">\n\t\t\t\t\t<h3 class=\"elementor-heading-title elementor-size-default\">K \u010demu se na na\u0161ich webov\u00fdch str\u00e1nk\u00e1ch pou\u017e\u00edvaj\u00ed cookies?<\/h3>\t\t\t\t<\/div>\n\t\t\t\t<\/div>\n\t\t\t\t<div class=\"elementor-element elementor-element-64df693 elementor-widget elementor-widget-text-editor\" data-id=\"64df693\" data-element_type=\"widget\" data-e-type=\"widget\" data-widget_type=\"text-editor.default\">\n\t\t\t\t<div class=\"elementor-widget-container\">\n\t\t\t\t\t\t\t\t\t<p>Soubory cookie jsou nezbytn\u00e9 pro spr\u00e1vnou funkci na\u0161ich webov\u00fdch str\u00e1nek. \u00da\u010delem na\u0161ich cookies je zlep\u0161it u\u017eivatelsk\u00fd z\u00e1\u017eitek z prohl\u00ed\u017een\u00ed. Mohou b\u00fdt pou\u017eity k zapamatov\u00e1n\u00ed va\u0161ich preferenc\u00ed (jazyk, zem\u011b atd.) b\u011bhem navigace a p\u0159i dal\u0161\u00edch n\u00e1v\u0161t\u011bv\u00e1ch.  <\/p><p>Informace shrom\u00e1\u017ed\u011bn\u00e9 v souborech cookie n\u00e1m tak\u00e9 umo\u017e\u0148uj\u00ed vylep\u0161ovat webov\u00e9 str\u00e1nky a p\u0159izp\u016fsobovat je individu\u00e1ln\u00edm z\u00e1jm\u016fm u\u017eivatel\u016f, zrychlovat vyhled\u00e1v\u00e1n\u00ed atd.<\/p>\t\t\t\t\t\t\t\t<\/div>\n\t\t\t\t<\/div>\n\t\t\t\t\t<\/div>\n\t\t\t\t<\/div>\n\t\t<div class=\"elementor-element elementor-element-83a935b e-flex e-con-boxed e-con e-child\" data-id=\"83a935b\" data-element_type=\"container\" data-e-type=\"container\" data-settings=\"{&quot;background_background&quot;:&quot;classic&quot;}\">\n\t\t\t\t\t<div class=\"e-con-inner\">\n\t\t\t\t<div class=\"elementor-element elementor-element-7536efb elementor-widget elementor-widget-heading\" data-id=\"7536efb\" data-element_type=\"widget\" data-e-type=\"widget\" data-widget_type=\"heading.default\">\n\t\t\t\t<div class=\"elementor-widget-container\">\n\t\t\t\t\t<h2 class=\"elementor-heading-title elementor-size-default\">Jak\u00e9 typy cookies na\u0161e webov\u00e9 str\u00e1nky pou\u017e\u00edvaj\u00ed?<\/h2>\t\t\t\t<\/div>\n\t\t\t\t<\/div>\n\t\t\t\t<div class=\"elementor-element elementor-element-5d18eb8 elementor-widget elementor-widget-text-editor\" data-id=\"5d18eb8\" data-element_type=\"widget\" data-e-type=\"widget\" data-widget_type=\"text-editor.default\">\n\t\t\t\t<div class=\"elementor-widget-container\">\n\t\t\t\t\t\t\t\t\t<p><strong>Analytick\u00e9 cookies: <\/strong>Tyto soubory, pokud jsou n\u00e1mi nebo t\u0159et\u00edmi stranami spr\u00e1vn\u011b pou\u017e\u00edv\u00e1ny, n\u00e1m umo\u017e\u0148uj\u00ed kvantifikovat po\u010det u\u017eivatel\u016f a prov\u00e1d\u011bt tak m\u011b\u0159en\u00ed a statistick\u00e9 anal\u00fdzy t\u00fdkaj\u00edc\u00ed se pou\u017e\u00edv\u00e1n\u00ed na\u0161ich slu\u017eeb u\u017eivateli.<\/p><p><strong>Reklamn\u00ed cookies: <\/strong>Tyto cookies, pokud jsou n\u00e1mi nebo t\u0159et\u00edmi stranami \u0159\u00e1dn\u011b pou\u017e\u00edv\u00e1ny, n\u00e1m umo\u017e\u0148uj\u00ed co nejefektivn\u011bji \u0159\u00eddit nab\u00eddku reklamn\u00edho prostoru na webov\u00fdch str\u00e1nk\u00e1ch a p\u0159izp\u016fsobit obsah reklamy obsahu po\u017eadovan\u00e9 slu\u017eby nebo zp\u016fsobu pou\u017e\u00edv\u00e1n\u00ed na\u0161ich webov\u00fdch str\u00e1nek.<\/p>\t\t\t\t\t\t\t\t<\/div>\n\t\t\t\t<\/div>\n\t\t\t\t<div class=\"elementor-element elementor-element-2e1d891 elementor-widget elementor-widget-heading\" data-id=\"2e1d891\" data-element_type=\"widget\" data-e-type=\"widget\" data-widget_type=\"heading.default\">\n\t\t\t\t<div class=\"elementor-widget-container\">\n\t\t\t\t\t<h2 class=\"elementor-heading-title elementor-size-default\">K \u010demu soubory cookie NEPOU\u017d\u00cdV\u00c1ME<\/h2>\t\t\t\t<\/div>\n\t\t\t\t<\/div>\n\t\t\t\t<div class=\"elementor-element elementor-element-8ff11eb elementor-widget elementor-widget-text-editor\" data-id=\"8ff11eb\" data-element_type=\"widget\" data-e-type=\"widget\" data-widget_type=\"text-editor.default\">\n\t\t\t\t<div class=\"elementor-widget-container\">\n\t\t\t\t\t\t\t\t\t<p>Na\u0161e soubory cookie neukl\u00e1daj\u00ed informace o va\u0161\u00ed osobn\u00ed identifikaci, adrese, hesle, \u00fadaj\u00edch o kreditn\u00ed nebo debetn\u00ed kart\u011b atd.<\/p>\t\t\t\t\t\t\t\t<\/div>\n\t\t\t\t<\/div>\n\t\t\t\t\t<\/div>\n\t\t\t\t<\/div>\n\t\t<div class=\"elementor-element elementor-element-f17e5d4 e-flex e-con-boxed e-con e-child\" data-id=\"f17e5d4\" data-element_type=\"container\" data-e-type=\"container\" data-settings=\"{&quot;background_background&quot;:&quot;classic&quot;}\">\n\t\t\t\t\t<div class=\"e-con-inner\">\n\t\t\t\t<div class=\"elementor-element elementor-element-152e3d0 elementor-widget elementor-widget-heading\" data-id=\"152e3d0\" data-element_type=\"widget\" data-e-type=\"widget\" data-widget_type=\"heading.default\">\n\t\t\t\t<div class=\"elementor-widget-container\">\n\t\t\t\t\t<h2 class=\"elementor-heading-title elementor-size-default\">Kdo pou\u017e\u00edv\u00e1 informace obsa\u017een\u00e9 v cookies?<\/h2>\t\t\t\t<\/div>\n\t\t\t\t<\/div>\n\t\t\t\t<div class=\"elementor-element elementor-element-8b824ed elementor-widget elementor-widget-text-editor\" data-id=\"8b824ed\" data-element_type=\"widget\" data-e-type=\"widget\" data-widget_type=\"text-editor.default\">\n\t\t\t\t<div class=\"elementor-widget-container\">\n\t\t\t\t\t\t\t\t\t<p><span data-sheets-root=\"1\">Informace ulo\u017een\u00e9 v souborech cookie t\u011bchto webov\u00fdch str\u00e1nek pou\u017e\u00edv\u00e1me v\u00fdhradn\u011b my, krom\u011b soubor\u016f cookie ozna\u010den\u00fdch n\u00ed\u017ee jako &#8222;soubory cookie t\u0159et\u00edch stran&#8220;. Ty pou\u017e\u00edvaj\u00ed a spravuj\u00ed extern\u00ed subjekty, poskytuj\u00edc\u00ed slu\u017eby ke zlep\u0161en\u00ed na\u0161ich vlastn\u00edch slu\u017eeb a u\u017eivatelsk\u00e9ho z\u00e1\u017eitku p\u0159i prohl\u00ed\u017een\u00ed na\u0161ich webov\u00fdch str\u00e1nek.<\/span><\/p><p><span data-sheets-root=\"1\">Soubory cookie t\u0159et\u00edch stran se pou\u017e\u00edvaj\u00ed p\u0159edev\u0161\u00edm k z\u00edsk\u00e1v\u00e1n\u00ed statistick\u00fdch \u00fadaj\u016f a k zaji\u0161t\u011bn\u00ed prov\u00e1d\u011bn\u00ed platebn\u00edch operac\u00ed.<\/span><\/p>\t\t\t\t\t\t\t\t<\/div>\n\t\t\t\t<\/div>\n\t\t\t\t<div class=\"elementor-element elementor-element-f9883c1 elementor-widget elementor-widget-heading\" data-id=\"f9883c1\" data-element_type=\"widget\" data-e-type=\"widget\" data-widget_type=\"heading.default\">\n\t\t\t\t<div class=\"elementor-widget-container\">\n\t\t\t\t\t<h2 class=\"elementor-heading-title elementor-size-default\">Mohu zabr\u00e1nit pou\u017e\u00edv\u00e1n\u00ed soubor\u016f cookie?<\/h2>\t\t\t\t<\/div>\n\t\t\t\t<\/div>\n\t\t\t\t<div class=\"elementor-element elementor-element-99ecc5f elementor-widget elementor-widget-text-editor\" data-id=\"99ecc5f\" data-element_type=\"widget\" data-e-type=\"widget\" data-widget_type=\"text-editor.default\">\n\t\t\t\t<div class=\"elementor-widget-container\">\n\t\t\t\t\t\t\t\t\t<p>Ano, zaprv\u00e9 mus\u00edte ve sv\u00e9m prohl\u00ed\u017ee\u010di zak\u00e1zat soubory cookie a zadruh\u00e9 vymazat soubory cookie ulo\u017een\u00e9 v prohl\u00ed\u017ee\u010di a souvisej\u00edc\u00ed s touto webovou str\u00e1nkou.<\/p><p>Soubory cookie z t\u00e9to webov\u00e9 str\u00e1nky m\u016f\u017eete kdykoli omezit, zablokovat nebo odstranit \u00fapravou nastaven\u00ed prohl\u00ed\u017ee\u010de. Toto nastaven\u00ed je pro ka\u017ed\u00fd prohl\u00ed\u017ee\u010d jin\u00e9. Dal\u0161\u00ed podrobnosti o konfiguraci soubor\u016f cookie ve va\u0161em prohl\u00ed\u017ee\u010di naleznete v nab\u00eddce &#8222;N\u00e1pov\u011bda&#8220; va\u0161eho prohl\u00ed\u017ee\u010de.  <\/p><p><span data-sheets-root=\"1\">Je mo\u017en\u00e9, \u017ee pokud soubory cookie zak\u00e1\u017eete, n\u011bkter\u00e9 funkce webov\u00fdch str\u00e1nek nebudou fungovat.<\/span><\/p>\t\t\t\t\t\t\t\t<\/div>\n\t\t\t\t<\/div>\n\t\t\t\t\t<\/div>\n\t\t\t\t<\/div>\n\t\t<div class=\"elementor-element elementor-element-2ba4c3d e-flex e-con-boxed e-con e-child\" data-id=\"2ba4c3d\" data-element_type=\"container\" data-e-type=\"container\" data-settings=\"{&quot;background_background&quot;:&quot;classic&quot;}\">\n\t\t\t\t\t<div class=\"e-con-inner\">\n\t\t\t\t<div class=\"elementor-element elementor-element-4d527bc elementor-widget elementor-widget-heading\" data-id=\"4d527bc\" data-element_type=\"widget\" data-e-type=\"widget\" data-widget_type=\"heading.default\">\n\t\t\t\t<div class=\"elementor-widget-container\">\n\t\t\t\t\t<h2 class=\"elementor-heading-title elementor-size-default\">Seznam cookies, kter\u00e9 na\u0161e webov\u00e9 str\u00e1nky pou\u017e\u00edvaj\u00ed<\/h2>\t\t\t\t<\/div>\n\t\t\t\t<\/div>\n\t\t\t\t<div class=\"elementor-element elementor-element-02e1472 elementor-widget elementor-widget-text-editor\" data-id=\"02e1472\" data-element_type=\"widget\" data-e-type=\"widget\" data-widget_type=\"text-editor.default\">\n\t\t\t\t<div class=\"elementor-widget-container\">\n\t\t\t\t\t\t\t\t\t<p><b>Technick\u00e9 cookies a cookies pro uzp\u016fsoben\u00ed pot\u0159eb<\/b><\/p><p><span data-sheets-root=\"1\">Tyto cookies se pou\u017e\u00edvaj\u00ed k identifikaci u\u017eivatele b\u011bhem relace, k tomu, aby u\u017eivatel nemusel opakovat procesy ov\u011b\u0159ov\u00e1n\u00ed na webov\u00fdch str\u00e1nk\u00e1ch. D\u00e1le k urychlen\u00ed n\u011bkter\u00fdch proces\u016f na webov\u00fdch str\u00e1nk\u00e1ch, k zapamatov\u00e1n\u00ed ji\u017e nav\u0161t\u00edven\u00fdch str\u00e1nek nebo zapamatov\u00e1n\u00ed voleb proveden\u00fdch b\u011bhem relace \u010di p\u0159i dal\u0161\u00edch p\u0159\u00edstupech atd.<\/span><\/p>\t\t\t\t\t\t\t\t<\/div>\n\t\t\t\t<\/div>\n\t\t\t\t<div class=\"elementor-element elementor-element-46ddcda eael-dt-th-align-center eael-table-align-center elementor-widget elementor-widget-eael-data-table\" data-id=\"46ddcda\" data-element_type=\"widget\" data-e-type=\"widget\" data-widget_type=\"eael-data-table.default\">\n\t\t\t\t<div class=\"elementor-widget-container\">\n\t\t\t\t\t<style>\n\t\t\t@media (max-width: 767px) {\n\t\t\t   #eael-data-table-wrapper-46ddcda.custom-responsive-option-enable .eael-data-table thead {\n                    display: none;\n               }\n               #eael-data-table-wrapper-46ddcda.custom-responsive-option-enable .eael-data-table tbody tr td {\n                    float: none;\n                    clear: left;\n                    width: 100%;\n                    text-align: left;\n                    display: flex;\n                    align-items: center;\n                }\n\t\t\t}\n\t\t\t<\/style>\t\t<div class=\"eael-data-table-wrap custom-responsive-option-enable\" data-table_id=\"46ddcda\" id=\"eael-data-table-wrapper-46ddcda\" data-custom_responsive=\"true\">\n\t\t\t<table class=\"tablesorter eael-data-table center\" id=\"eael-data-table-46ddcda\">\n\t\t\t    <thead>\n\t\t\t        <tr class=\"table-header\">\n\t\t\t\t\t\t\t\t\t            <th class=\"\" id=\"\" colspan=\"\">\n\t\t\t\t\t\t\t\t\t\t\t\t\t\t<span class=\"data-table-header-text\">COOKIES<\/span><\/th>\n\t\t\t        \t\t\t\t            <th class=\"\" id=\"\" colspan=\"\">\n\t\t\t\t\t\t\t\t\t\t\t\t\t\t<span class=\"data-table-header-text\">\u00da\u010cEL<\/span><\/th>\n\t\t\t        \t\t\t\t            <th class=\"\" id=\"\" colspan=\"\">\n\t\t\t\t\t\t\t\t\t\t\t\t\t\t<span class=\"data-table-header-text\">DOBA TRV\u00c1N\u00cd<\/span><\/th>\n\t\t\t        \t\t\t\t            <th class=\"\" id=\"\" colspan=\"\">\n\t\t\t\t\t\t\t\t\t\t\t\t\t\t<span class=\"data-table-header-text\">MANAGEMENT<\/span><\/th>\n\t\t\t        \t\t\t\t        <\/tr>\n\t\t\t    <\/thead>\n\t\t\t  \t<tbody>\n\t\t\t\t\t\t\t\t\t\t\t<tr>\n\t\t\t\t\t\t\t\t\t\t\t\t\t\t\t\t   \t\t\t\t\t\t\t\t\t\t\t<td colspan=\"\" rowspan=\"\" class=\"\" id=\"\">\n\t\t\t\t\t\t\t\t\t\t\t\t<div class=\"td-content-wrapper\"><div class=\"td-content\">\n\t\t\t\t\t\t\t\t\t\t\t\t\tIdentifikace u\u017eivatele\t\t\t\t\t\t\t\t\t\t\t\t<\/div><\/div>\n\t\t\t\t\t\t\t\t\t\t\t<\/td>\n\t\t\t\t\t\t\t\t\t\t\t\t\t\t\t\t\t\t\t\t\t\t\t\t\t\t\t\t\t   \t\t\t\t\t\t\t\t\t\t\t<td colspan=\"\" rowspan=\"\" class=\"justify\" id=\"\">\n\t\t\t\t\t\t\t\t\t\t\t\t<div class=\"td-content-wrapper\"><div class=\"td-content\">\n\t\t\t\t\t\t\t\t\t\t\t\t\tSlou\u017e\u00ed k identifikaci a ov\u011b\u0159en\u00ed u\u017eivatele. Obsahuj\u00ed tak\u00e9 technick\u00e9 \u00fadaje z relace u\u017eivatele, jako je \u010dasov\u00fd limit p\u0159ipojen\u00ed, identifik\u00e1tor relace atd. \t\t\t\t\t\t\t\t\t\t\t\t<\/div><\/div>\n\t\t\t\t\t\t\t\t\t\t\t<\/td>\n\t\t\t\t\t\t\t\t\t\t\t\t\t\t\t\t\t\t\t\t\t\t\t\t\t\t\t\t\t   \t\t\t\t\t\t\t\t\t\t\t<td colspan=\"\" rowspan=\"\" class=\"\" id=\"\">\n\t\t\t\t\t\t\t\t\t\t\t\t<div class=\"td-content-wrapper\"><div class=\"td-content\">\n\t\t\t\t\t\t\t\t\t\t\t\t\tRelace\t\t\t\t\t\t\t\t\t\t\t\t<\/div><\/div>\n\t\t\t\t\t\t\t\t\t\t\t<\/td>\n\t\t\t\t\t\t\t\t\t\t\t\t\t\t\t\t\t\t\t\t\t\t\t\t\t\t\t\t\t   \t\t\t\t\t\t\t\t\t\t\t<td colspan=\"\" rowspan=\"\" class=\"\" id=\"\">\n\t\t\t\t\t\t\t\t\t\t\t\t<div class=\"td-content-wrapper\"><div class=\"td-content\">\n\t\t\t\t\t\t\t\t\t\t\t\t\tEDIGIT\t\t\t\t\t\t\t\t\t\t\t\t<\/div><\/div>\n\t\t\t\t\t\t\t\t\t\t\t<\/td>\n\t\t\t\t\t\t\t\t\t\t\t\t\t\t\t\t\t\t\t\t\t\t\t\t\t\t<\/tr>\n\t\t\t        \t\t\t\t\t\t<tr>\n\t\t\t\t\t\t\t\t\t\t\t\t\t\t\t\t   \t\t\t\t\t\t\t\t\t\t\t<td colspan=\"\" rowspan=\"\" class=\"\" id=\"\">\n\t\t\t\t\t\t\t\t\t\t\t\t<div class=\"td-content-wrapper\"><div class=\"td-content\">\n\t\t\t\t\t\t\t\t\t\t\t\t\tIdentifikace relace\t\t\t\t\t\t\t\t\t\t\t\t<\/div><\/div>\n\t\t\t\t\t\t\t\t\t\t\t<\/td>\n\t\t\t\t\t\t\t\t\t\t\t\t\t\t\t\t\t\t\t\t\t\t\t\t\t\t\t\t\t   \t\t\t\t\t\t\t\t\t\t\t<td colspan=\"\" rowspan=\"\" class=\"justify\" id=\"\">\n\t\t\t\t\t\t\t\t\t\t\t\t<div class=\"td-content-wrapper\"><div class=\"td-content\">\n\t\t\t\t\t\t\t\t\t\t\t\t\tIdentifikuj\u00ed relaci http u\u017eivatele. Jsou b\u011b\u017en\u00e9 ve v\u0161ech webov\u00fdch aplikac\u00edch a slou\u017e\u00ed k identifikaci po\u017eadavk\u016f z relace u\u017eivatele. \t\t\t\t\t\t\t\t\t\t\t\t<\/div><\/div>\n\t\t\t\t\t\t\t\t\t\t\t<\/td>\n\t\t\t\t\t\t\t\t\t\t\t\t\t\t\t\t\t\t\t\t\t\t\t\t\t\t\t\t\t   \t\t\t\t\t\t\t\t\t\t\t<td colspan=\"\" rowspan=\"\" class=\"\" id=\"\">\n\t\t\t\t\t\t\t\t\t\t\t\t<div class=\"td-content-wrapper\"><div class=\"td-content\">\n\t\t\t\t\t\t\t\t\t\t\t\t\tRelace\t\t\t\t\t\t\t\t\t\t\t\t<\/div><\/div>\n\t\t\t\t\t\t\t\t\t\t\t<\/td>\n\t\t\t\t\t\t\t\t\t\t\t\t\t\t\t\t\t\t\t\t\t\t\t\t\t\t\t\t\t   \t\t\t\t\t\t\t\t\t\t\t<td colspan=\"\" rowspan=\"\" class=\"\" id=\"\">\n\t\t\t\t\t\t\t\t\t\t\t\t<div class=\"td-content-wrapper\"><div class=\"td-content\">\n\t\t\t\t\t\t\t\t\t\t\t\t\tEDIGIT\t\t\t\t\t\t\t\t\t\t\t\t<\/div><\/div>\n\t\t\t\t\t\t\t\t\t\t\t<\/td>\n\t\t\t\t\t\t\t\t\t\t\t\t\t\t\t\t\t\t\t\t\t\t\t\t\t\t<\/tr>\n\t\t\t        \t\t\t\t\t\t<tr>\n\t\t\t\t\t\t\t\t\t\t\t\t\t\t\t\t   \t\t\t\t\t\t\t\t\t\t\t<td colspan=\"\" rowspan=\"\" class=\"\" id=\"\">\n\t\t\t\t\t\t\t\t\t\t\t\t<div class=\"td-content-wrapper\"><div class=\"td-content\">\n\t\t\t\t\t\t\t\t\t\t\t\t\tNaviga\u010dn\u00ed status\t\t\t\t\t\t\t\t\t\t\t\t<\/div><\/div>\n\t\t\t\t\t\t\t\t\t\t\t<\/td>\n\t\t\t\t\t\t\t\t\t\t\t\t\t\t\t\t\t\t\t\t\t\t\t\t\t\t\t\t\t   \t\t\t\t\t\t\t\t\t\t\t<td colspan=\"\" rowspan=\"\" class=\"justify\" id=\"\">\n\t\t\t\t\t\t\t\t\t\t\t\t<div class=\"td-content-wrapper\"><div class=\"td-content\">\n\t\t\t\t\t\t\t\t\t\t\t\t\tPom\u00e1haj\u00ed identifikovat stav proch\u00e1zen\u00ed u\u017eivatele (p\u0159ihl\u00e1\u0161en\u00ed, prvn\u00ed str\u00e1nka, prvn\u00ed p\u0159\u00edstup, stav proch\u00e1zen\u00ed, stav hlasov\u00e1n\u00ed atd.).\t\t\t\t\t\t\t\t\t\t\t\t<\/div><\/div>\n\t\t\t\t\t\t\t\t\t\t\t<\/td>\n\t\t\t\t\t\t\t\t\t\t\t\t\t\t\t\t\t\t\t\t\t\t\t\t\t\t\t\t\t   \t\t\t\t\t\t\t\t\t\t\t<td colspan=\"\" rowspan=\"\" class=\"\" id=\"\">\n\t\t\t\t\t\t\t\t\t\t\t\t<div class=\"td-content-wrapper\"><div class=\"td-content\">\n\t\t\t\t\t\t\t\t\t\t\t\t\tRelace\t\t\t\t\t\t\t\t\t\t\t\t<\/div><\/div>\n\t\t\t\t\t\t\t\t\t\t\t<\/td>\n\t\t\t\t\t\t\t\t\t\t\t\t\t\t\t\t\t\t\t\t\t\t\t\t\t\t\t\t\t   \t\t\t\t\t\t\t\t\t\t\t<td colspan=\"\" rowspan=\"\" class=\"\" id=\"\">\n\t\t\t\t\t\t\t\t\t\t\t\t<div class=\"td-content-wrapper\"><div class=\"td-content\">\n\t\t\t\t\t\t\t\t\t\t\t\t\tEDIGIT\t\t\t\t\t\t\t\t\t\t\t\t<\/div><\/div>\n\t\t\t\t\t\t\t\t\t\t\t<\/td>\n\t\t\t\t\t\t\t\t\t\t\t\t\t\t\t\t\t\t\t\t\t\t\t\t\t\t<\/tr>\n\t\t\t        \t\t\t    <\/tbody>\n\t\t\t<\/table>\n\t\t<\/div>\n\t  \t\t\t\t\t<\/div>\n\t\t\t\t<\/div>\n\t\t\t\t<div class=\"elementor-element elementor-element-c950578 elementor-widget elementor-widget-text-editor\" data-id=\"c950578\" data-element_type=\"widget\" data-e-type=\"widget\" data-widget_type=\"text-editor.default\">\n\t\t\t\t<div class=\"elementor-widget-container\">\n\t\t\t\t\t\t\t\t\t<p><strong>Cookies pro anal\u00fdzu navigace<\/strong><\/p><p><span data-sheets-root=\"1\">Tyto soubory cookie z\u00edsk\u00e1vaj\u00ed obecn\u00e9 informace o p\u0159\u00edstupech u\u017eivatel\u016f na webov\u00e9 str\u00e1nky (nikoli o jejich obsahu), aby n\u00e1m n\u00e1sledn\u011b poskytly informace o t\u011bchto p\u0159\u00edstupech pro statistick\u00e9 \u00fa\u010dely.<\/span><\/p>\t\t\t\t\t\t\t\t<\/div>\n\t\t\t\t<\/div>\n\t\t\t\t<div class=\"elementor-element elementor-element-98fc34a eael-dt-th-align-center eael-table-align-center elementor-widget elementor-widget-eael-data-table\" data-id=\"98fc34a\" data-element_type=\"widget\" data-e-type=\"widget\" data-widget_type=\"eael-data-table.default\">\n\t\t\t\t<div class=\"elementor-widget-container\">\n\t\t\t\t\t<style>\n\t\t\t@media (max-width: 767px) {\n\t\t\t   #eael-data-table-wrapper-98fc34a.custom-responsive-option-enable .eael-data-table thead {\n                    display: none;\n               }\n               #eael-data-table-wrapper-98fc34a.custom-responsive-option-enable .eael-data-table tbody tr td {\n                    float: none;\n                    clear: left;\n                    width: 100%;\n                    text-align: left;\n                    display: flex;\n                    align-items: center;\n                }\n\t\t\t}\n\t\t\t<\/style>\t\t<div class=\"eael-data-table-wrap custom-responsive-option-enable\" data-table_id=\"98fc34a\" id=\"eael-data-table-wrapper-98fc34a\" data-custom_responsive=\"true\">\n\t\t\t<table class=\"tablesorter eael-data-table center\" id=\"eael-data-table-98fc34a\">\n\t\t\t    <thead>\n\t\t\t        <tr class=\"table-header\">\n\t\t\t\t\t\t\t\t\t            <th class=\"\" id=\"\" colspan=\"\">\n\t\t\t\t\t\t\t\t\t\t\t\t\t\t<span class=\"data-table-header-text\">COOKIES<\/span><\/th>\n\t\t\t        \t\t\t\t            <th class=\"\" id=\"\" colspan=\"\">\n\t\t\t\t\t\t\t\t\t\t\t\t\t\t<span class=\"data-table-header-text\">\u00da\u010cEL<\/span><\/th>\n\t\t\t        \t\t\t\t            <th class=\"\" id=\"\" colspan=\"\">\n\t\t\t\t\t\t\t\t\t\t\t\t\t\t<span class=\"data-table-header-text\">DOBA TRV\u00c1N\u00cd<\/span><\/th>\n\t\t\t        \t\t\t\t            <th class=\"\" id=\"\" colspan=\"\">\n\t\t\t\t\t\t\t\t\t\t\t\t\t\t<span class=\"data-table-header-text\">MANAGEMENT<\/span><\/th>\n\t\t\t        \t\t\t\t        <\/tr>\n\t\t\t    <\/thead>\n\t\t\t  \t<tbody>\n\t\t\t\t\t\t\t\t\t\t\t<tr>\n\t\t\t\t\t\t\t\t\t\t\t\t\t\t\t\t   \t\t\t\t\t\t\t\t\t\t\t<td colspan=\"\" rowspan=\"\" class=\"\" id=\"\">\n\t\t\t\t\t\t\t\t\t\t\t\t<div class=\"td-content-wrapper\"><div class=\"td-content\">\n\t\t\t\t\t\t\t\t\t\t\t\t\tGoogle Analytics (__utma, __utmb, __utmc, __utmd, __utmv, __utmz, _ga&#8230;)\t\t\t\t\t\t\t\t\t\t\t\t<\/div><\/div>\n\t\t\t\t\t\t\t\t\t\t\t<\/td>\n\t\t\t\t\t\t\t\t\t\t\t\t\t\t\t\t\t\t\t\t\t\t\t\t\t\t\t\t\t   \t\t\t\t\t\t\t\t\t\t\t<td colspan=\"\" rowspan=\"\" class=\"justify\" id=\"\">\n\t\t\t\t\t\t\t\t\t\t\t\t<div class=\"td-content-wrapper\"><div class=\"td-content\">\n\t\t\t\t\t\t\t\t\t\t\t\t\t<p>Umo\u017e\u0148uj\u00ed sledov\u00e1n\u00ed statistik webov\u00fdch str\u00e1nek prost\u0159ednictv\u00edm n\u00e1stroje Google Analytics, co\u017e je slu\u017eba poskytovan\u00e1 spole\u010dnost\u00ed Google k z\u00edsk\u00e1v\u00e1n\u00ed informac\u00ed o p\u0159\u00edstupu u\u017eivatel\u016f na webov\u00e9 str\u00e1nky. N\u011bkter\u00e9 z ukl\u00e1dan\u00fdch \u00fadaj\u016f jsou: po\u010det n\u00e1v\u0161t\u011bv u\u017eivatele na webov\u00fdch str\u00e1nk\u00e1ch, data prvn\u00ed a posledn\u00ed n\u00e1v\u0161t\u011bvy u\u017eivatele, doba trv\u00e1n\u00ed n\u00e1v\u0161t\u011bv, ze kter\u00e9 str\u00e1nky u\u017eivatel na webov\u00e9 str\u00e1nky vstoupil, kter\u00fd vyhled\u00e1va\u010d pou\u017eil nebo na kter\u00fd odkaz kliknul, z kter\u00e9 \u010d\u00e1sti sv\u011bta na webov\u00e9 str\u00e1nky vstoupil atd. Informace vygenerovan\u00e9 souborem cookie o pou\u017e\u00edv\u00e1n\u00ed webov\u00e9 str\u00e1nky budou p\u0159\u00edmo p\u0159ed\u00e1ny a ulo\u017eeny spole\u010dnost\u00ed Google Inc. (spole\u010dnost se s\u00eddlem ve Spojen\u00fdch st\u00e1tech americk\u00fdch). Konfigurace t\u011bchto soubor\u016f cookie je p\u0159edur\u010dena slu\u017ebou nab\u00edzenou spole\u010dnost\u00ed Google, proto doporu\u010dujeme, abyste se sezn\u00e1mili se str\u00e1nkou o <a href=\"https:\/\/policies.google.com\/technologies\/cookies\" target=\"_blank\" rel=\"noopener\">ochran\u011b osobn\u00edch \u00fadaj\u016f slu\u017eby Google Analytics na adrese<\/a>, kde naleznete dal\u0161\u00ed informace o souborech cookie, kter\u00e9 pou\u017e\u00edv\u00e1, a o tom, jak je zak\u00e1zat (m\u011bjte na pam\u011bti, \u017ee nejsme zodpov\u011bdn\u00ed za obsah a spr\u00e1vnost webov\u00fdch str\u00e1nek t\u0159et\u00edch stran).   <\/p>\n\t\t\t\t\t\t\t\t\t\t\t\t<\/div><\/div>\n\t\t\t\t\t\t\t\t\t\t\t<\/td>\n\t\t\t\t\t\t\t\t\t\t\t\t\t\t\t\t\t\t\t\t\t\t\t\t\t\t\t\t\t   \t\t\t\t\t\t\t\t\t\t\t<td colspan=\"\" rowspan=\"\" class=\"\" id=\"\">\n\t\t\t\t\t\t\t\t\t\t\t\t<div class=\"td-content-wrapper\"><div class=\"td-content\">\n\t\t\t\t\t\t\t\t\t\t\t\t\tTrval\u00e9\t\t\t\t\t\t\t\t\t\t\t\t<\/div><\/div>\n\t\t\t\t\t\t\t\t\t\t\t<\/td>\n\t\t\t\t\t\t\t\t\t\t\t\t\t\t\t\t\t\t\t\t\t\t\t\t\t\t\t\t\t   \t\t\t\t\t\t\t\t\t\t\t<td colspan=\"\" rowspan=\"\" class=\"\" id=\"\">\n\t\t\t\t\t\t\t\t\t\t\t\t<div class=\"td-content-wrapper\"><div class=\"td-content\">\n\t\t\t\t\t\t\t\t\t\t\t\t\tT\u0159et\u00ed strany\t\t\t\t\t\t\t\t\t\t\t\t<\/div><\/div>\n\t\t\t\t\t\t\t\t\t\t\t<\/td>\n\t\t\t\t\t\t\t\t\t\t\t\t\t\t\t\t\t\t\t\t\t\t\t\t\t\t<\/tr>\n\t\t\t        \t\t\t    <\/tbody>\n\t\t\t<\/table>\n\t\t<\/div>\n\t  \t\t\t\t\t<\/div>\n\t\t\t\t<\/div>\n\t\t\t\t\t<\/div>\n\t\t\t\t<\/div>\n\t\t\t\t<\/div>\n\t\t","protected":false},"excerpt":{"rendered":"<p>Co jsou cookies? Soubor cookie je soubor, kter\u00fd se st\u00e1hne a spust\u00ed ve va\u0161em po\u010d\u00edta\u010di, telefonu nebo mobiln\u00edm za\u0159\u00edzen\u00ed, kdy\u017e nav\u0161t\u00edv\u00edte ur\u010dit\u00e9 webov\u00e9 str\u00e1nky. Cookies umo\u017e\u0148uj\u00ed webov\u00e9 str\u00e1nce mimo jin\u00e9 ukl\u00e1dat a na\u010d\u00edtat informace o n\u00e1vyc\u00edch u\u017eivatele p\u0159i prohl\u00ed\u017een\u00ed str\u00e1nek a rozpoznat u\u017eivatele v z\u00e1vislosti na informac\u00edch, kter\u00e9 obsahuj\u00ed, a na zp\u016fsobu, jak\u00fdm pou\u017e\u00edv\u00e1 sv\u016fj [&hellip;]<\/p>\n","protected":false},"author":1,"featured_media":0,"parent":0,"menu_order":0,"comment_status":"closed","ping_status":"closed","template":"elementor_header_footer","meta":{"_acf_changed":false,"footnotes":""},"class_list":["post-1187","page","type-page","status-publish","hentry"],"acf":[],"_links":{"self":[{"href":"https:\/\/edigit-project.eu\/cs\/wp-json\/wp\/v2\/pages\/1187","targetHints":{"allow":["GET"]}}],"collection":[{"href":"https:\/\/edigit-project.eu\/cs\/wp-json\/wp\/v2\/pages"}],"about":[{"href":"https:\/\/edigit-project.eu\/cs\/wp-json\/wp\/v2\/types\/page"}],"author":[{"embeddable":true,"href":"https:\/\/edigit-project.eu\/cs\/wp-json\/wp\/v2\/users\/1"}],"replies":[{"embeddable":true,"href":"https:\/\/edigit-project.eu\/cs\/wp-json\/wp\/v2\/comments?post=1187"}],"version-history":[{"count":1,"href":"https:\/\/edigit-project.eu\/cs\/wp-json\/wp\/v2\/pages\/1187\/revisions"}],"predecessor-version":[{"id":1188,"href":"https:\/\/edigit-project.eu\/cs\/wp-json\/wp\/v2\/pages\/1187\/revisions\/1188"}],"wp:attachment":[{"href":"https:\/\/edigit-project.eu\/cs\/wp-json\/wp\/v2\/media?parent=1187"}],"curies":[{"name":"wp","href":"https:\/\/api.w.org\/{rel}","templated":true}]}}